{"id":2581,"date":"2024-03-19T06:31:34","date_gmt":"2024-03-19T06:31:34","guid":{"rendered":"https:\/\/b2c.fairs.vn\/?post_type=product&#038;p=2581"},"modified":"2024-03-27T09:16:24","modified_gmt":"2024-03-27T02:16:24","slug":"tra-son-kim-cuc","status":"publish","type":"product","link":"https:\/\/b2c.fairs.vn\/en\/product\/tra-son-kim-cuc\/","title":{"rendered":"TR\u00c0 S\u01a0N KIM C\u00daC"},"content":{"rendered":"<p><strong>S\u01a0N KIM C\u00daC<\/strong>\u00a0danh tr\u00e0.<\/p>\n<p>T\u1eeb xa x\u01b0a, tr\u00ean n\u00fai Th\u00fay c\u00f3 lo\u00e0i c\u00fac v\u00e0ng, c\u00e1nh l\u00e1 nh\u1ecf, r\u1ea5t qu\u00fd hi\u1ebfm, ng\u01b0\u1eddi d\u00e2n \u0111\u1ecba ph\u01b0\u01a1ng g\u1ecdi l\u00e0 s\u01a1n kim c\u00fac, ngh\u0129a l\u00e0 c\u00fac m\u1ecdc tr\u00ean n\u00fai \u0111\u00e1 qu\u00fd hi\u1ebfm nh\u01b0 v\u00e0ng. V\u00ec c\u00fac m\u1ecdc t\u1ef1 nhi\u00ean, h\u00fat s\u01b0\u01a1ng tr\u1eddi kh\u00ed n\u00fai m\u00e0 s\u1ed1ng n\u00ean r\u1ea5t tinh khi\u1ebft.<\/p>\n<p>V\u00ec v\u1eady ng\u01b0\u1eddi d\u00e2n Ninh B\u00ecnh bao \u0111\u1eddi nay lu\u00f4n t\u1ef1 h\u00e0o v\u1ec1 th\u1ee9 tr\u00e0 \u0111\u1eb7c s\u1eafc c\u1ee7a qu\u00ea h\u01b0\u01a1ng n\u00fai Th\u00fay s\u00f4ng V\u00e2n h\u1eefu t\u00ecnh m\u00e0 v\u1ecbnh r\u1eb1ng:<\/p>\n<p><i><strong>Ng\u01b0\u1eddi v\u1ec1 Non N\u01b0\u1edbc qu\u00ea ta<\/strong><\/i><\/p>\n<p><i><strong>H\u01b0\u01a1ng tr\u00e0 kim c\u00fac \u0111\u1eadm \u0111\u00e0 t\u00ecnh chung<\/strong><\/i><\/p>","protected":false},"excerpt":{"rendered":"<p>S\u01a0N KIM C\u00daC\u00a0danh tr\u00e0. T\u1eeb xa x\u01b0a, tr\u00ean n\u00fai Th\u00fay c\u00f3 lo\u00e0i c\u00fac v\u00e0ng, c\u00e1nh l\u00e1 nh\u1ecf, r\u1ea5t qu\u00fd hi\u1ebfm,<\/p>","protected":false},"featured_media":2574,"comment_status":"open","ping_status":"closed","template":"","meta":{"_acf_changed":false},"product_cat":[321,332,22,333,323],"product_tag":[],"class_list":{"0":"post-2581","1":"product","2":"type-product","3":"status-publish","4":"has-post-thumbnail","6":"product_cat-che","7":"product_cat-san-pham-duoc-lieu-va-san-pham-tu-duoc-lieu","8":"product_cat-sanphamthucpham","9":"product_cat-thuc-pham-chuc-nang-thuoc-duoc-lieu-thuoc-y-hoc-co-truyen","10":"product_cat-san-pham-tra-tu-thuc-vat-khac","12":"first","13":"instock","14":"shipping-taxable","15":"purchasable","16":"product-type-simple"},"acf":[],"_links":{"self":[{"href":"https:\/\/b2c.fairs.vn\/en\/wp-json\/wp\/v2\/product\/2581","targetHints":{"allow":["GET"]}}],"collection":[{"href":"https:\/\/b2c.fairs.vn\/en\/wp-json\/wp\/v2\/product"}],"about":[{"href":"https:\/\/b2c.fairs.vn\/en\/wp-json\/wp\/v2\/types\/product"}],"replies":[{"embeddable":true,"href":"https:\/\/b2c.fairs.vn\/en\/wp-json\/wp\/v2\/comments?post=2581"}],"version-history":[{"count":0,"href":"https:\/\/b2c.fairs.vn\/en\/wp-json\/wp\/v2\/product\/2581\/revisions"}],"wp:featuredmedia":[{"embeddable":true,"href":"https:\/\/b2c.fairs.vn\/en\/wp-json\/wp\/v2\/media\/2574"}],"wp:attachment":[{"href":"https:\/\/b2c.fairs.vn\/en\/wp-json\/wp\/v2\/media?parent=2581"}],"wp:term":[{"taxonomy":"product_cat","embeddable":true,"href":"https:\/\/b2c.fairs.vn\/en\/wp-json\/wp\/v2\/product_cat?post=2581"},{"taxonomy":"product_tag","embeddable":true,"href":"https:\/\/b2c.fairs.vn\/en\/wp-json\/wp\/v2\/product_tag?post=2581"}],"curies":[{"name":"wp","href":"https:\/\/api.w.org\/{rel}","templated":true}]}}