{"id":2578,"date":"2024-03-19T06:28:34","date_gmt":"2024-03-19T06:28:34","guid":{"rendered":"https:\/\/b2c.fairs.vn\/?post_type=product&#038;p=2578"},"modified":"2024-03-27T09:07:12","modified_gmt":"2024-03-27T02:07:12","slug":"tra-tui-loc-che-day","status":"publish","type":"product","link":"https:\/\/b2c.fairs.vn\/en\/product\/tra-tui-loc-che-day\/","title":{"rendered":"TR\u00c0 T\u00daI L\u1eccC CH\u00c8 D\u00c2Y"},"content":{"rendered":"<p>Th\u00e0nh ph\u1ea7n d\u01b0\u1ee3c t\u00ednh c\u00f3 trong c\u00e2y ch\u00e8 d\u00e2y h\u1ed7 tr\u1ee3 ch\u1eefa b\u1ec7nh d\u1ea1 d\u00e0y hi\u1ec7u qu\u1ea3. \u0110\u1eb7c bi\u1ec7t l\u00e0 ch\u00e8 d\u00e2y l\u00e0nh t\u00ednh, \u0111i\u1ec1u tr\u1ecb d\u1ee9t \u0111i\u1ec3m \u0111au d\u1ea1 d\u00e0y, kh\u00f4ng \u0111\u1ec3 ph\u00e1t \u0111i ph\u00e1t l\u1ea1i nhi\u1ec1u l\u1ea7n, kh\u00f4ng c\u00f3 t\u00e1c d\u1ee5ng ph\u1ee5.<\/p>","protected":false},"excerpt":{"rendered":"<p>Th\u00e0nh ph\u1ea7n d\u01b0\u1ee3c t\u00ednh c\u00f3 trong c\u00e2y ch\u00e8 d\u00e2y h\u1ed7 tr\u1ee3 ch\u1eefa b\u1ec7nh d\u1ea1 d\u00e0y hi\u1ec7u qu\u1ea3. \u0110\u1eb7c bi\u1ec7t l\u00e0<\/p>","protected":false},"featured_media":2573,"comment_status":"open","ping_status":"closed","template":"","meta":{"_acf_changed":false},"product_cat":[321,332,22,333,323],"product_tag":[],"class_list":{"0":"post-2578","1":"product","2":"type-product","3":"status-publish","4":"has-post-thumbnail","6":"product_cat-che","7":"product_cat-san-pham-duoc-lieu-va-san-pham-tu-duoc-lieu","8":"product_cat-sanphamthucpham","9":"product_cat-thuc-pham-chuc-nang-thuoc-duoc-lieu-thuoc-y-hoc-co-truyen","10":"product_cat-san-pham-tra-tu-thuc-vat-khac","12":"first","13":"instock","14":"shipping-taxable","15":"purchasable","16":"product-type-simple"},"acf":[],"_links":{"self":[{"href":"https:\/\/b2c.fairs.vn\/en\/wp-json\/wp\/v2\/product\/2578","targetHints":{"allow":["GET"]}}],"collection":[{"href":"https:\/\/b2c.fairs.vn\/en\/wp-json\/wp\/v2\/product"}],"about":[{"href":"https:\/\/b2c.fairs.vn\/en\/wp-json\/wp\/v2\/types\/product"}],"replies":[{"embeddable":true,"href":"https:\/\/b2c.fairs.vn\/en\/wp-json\/wp\/v2\/comments?post=2578"}],"version-history":[{"count":0,"href":"https:\/\/b2c.fairs.vn\/en\/wp-json\/wp\/v2\/product\/2578\/revisions"}],"wp:featuredmedia":[{"embeddable":true,"href":"https:\/\/b2c.fairs.vn\/en\/wp-json\/wp\/v2\/media\/2573"}],"wp:attachment":[{"href":"https:\/\/b2c.fairs.vn\/en\/wp-json\/wp\/v2\/media?parent=2578"}],"wp:term":[{"taxonomy":"product_cat","embeddable":true,"href":"https:\/\/b2c.fairs.vn\/en\/wp-json\/wp\/v2\/product_cat?post=2578"},{"taxonomy":"product_tag","embeddable":true,"href":"https:\/\/b2c.fairs.vn\/en\/wp-json\/wp\/v2\/product_tag?post=2578"}],"curies":[{"name":"wp","href":"https:\/\/api.w.org\/{rel}","templated":true}]}}