{"id":2571,"date":"2024-03-19T06:27:03","date_gmt":"2024-03-19T06:27:03","guid":{"rendered":"https:\/\/b2c.fairs.vn\/?post_type=product&#038;p=2571"},"modified":"2024-03-19T06:27:04","modified_gmt":"2024-03-19T06:27:04","slug":"tra-tui-loc-ca-gai-leo-gao-lut","status":"publish","type":"product","link":"https:\/\/b2c.fairs.vn\/en\/product\/tra-tui-loc-ca-gai-leo-gao-lut\/","title":{"rendered":"TR\u00c0 T\u00daI L\u1eccC C\u00c0 GAI LEO G\u1ea0O L\u1ee8T"},"content":{"rendered":"<p>X\u00e9t v\u1ec1 m\u1eb7t d\u01b0\u1ee3c t\u00ednh:\u00a0<strong>C\u00e0 gai leo<\/strong>\u00a0c\u00f3 t\u00ednh \u1ea5m, v\u1ecb h\u01a1i the, c\u00f3 t\u00e1c d\u1ee5ng gi\u1ea3i \u0111\u1ed9c gan, th\u1eadn v\u00e0 h\u1ed7 tr\u1ee3 t\u0103ng c\u01b0\u1eddng ch\u1ee9c n\u0103ng gan. Trong m\u1ed9t s\u1ed1 b\u00e0i thu\u1ed1c Nam, ng\u01b0\u1eddi ta c\u00f2n s\u1eed d\u1ee5ng lo\u1ea1i c\u00e2y n\u00e0y v\u00e0o vi\u1ec7c h\u1ed7 tr\u1ee3 \u0111i\u1ec1u tr\u1ecb c\u0103n b\u1ec7nh vi\u00eam gan B<br \/>\nC\u00e0 gai leo \u0111\u00e3 \u0111\u01b0\u1ee3c ki\u1ec3m ch\u1ee9ng l\u00e0 c\u00f3 th\u1ec3 h\u1ed7 tr\u1ee3 ch\u1eefa tr\u1ecb hi\u1ec7u qu\u1ea3 nh\u1eefng c\u0103n b\u1ec7nh nh\u01b0:<\/p>\n<ul>\n<li><strong>C\u1ea3i thi\u1ec7n b\u1ec7nh l\u00fd v\u1ec1 gan\u00a0<\/strong><\/li>\n<li><strong>\u1ee8c ch\u1ebf t\u1ebf b\u00e0o ung th\u01b0\u00a0<\/strong><\/li>\n<li><strong>Ng\u0103n ch\u1eb7n oxy h\u00f3a<\/strong><\/li>\n<li><strong>Gi\u1ea3i r\u01b0\u1ee3u\u00a0<\/strong><br \/>\n<strong>\u00a0<\/strong><\/li>\n<\/ul>","protected":false},"excerpt":{"rendered":"<p>X\u00e9t v\u1ec1 m\u1eb7t d\u01b0\u1ee3c t\u00ednh:\u00a0C\u00e0 gai leo\u00a0c\u00f3 t\u00ednh \u1ea5m, v\u1ecb h\u01a1i the, c\u00f3 t\u00e1c d\u1ee5ng gi\u1ea3i \u0111\u1ed9c gan, th\u1eadn v\u00e0<\/p>","protected":false},"featured_media":2572,"comment_status":"open","ping_status":"closed","template":"","meta":{"_acf_changed":false},"product_cat":[321,22,323],"product_tag":[],"class_list":{"0":"post-2571","1":"product","2":"type-product","3":"status-publish","4":"has-post-thumbnail","6":"product_cat-che","7":"product_cat-sanphamthucpham","8":"product_cat-san-pham-tra-tu-thuc-vat-khac","10":"first","11":"instock","12":"shipping-taxable","13":"purchasable","14":"product-type-simple"},"acf":[],"_links":{"self":[{"href":"https:\/\/b2c.fairs.vn\/en\/wp-json\/wp\/v2\/product\/2571","targetHints":{"allow":["GET"]}}],"collection":[{"href":"https:\/\/b2c.fairs.vn\/en\/wp-json\/wp\/v2\/product"}],"about":[{"href":"https:\/\/b2c.fairs.vn\/en\/wp-json\/wp\/v2\/types\/product"}],"replies":[{"embeddable":true,"href":"https:\/\/b2c.fairs.vn\/en\/wp-json\/wp\/v2\/comments?post=2571"}],"version-history":[{"count":0,"href":"https:\/\/b2c.fairs.vn\/en\/wp-json\/wp\/v2\/product\/2571\/revisions"}],"wp:featuredmedia":[{"embeddable":true,"href":"https:\/\/b2c.fairs.vn\/en\/wp-json\/wp\/v2\/media\/2572"}],"wp:attachment":[{"href":"https:\/\/b2c.fairs.vn\/en\/wp-json\/wp\/v2\/media?parent=2571"}],"wp:term":[{"taxonomy":"product_cat","embeddable":true,"href":"https:\/\/b2c.fairs.vn\/en\/wp-json\/wp\/v2\/product_cat?post=2571"},{"taxonomy":"product_tag","embeddable":true,"href":"https:\/\/b2c.fairs.vn\/en\/wp-json\/wp\/v2\/product_tag?post=2571"}],"curies":[{"name":"wp","href":"https:\/\/api.w.org\/{rel}","templated":true}]}}