{"id":2493,"date":"2024-03-19T03:39:46","date_gmt":"2024-03-19T03:39:46","guid":{"rendered":"https:\/\/b2c.fairs.vn\/?post_type=product&#038;p=2493"},"modified":"2024-03-27T14:14:08","modified_gmt":"2024-03-27T07:14:08","slug":"tuong-bat-ma-truy-phong","status":"publish","type":"product","link":"https:\/\/b2c.fairs.vn\/en\/product\/tuong-bat-ma-truy-phong\/","title":{"rendered":"T\u01b0\u1ee3ng B\u00e1t M\u00e3 Truy Phong"},"content":{"rendered":"<div>\n<h3 class=\"text-xl my-5 font-bold\">M\u00f4 t\u1ea3<\/h3>\n<div>\n<p>\u00dd ngh\u0129a phong th\u1ee7y c\u1ee7a T\u01b0\u1ee3ng B\u00e1t M\u00e3 Truy Phong, T\u01b0\u1ee3ng M\u00e3 \u0110\u00e1o Th\u00e0nh C\u00f4ng<\/p>\n<p>Theo\u00a0phong th\u1ee7y, ng\u1ef1a t\u01b0\u1ee3ng tr\u01b0ng cho s\u1ee9c m\u1ea1nh b\u1ec1n b\u1ec9, l\u00f2ng ki\u00ean tr\u00ec, s\u1ef1 \u0111\u1ea3m \u0111ang, th\u00e1o v\u00e1t. Ngo\u00e0i ra, n\u00f3 c\u00f2n \u0111\u01b0\u1ee3c xem l\u00e0 con v\u1eadt mang l\u1ea1i nhi\u1ec1u may m\u1eafn v\u00e0 t\u00e0i l\u1ed9c. T\u00e1m trong ti\u1ebfng h\u00e1n t\u01b0\u1ee3ng tr\u01b0ng v\u1edbi \u201d ph\u00e1t \u201c, t\u01b0\u1ee3ng tr\u01b0ng cho s\u1ef1 th\u0103ng ti\u1ebfn, ph\u00e1t t\u00e0i, ph\u00e1t l\u1ed9c. Nh\u01b0 v\u1eady t\u01b0\u1ee3ng B\u00e1t M\u00e3 Truy Phong t\u01b0\u1ee3ng tr\u01b0ng cho s\u1ee9c m\u1ea1nh v\u00e0 s\u1ef1 th\u1ecbnh v\u01b0\u1ee3ng, s\u1ef1 ki\u00ean nh\u1eabn b\u1ec1n b\u1ec9 l\u00e2u d\u00e0i, mang l\u1ea1i may m\u1eafn t\u00e0i l\u1ed9c, bi\u1ec3u tr\u01b0ng cho kinh doanh ph\u00e1t \u0111\u1ea1t, th\u0103ng ti\u1ebfn quan ch\u1ee9c.<\/p>\n<\/div>\n<\/div>\n<div>\n<div>\n<h3 class=\"text-xl my-5 font-bold\">Th\u00f4ng s\u1ed1 k\u1ef9 thu\u1eadt<\/h3>\n<div>\n<div class=\"my-2 py-2\">Ch\u1ea5t li\u1ec7u<span class=\"mlr-1\">:<\/span><span class=\"ml-1\">\u0110\u1ed3ng \u0111\u1ecf<\/span><\/div>\n<\/div>\n<\/div>\n<\/div>","protected":false},"excerpt":{"rendered":"<div>\n<h3 class=\"text-xl my-5 font-bold\">M\u00f4 t\u1ea3<\/h3>\n<div>\n<p>\u00dd ngh\u0129a phong th\u1ee7y c\u1ee7a T\u01b0\u1ee3ng B\u00e1t M\u00e3 Truy Phong, T\u01b0\u1ee3ng M\u00e3 \u0110\u00e1o Th\u00e0nh C\u00f4ng<\/p>\n<p>Theo\u00a0phong th\u1ee7y, ng\u1ef1a t\u01b0\u1ee3ng tr\u01b0ng cho s\u1ee9c m\u1ea1nh b\u1ec1n b\u1ec9, l\u00f2ng ki\u00ean tr\u00ec, s\u1ef1 \u0111\u1ea3m \u0111ang, th\u00e1o v\u00e1t. Ngo\u00e0i ra, n\u00f3 c\u00f2n \u0111\u01b0\u1ee3c xem l\u00e0 con v\u1eadt mang l\u1ea1i nhi\u1ec1u may m\u1eafn v\u00e0 t\u00e0i l\u1ed9c. T\u00e1m trong ti\u1ebfng h\u00e1n t\u01b0\u1ee3ng tr\u01b0ng v\u1edbi \u201d ph\u00e1t \u201c, t\u01b0\u1ee3ng tr\u01b0ng cho s\u1ef1 th\u0103ng ti\u1ebfn, ph\u00e1t t\u00e0i, ph\u00e1t l\u1ed9c. Nh\u01b0 v\u1eady t\u01b0\u1ee3ng B\u00e1t M\u00e3 Truy Phong t\u01b0\u1ee3ng tr\u01b0ng cho s\u1ee9c m\u1ea1nh v\u00e0 s\u1ef1 th\u1ecbnh v\u01b0\u1ee3ng, s\u1ef1 ki\u00ean nh\u1eabn b\u1ec1n b\u1ec9 l\u00e2u d\u00e0i, mang l\u1ea1i may m\u1eafn t\u00e0i l\u1ed9c, bi\u1ec3u tr\u01b0ng cho kinh doanh ph\u00e1t \u0111\u1ea1t, th\u0103ng ti\u1ebfn quan ch\u1ee9c.<\/p>\n<\/div>\n<\/div>\n<div>\n<div>\n<h3 class=\"text-xl my-5 font-bold\">Th\u00f4ng s\u1ed1 k\u1ef9 thu\u1eadt<\/h3>\n<div>\n<div class=\"my-2 py-2\">Ch\u1ea5t li\u1ec7u<span class=\"mlr-1\">:<\/span><span class=\"ml-1\">\u0110\u1ed3ng \u0111\u1ecf<\/span><\/div>\n<\/div>\n<\/div>\n<\/div>","protected":false},"featured_media":2497,"comment_status":"open","ping_status":"closed","template":"","meta":{"_acf_changed":false},"product_cat":[389,348],"product_tag":[],"class_list":{"0":"post-2493","1":"product","2":"type-product","3":"status-publish","4":"has-post-thumbnail","6":"product_cat-duc-dong","7":"product_cat-thiet-bi-co-khi","9":"first","10":"instock","11":"shipping-taxable","12":"product-type-simple"},"acf":[],"_links":{"self":[{"href":"https:\/\/b2c.fairs.vn\/en\/wp-json\/wp\/v2\/product\/2493","targetHints":{"allow":["GET"]}}],"collection":[{"href":"https:\/\/b2c.fairs.vn\/en\/wp-json\/wp\/v2\/product"}],"about":[{"href":"https:\/\/b2c.fairs.vn\/en\/wp-json\/wp\/v2\/types\/product"}],"replies":[{"embeddable":true,"href":"https:\/\/b2c.fairs.vn\/en\/wp-json\/wp\/v2\/comments?post=2493"}],"version-history":[{"count":0,"href":"https:\/\/b2c.fairs.vn\/en\/wp-json\/wp\/v2\/product\/2493\/revisions"}],"wp:featuredmedia":[{"embeddable":true,"href":"https:\/\/b2c.fairs.vn\/en\/wp-json\/wp\/v2\/media\/2497"}],"wp:attachment":[{"href":"https:\/\/b2c.fairs.vn\/en\/wp-json\/wp\/v2\/media?parent=2493"}],"wp:term":[{"taxonomy":"product_cat","embeddable":true,"href":"https:\/\/b2c.fairs.vn\/en\/wp-json\/wp\/v2\/product_cat?post=2493"},{"taxonomy":"product_tag","embeddable":true,"href":"https:\/\/b2c.fairs.vn\/en\/wp-json\/wp\/v2\/product_tag?post=2493"}],"curies":[{"name":"wp","href":"https:\/\/api.w.org\/{rel}","templated":true}]}}