{"id":2491,"date":"2024-03-19T03:38:54","date_gmt":"2024-03-19T03:38:54","guid":{"rendered":"https:\/\/b2c.fairs.vn\/?post_type=product&#038;p=2491"},"modified":"2024-03-27T09:23:06","modified_gmt":"2024-03-27T02:23:06","slug":"tinh-bot-nghe-nep-do-bac-kan","status":"publish","type":"product","link":"https:\/\/b2c.fairs.vn\/en\/product\/tinh-bot-nghe-nep-do-bac-kan\/","title":{"rendered":"Tinh b\u1ed9t ngh\u1ec7 n\u1ebfp \u0111\u1ecf B\u1eafc K\u1ea1n"},"content":{"rendered":"<p><strong>Ng\u0103n ng\u1eeba ung th\u01b0, h\u1ed7 tr\u1ee3 \u0111i\u1ec1u tr\u1ecb b\u1ec7nh vi\u00eam kh\u1edbp, Ki\u1ec3m so\u00e1t b\u1ec7nh ti\u1ec3u \u0111\u01b0\u1eddng, Gi\u1ea3m cholesterol trong m\u00e1u, T\u0103ng c\u01b0\u1eddng kh\u1ea3 n\u0103ng mi\u1ec5n d\u1ecbch cho c\u01a1 th\u1ec3, Ph\u1ee5c h\u1ed3i v\u1ebft th\u01b0\u01a1ng, ch\u1ed1ng vi\u00eam, Ch\u1eefa \u0111au, ch\u1ed1ng \u00f4 xy ho\u00e1,Ki\u1ec3m so\u00e1t c\u00e2n n\u1eb7ng, Ng\u0103n ng\u1eeba b\u1ec7nh Alzheimer,C\u1ea3i thi\u1ec7n ch\u1ee9c n\u0103ng ti\u00eau h\u00f3a, Ng\u0103n ng\u1eeba b\u1ec7nh gan\u00a0<\/strong><\/p>\n<p><strong>C\u00d4NG D\u1ee4NG TUY\u1ec6T V\u1edcI C\u1ee6A TINH B\u1ed8T NGH\u1ec6 N\u1ebeP \u0110\u1ece V\u00c0 TINH B\u1ed8T NGH\u1ec6 N\u1ebeP \u0110ENNgh\u1ec7 l\u00e0 m\u1ed9t lo\u1ea1i gia v\u1ecb n\u1ed5i ti\u1ebfng, kh\u00f4ng ch\u1ec9 \u0111\u01b0\u1ee3c s\u1eed d\u1ee5ng \u0111\u1ec3 t\u1ea1o m\u00e0u, t\u0103ng h\u01b0\u01a1ng v\u1ecb cho c\u00e1c m\u00f3n \u0103n, l\u00e0m \u0111\u1eb9p m\u00e0 c\u00f2n c\u00f3 nh\u1eefng c\u00f4ng d\u1ee5ng \u0111\u1eb7c bi\u1ec7t \u0111\u1ed1i v\u1edbi s\u1ee9c kh\u1ecfe con ng\u01b0\u1eddi. V\u1eady b\u1ea1n \u0111\u00e3 bi\u1ebft nh\u1eefng c\u00f4ng d\u1ee5ng \u0111\u1eb7c bi\u1ec7t n\u00e0y l\u00e0 g\u00ec ch\u01b0a?Ngh\u1ec7, c\u00f3 t\u00ean khoa h\u1ecdc l\u00e0 Curcuma longa, l\u00e0 m\u1ed9t lo\u1ea1i th\u1ea3o d\u01b0\u1ee3c r\u1ea5t ph\u1ed5 bi\u1ebfn kh\u00f4ng ch\u1ec9 \u1edf Vi\u1ec7t Nam m\u00e0 c\u00f2n \u1edf r\u1ea5t nhi\u1ec1u n\u01a1i tr\u00ean th\u1ebf gi\u1edbi. Ngh\u1ec7 c\u00f3 m\u00e0u v\u00e0ng \u0111\u1eb7c tr\u01b0ng, th\u01a1m v\u00e0 h\u01a1i cay, v\u00ec th\u1ebf t\u1eeb l\u00e2u ngh\u1ec7 \u0111\u00e3 \u0111\u01b0\u1ee3c phong l\u00e0 \u201cn\u1eef ho\u00e0ng c\u1ee7a c\u00e1c lo\u1ea1i gia v\u1ecb\u201d, t\u1ee9c l\u00e0 lo\u1ea1i gia v\u1ecb ch\u00ednh trong v\u0103n h\u00f3a \u1ea9m th\u1ef1c c\u1ee7a r\u1ea5t nhi\u1ec1u qu\u1ed1c gia tr\u00ean th\u1ebf gi\u1edbi.Theo T\u1ea1p ch\u00ed c\u1ee7a Hi\u1ec7p h\u1ed9i H\u00f3a h\u1ecdc M\u1ef9, tinh b\u1ed9t ngh\u1ec7 c\u00f3 ch\u1ee9a m\u1ed9t lo\u1ea1t c\u00e1c ho\u1ea1t ch\u1ea5t ch\u1ed1ng oxy h\u00f3a, kh\u00e1ng virus, kh\u00e1ng khu\u1ea9n, kh\u00e1ng n\u1ea5m, ng\u0103n ng\u1eeba v\u00e0 \u1ee9c ch\u1ebf s\u1ef1 ph\u00e1t tri\u1ec3n c\u1ee7a c\u00e1c t\u1ebf b\u00e0o ung th\u01b0, ch\u1ed1ng vi\u00eam\u2026H\u01a1n n\u1eefa, trong\u00a0tinh b\u1ed9t ngh\u1ec7 c\u00f2n c\u00f3 r\u1ea5t nhi\u1ec1u ch\u1ea5t dinh d\u01b0\u1ee1ng l\u00e0nh m\u1ea1nh nh\u01b0 protein, ch\u1ea5t x\u01a1, niacin, Vitamin C, Vitamin E, Vitamin K, kali, canxi, \u0111\u1ed3ng, s\u1eaft, magi\u00ea v\u00e0 k\u1ebdm. V\u00ec th\u1ebf,\u00a0tinh b\u1ed9t ngh\u1ec7 kh\u00f4ng ch\u1ec9 \u0111\u01b0\u1ee3c d\u00f9ng \u0111\u1ec3 l\u00e0m t\u0103ng h\u01b0\u01a1ng v\u1ecb m\u00f3n \u0103n m\u00e0 c\u00f2n \u0111\u01b0\u1ee3c \u0111\u1ec3 s\u1eed d\u1ee5ng \u0111\u1ec3 \u0111i\u1ec1u tr\u1ecb m\u1ed9t lo\u1ea1t c\u00e1c v\u1ea5n \u0111\u1ec1 li\u00ean quan \u0111\u1ebfn s\u1ee9c kh\u1ecfe con ng\u01b0\u1eddi. D\u01b0\u1edbi \u0111\u00e2y l\u00e0 10\u00a0t\u00e1c d\u1ee5ng c\u1ee7a tinh b\u1ed9t ngh\u1ec7\u00a0\u0111\u1ed1i v\u1edbi s\u1ee9c kh\u1ecfe, ch\u00fang ta h\u00e3y c\u00f9ng t\u00ecm hi\u1ec3u nh\u00e9<\/strong><\/p>","protected":false},"excerpt":{"rendered":"<p>Ng\u0103n ng\u1eeba ung th\u01b0, h\u1ed7 tr\u1ee3 \u0111i\u1ec1u tr\u1ecb b\u1ec7nh vi\u00eam kh\u1edbp, Ki\u1ec3m so\u00e1t b\u1ec7nh ti\u1ec3u \u0111\u01b0\u1eddng, Gi\u1ea3m cholesterol trong m\u00e1u,<\/p>","protected":false},"featured_media":2495,"comment_status":"open","ping_status":"closed","template":"","meta":{"_acf_changed":false},"product_cat":[332,333],"product_tag":[],"class_list":{"0":"post-2491","1":"product","2":"type-product","3":"status-publish","4":"has-post-thumbnail","6":"product_cat-san-pham-duoc-lieu-va-san-pham-tu-duoc-lieu","7":"product_cat-thuc-pham-chuc-nang-thuoc-duoc-lieu-thuoc-y-hoc-co-truyen","9":"first","10":"instock","11":"shipping-taxable","12":"purchasable","13":"product-type-simple"},"acf":[],"_links":{"self":[{"href":"https:\/\/b2c.fairs.vn\/en\/wp-json\/wp\/v2\/product\/2491","targetHints":{"allow":["GET"]}}],"collection":[{"href":"https:\/\/b2c.fairs.vn\/en\/wp-json\/wp\/v2\/product"}],"about":[{"href":"https:\/\/b2c.fairs.vn\/en\/wp-json\/wp\/v2\/types\/product"}],"replies":[{"embeddable":true,"href":"https:\/\/b2c.fairs.vn\/en\/wp-json\/wp\/v2\/comments?post=2491"}],"version-history":[{"count":0,"href":"https:\/\/b2c.fairs.vn\/en\/wp-json\/wp\/v2\/product\/2491\/revisions"}],"wp:featuredmedia":[{"embeddable":true,"href":"https:\/\/b2c.fairs.vn\/en\/wp-json\/wp\/v2\/media\/2495"}],"wp:attachment":[{"href":"https:\/\/b2c.fairs.vn\/en\/wp-json\/wp\/v2\/media?parent=2491"}],"wp:term":[{"taxonomy":"product_cat","embeddable":true,"href":"https:\/\/b2c.fairs.vn\/en\/wp-json\/wp\/v2\/product_cat?post=2491"},{"taxonomy":"product_tag","embeddable":true,"href":"https:\/\/b2c.fairs.vn\/en\/wp-json\/wp\/v2\/product_tag?post=2491"}],"curies":[{"name":"wp","href":"https:\/\/api.w.org\/{rel}","templated":true}]}}