{"id":2484,"date":"2024-03-19T03:37:21","date_gmt":"2024-03-19T03:37:21","guid":{"rendered":"https:\/\/b2c.fairs.vn\/?post_type=product&#038;p=2484"},"modified":"2024-03-27T14:14:14","modified_gmt":"2024-03-27T07:14:14","slug":"tuong-di-lac","status":"publish","type":"product","link":"https:\/\/b2c.fairs.vn\/en\/product\/tuong-di-lac\/","title":{"rendered":"T\u01b0\u1ee3ng Di L\u1eb7c"},"content":{"rendered":"<div>\n<div>\n<p><strong>T\u01b0\u1ee3ng Di L\u1eb7c\u00a0<\/strong>\u0111\u01b0\u1ee3c \u0111\u00fac th\u1ee7 c\u00f4ng b\u1eb1ng \u0111\u1ed3ng, sau \u0111\u00f3 ho\u00e0n thi\u1ec7n l\u00e0m ngu\u1ed9i v\u00e0 l\u00e0m m\u00e0u ph\u1edbt n\u1ec9. Pho t\u01b0\u1ee3ng cao 80cm. S\u1ea3n ph\u1ea9m T\u01b0\u1ee3ng Di L\u1eb7c th\u00edch h\u1ee3p \u0111\u1ec3 \u0111\u1eb7t trong ph\u00f2ng kh\u00e1ch, ph\u00f2ng l\u00e0m vi\u1ec7c th\u1ec3 hi\u1ec7n ni\u1ec1m vui v\u00e0 s\u1ef1 t\u1ed1t l\u00e0nh, may m\u1eafn. T\u01b0\u1ee3ng s\u1ebd l\u00e0m \u0111i\u1ec3m nh\u1ea5n c\u1ee7a kh\u00f4ng gian ph\u00f2ng kh\u00e1ch, ph\u00f2ng l\u00e0m vi\u1ec7c c\u1ee7a b\u1ea1n\u2026.<\/p>\n<p>&nbsp;<\/p>\n<\/div>\n<\/div>\n<div>\n<div>\n<h3 class=\"text-xl my-5 font-bold\">Th\u00f4ng s\u1ed1 k\u1ef9 thu\u1eadt<\/h3>\n<div>\n<div class=\"my-2 py-2\">Ch\u1ea5t li\u1ec7u<span class=\"mlr-1\">:<\/span><span class=\"ml-1\">\u0110\u1ed3ng \u0111\u1ecf, \u0111\u00fac th\u1ee7 c\u00f4ng, l\u00e0m m\u00e0u s\u00e1ng hoa v\u0103n cao c\u1ea5p<\/span><\/div>\n<div class=\"my-2 py-2\">K\u00edch th\u01b0\u1edbc s\u1ea3n ph\u1ea9m<span class=\"mlr-1\">:<\/span><span class=\"ml-1\">Cao 80cm<\/span><\/div>\n<\/div>\n<\/div>\n<\/div>","protected":false},"excerpt":{"rendered":"<div>\n<div>\n<p><strong>T\u01b0\u1ee3ng Di L\u1eb7c\u00a0<\/strong>\u0111\u01b0\u1ee3c \u0111\u00fac th\u1ee7 c\u00f4ng b\u1eb1ng \u0111\u1ed3ng, sau \u0111\u00f3 ho\u00e0n thi\u1ec7n l\u00e0m ngu\u1ed9i v\u00e0 l\u00e0m m\u00e0u ph\u1edbt n\u1ec9. Pho t\u01b0\u1ee3ng cao 80cm. S\u1ea3n ph\u1ea9m T\u01b0\u1ee3ng Di L\u1eb7c th\u00edch h\u1ee3p \u0111\u1ec3 \u0111\u1eb7t trong ph\u00f2ng kh\u00e1ch, ph\u00f2ng l\u00e0m vi\u1ec7c th\u1ec3 hi\u1ec7n ni\u1ec1m vui v\u00e0 s\u1ef1 t\u1ed1t l\u00e0nh, may m\u1eafn. T\u01b0\u1ee3ng s\u1ebd l\u00e0m \u0111i\u1ec3m nh\u1ea5n c\u1ee7a kh\u00f4ng gian ph\u00f2ng kh\u00e1ch, ph\u00f2ng l\u00e0m vi\u1ec7c c\u1ee7a b\u1ea1n\u2026.<\/p>\n<p>&nbsp;<\/p>\n<\/div>\n<\/div>\n<div>\n<div>\n<h3 class=\"text-xl my-5 font-bold\">Th\u00f4ng s\u1ed1 k\u1ef9 thu\u1eadt<\/h3>\n<div>\n<div class=\"my-2 py-2\">Ch\u1ea5t li\u1ec7u<span class=\"mlr-1\">:<\/span><span class=\"ml-1\">\u0110\u1ed3ng \u0111\u1ecf, \u0111\u00fac th\u1ee7 c\u00f4ng, l\u00e0m m\u00e0u s\u00e1ng hoa v\u0103n cao c\u1ea5p<\/span><\/div>\n<div class=\"my-2 py-2\">K\u00edch th\u01b0\u1edbc s\u1ea3n ph\u1ea9m<span class=\"mlr-1\">:<\/span><span class=\"ml-1\">Cao 80cm<\/span><\/div>\n<\/div>\n<\/div>\n<\/div>","protected":false},"featured_media":2486,"comment_status":"open","ping_status":"closed","template":"","meta":{"_acf_changed":false},"product_cat":[389,348],"product_tag":[],"class_list":{"0":"post-2484","1":"product","2":"type-product","3":"status-publish","4":"has-post-thumbnail","6":"product_cat-duc-dong","7":"product_cat-thiet-bi-co-khi","9":"first","10":"instock","11":"shipping-taxable","12":"product-type-simple"},"acf":[],"_links":{"self":[{"href":"https:\/\/b2c.fairs.vn\/en\/wp-json\/wp\/v2\/product\/2484","targetHints":{"allow":["GET"]}}],"collection":[{"href":"https:\/\/b2c.fairs.vn\/en\/wp-json\/wp\/v2\/product"}],"about":[{"href":"https:\/\/b2c.fairs.vn\/en\/wp-json\/wp\/v2\/types\/product"}],"replies":[{"embeddable":true,"href":"https:\/\/b2c.fairs.vn\/en\/wp-json\/wp\/v2\/comments?post=2484"}],"version-history":[{"count":0,"href":"https:\/\/b2c.fairs.vn\/en\/wp-json\/wp\/v2\/product\/2484\/revisions"}],"wp:featuredmedia":[{"embeddable":true,"href":"https:\/\/b2c.fairs.vn\/en\/wp-json\/wp\/v2\/media\/2486"}],"wp:attachment":[{"href":"https:\/\/b2c.fairs.vn\/en\/wp-json\/wp\/v2\/media?parent=2484"}],"wp:term":[{"taxonomy":"product_cat","embeddable":true,"href":"https:\/\/b2c.fairs.vn\/en\/wp-json\/wp\/v2\/product_cat?post=2484"},{"taxonomy":"product_tag","embeddable":true,"href":"https:\/\/b2c.fairs.vn\/en\/wp-json\/wp\/v2\/product_tag?post=2484"}],"curies":[{"name":"wp","href":"https:\/\/api.w.org\/{rel}","templated":true}]}}