{"id":2479,"date":"2024-03-19T03:36:16","date_gmt":"2024-03-19T03:36:16","guid":{"rendered":"https:\/\/b2c.fairs.vn\/?post_type=product&#038;p=2479"},"modified":"2024-03-29T14:23:29","modified_gmt":"2024-03-29T07:23:29","slug":"tinh-nghe-bac-kan","status":"publish","type":"product","link":"https:\/\/b2c.fairs.vn\/en\/product\/tinh-nghe-bac-kan\/","title":{"rendered":"Tinh ngh\u1ec7 B\u1eafc K\u1ea1n"},"content":{"rendered":"<p>C\u00f4ng d\u1ee5ng:<\/p>\n<ul>\n<li>B\u1ed5 m\u00e1u, b\u1ed3i b\u1ed5 c\u01a1 th\u1ec3 sau khi sinh n\u1edf ho\u1eb7c ph\u1eabu thu\u1eadt<\/li>\n<li>T\u0103ng s\u1ee9c \u0111\u1ec1 kh\u00e1ng, ti\u00eau ung nh\u1ecdt<\/li>\n<li>C\u00f3 t\u00e1c d\u1ee5ng h\u1ed7 tr\u1ee3 ch\u1eefa tr\u1ecb vi\u00eam lo\u00e9t d\u1ea1 d\u00e0y, t\u00e1 tr\u00e0ng<\/li>\n<li>\u0110\u1eafp v\u1ebft th\u01b0\u01a1ng \u0111\u1ec3 mau li\u1ec1n, gi\u1ea3m s\u1eb9o<\/li>\n<\/ul>\n<p>C\u00e1ch d\u00f9ng:<\/p>\n<ul>\n<li>Th\u1eddi gian: Ng\u00e0y 2 l\u1ea7n v\u00e0o bu\u1ed5i s\u00e1ng tr\u01b0\u1edbc khi \u0103n s\u00e1ng v\u00e0 bu\u1ed5i t\u1ed1i tr\u01b0\u1edbc khi \u0111i ng\u1ee7<\/li>\n<li>Li\u1ec1u l\u01b0\u1ee3ng: M\u1ed7i l\u1ea7n 1 mu\u1ed7ng cafe (2mg)<\/li>\n<li>Pha ch\u1ebf: Cho b\u1ed9t v\u00e0o n\u01b0\u1edbc \u1ea5m, d\u01b0\u1edbi 40\u00b0C, khu\u1ea5y \u0111\u1ec1u, v\u1eaft 1 \u00edt chanh ho\u1eb7c 1 th\u00eca m\u1eadt ong (n\u1ebfu c\u00f3) v\u00e0 u\u1ed1ng<\/li>\n<\/ul>\n<p>* L\u01b0u \u00fd: \u0110\u00e2y l\u00e0 tinh b\u1ed9t ngh\u1ec7 ch\u1eaft l\u1ecdc k\u1ef9 l\u01b0\u1ee1ng t\u1eeb c\u1ee7 ngh\u1ec7 t\u01b0\u01a1i \u0111\u00e3 t\u00e1ch d\u1ea7u v\u00e0 nh\u1ef1a l\u00e0 c\u00e1c y\u1ebfu t\u1ed1 g\u00e2y h\u1ea1i, ng\u0103n ch\u1eb7n h\u1ea5p th\u1ee5 ho\u1ea1t ch\u1ea5t trong ngh\u1ec7, g\u00e2y nhu\u1ed9m v\u00e0ng\u2026 n\u00ean khi u\u1ed1ng kh\u00f4ng b\u1ecb v\u00e0ng r\u0103ng, b\u00f4i tr\u00ean da r\u1eeda l\u00e0 s\u1ea1ch ngay kh\u00f4ng \u0111\u1ec3 l\u1ea1i m\u00e0u v\u00e0ng nh\u01b0 b\u1ed9t ngh\u1ec7 th\u01b0\u1eddng.<\/p>","protected":false},"excerpt":{"rendered":"<p>C\u00f4ng d\u1ee5ng: B\u1ed5 m\u00e1u, b\u1ed3i b\u1ed5 c\u01a1 th\u1ec3 sau khi sinh n\u1edf ho\u1eb7c ph\u1eabu thu\u1eadt T\u0103ng s\u1ee9c \u0111\u1ec1 kh\u00e1ng, ti\u00eau<\/p>","protected":false},"featured_media":2480,"comment_status":"open","ping_status":"closed","template":"","meta":{"_acf_changed":false},"product_cat":[332,366,446,333],"product_tag":[],"class_list":{"0":"post-2479","1":"product","2":"type-product","3":"status-publish","4":"has-post-thumbnail","6":"product_cat-san-pham-duoc-lieu-va-san-pham-tu-duoc-lieu","7":"product_cat-hang-cnnt-cap-qg","8":"product_cat-san-pham-cnnt-tb-cap-qg-2019","9":"product_cat-thuc-pham-chuc-nang-thuoc-duoc-lieu-thuoc-y-hoc-co-truyen","11":"first","12":"instock","13":"shipping-taxable","14":"purchasable","15":"product-type-simple"},"acf":[],"_links":{"self":[{"href":"https:\/\/b2c.fairs.vn\/en\/wp-json\/wp\/v2\/product\/2479","targetHints":{"allow":["GET"]}}],"collection":[{"href":"https:\/\/b2c.fairs.vn\/en\/wp-json\/wp\/v2\/product"}],"about":[{"href":"https:\/\/b2c.fairs.vn\/en\/wp-json\/wp\/v2\/types\/product"}],"replies":[{"embeddable":true,"href":"https:\/\/b2c.fairs.vn\/en\/wp-json\/wp\/v2\/comments?post=2479"}],"version-history":[{"count":0,"href":"https:\/\/b2c.fairs.vn\/en\/wp-json\/wp\/v2\/product\/2479\/revisions"}],"wp:featuredmedia":[{"embeddable":true,"href":"https:\/\/b2c.fairs.vn\/en\/wp-json\/wp\/v2\/media\/2480"}],"wp:attachment":[{"href":"https:\/\/b2c.fairs.vn\/en\/wp-json\/wp\/v2\/media?parent=2479"}],"wp:term":[{"taxonomy":"product_cat","embeddable":true,"href":"https:\/\/b2c.fairs.vn\/en\/wp-json\/wp\/v2\/product_cat?post=2479"},{"taxonomy":"product_tag","embeddable":true,"href":"https:\/\/b2c.fairs.vn\/en\/wp-json\/wp\/v2\/product_tag?post=2479"}],"curies":[{"name":"wp","href":"https:\/\/api.w.org\/{rel}","templated":true}]}}