{"id":2476,"date":"2024-03-19T03:36:05","date_gmt":"2024-03-19T03:36:05","guid":{"rendered":"https:\/\/b2c.fairs.vn\/?post_type=product&#038;p=2476"},"modified":"2024-03-27T14:14:43","modified_gmt":"2024-03-27T07:14:43","slug":"tung-hac-diem-nien","status":"publish","type":"product","link":"https:\/\/b2c.fairs.vn\/en\/product\/tung-hac-diem-nien\/","title":{"rendered":"T\u00f9ng H\u1ea1c Di\u00eam Ni\u00ean"},"content":{"rendered":"<div>\n<div>\n<p>T\u00f9ng H\u1ea1c Di\u00eam Ni\u00ean c\u00f2n \u0111\u01b0\u1ee3c g\u1ecdi l\u00e0 \u201cTh\u1ea5t \u0110i\u1ec3u \u201c( Chim C\u00f3 \u0111\u00f4i ) ch\u00fang t\u00ednh c\u00f9ng bay , c\u00f9ng \u0111\u1eadu , t\u1ef1a c\u00e1nh v\u00e0o nhau m\u00e0 ng\u1ee7 .N\u1ebfu m\u1ea5t b\u1ea1n \u0111\u1eddi , con c\u00f2n l\u1ea1i s\u1ebd c\u1ea3 \u0111\u1eddi \u0111\u01a1n \u0111\u1ed9c . Ch\u00ednh v\u00ec v\u1eady ,uy\u00ean \u01b0\u01a1ng t\u01b0\u1ee3ng tr\u01b0ng cho t\u00ecnh c\u1ea3m\u00a0 v\u1ee3 ch\u1ed3ng h\u00e0i h\u00f2a , \u00eam \u1ea5m , chung th\u1ee7y , h\u1ea1nh ph\u00fac b\u00ean nhau.<\/p>\n<p>Ng\u01b0\u01a1\u0300i ta \u0111\u0103\u0323t t\u01b0\u01a1\u0323ng \u0111\u00f4i chim uy\u00ean \u01b0\u01a1ng trong nha\u0300 v\u01a1\u0301i mong mu\u00f4\u0301n g\u0103\u0323p \u0111\u01b0\u01a1\u0323c may m\u0103\u0301n trong ti\u0300nh duy\u00ean. V\u01a1\u0301i nh\u01b0\u0303ng ng\u01b0\u01a1\u0300i \u0111a\u0303 k\u00ea\u0301t h\u00f4n, t\u01b0\u01a1\u0323ng uy\u00ean \u01b0\u01a1ng trong pho\u0300ng ngu\u0309 t\u0103ng n\u0103ng l\u01b0\u01a1\u0323ng ti\u0300nh y\u00eau, giu\u0301p v\u01a1\u0323 ch\u00f4\u0300ng th\u00eam \u00e2n a\u0301i, ha\u0323nh phu\u0301c. V\u01a1\u0301i nh\u01b0\u0303ng ng\u01b0\u01a1\u0300i \u0111\u00f4\u0323c th\u00e2n, t\u01b0\u01a1\u0323ng \u0111\u00f4i chim uy\u00ean \u01b0\u01a1ng mang \u0111\u00ea\u0301n nh\u01b0\u0303ng may m\u0103\u0301n v\u00ea\u0300 \u0111\u01b0\u01a1\u0300ng ti\u0300nh duy\u00ean.<\/p>\n<\/div>\n<\/div>\n<div>\n<div>\n<h3 class=\"text-xl my-5 font-bold\">Th\u00f4ng s\u1ed1 k\u1ef9 thu\u1eadt<\/h3>\n<div>\n<div class=\"my-2 py-2\">Ch\u1ea5t li\u1ec7u<span class=\"mlr-1\">:<\/span><span class=\"ml-1\">M\u1ea1 v\u00e0ng 24k<\/span><\/div>\n<div class=\"my-2 py-2\">K\u00edch th\u01b0\u1edbc s\u1ea3n ph\u1ea9m<span class=\"mlr-1\">:<\/span><span class=\"ml-1\">cao 15cm ,24cm,&#8230;.<\/span><\/div>\n<\/div>\n<\/div>\n<\/div>","protected":false},"excerpt":{"rendered":"<div>\n<div>\n<p>T\u00f9ng H\u1ea1c Di\u00eam Ni\u00ean c\u00f2n \u0111\u01b0\u1ee3c g\u1ecdi l\u00e0 \u201cTh\u1ea5t \u0110i\u1ec3u \u201c( Chim C\u00f3 \u0111\u00f4i ) ch\u00fang t\u00ednh c\u00f9ng bay , c\u00f9ng \u0111\u1eadu , t\u1ef1a c\u00e1nh v\u00e0o nhau m\u00e0 ng\u1ee7 .N\u1ebfu m\u1ea5t b\u1ea1n \u0111\u1eddi , con c\u00f2n l\u1ea1i s\u1ebd c\u1ea3 \u0111\u1eddi \u0111\u01a1n \u0111\u1ed9c . Ch\u00ednh v\u00ec v\u1eady ,uy\u00ean \u01b0\u01a1ng t\u01b0\u1ee3ng tr\u01b0ng cho t\u00ecnh c\u1ea3m\u00a0 v\u1ee3 ch\u1ed3ng h\u00e0i h\u00f2a , \u00eam \u1ea5m , chung th\u1ee7y , h\u1ea1nh ph\u00fac b\u00ean nhau.<\/p>\n<p>Ng\u01b0\u01a1\u0300i ta \u0111\u0103\u0323t t\u01b0\u01a1\u0323ng \u0111\u00f4i chim uy\u00ean \u01b0\u01a1ng trong nha\u0300 v\u01a1\u0301i mong mu\u00f4\u0301n g\u0103\u0323p \u0111\u01b0\u01a1\u0323c may m\u0103\u0301n trong ti\u0300nh duy\u00ean. V\u01a1\u0301i nh\u01b0\u0303ng ng\u01b0\u01a1\u0300i \u0111a\u0303 k\u00ea\u0301t h\u00f4n, t\u01b0\u01a1\u0323ng uy\u00ean \u01b0\u01a1ng trong pho\u0300ng ngu\u0309 t\u0103ng n\u0103ng l\u01b0\u01a1\u0323ng ti\u0300nh y\u00eau, giu\u0301p v\u01a1\u0323 ch\u00f4\u0300ng th\u00eam \u00e2n a\u0301i, ha\u0323nh phu\u0301c. V\u01a1\u0301i nh\u01b0\u0303ng ng\u01b0\u01a1\u0300i \u0111\u00f4\u0323c th\u00e2n, t\u01b0\u01a1\u0323ng \u0111\u00f4i chim uy\u00ean \u01b0\u01a1ng mang \u0111\u00ea\u0301n nh\u01b0\u0303ng may m\u0103\u0301n v\u00ea\u0300 \u0111\u01b0\u01a1\u0300ng ti\u0300nh duy\u00ean.<\/p>\n<\/div>\n<\/div>\n<div>\n<div>\n<h3 class=\"text-xl my-5 font-bold\">Th\u00f4ng s\u1ed1 k\u1ef9 thu\u1eadt<\/h3>\n<div>\n<div class=\"my-2 py-2\">Ch\u1ea5t li\u1ec7u<span class=\"mlr-1\">:<\/span><span class=\"ml-1\">M\u1ea1 v\u00e0ng 24k<\/span><\/div>\n<div class=\"my-2 py-2\">K\u00edch th\u01b0\u1edbc s\u1ea3n ph\u1ea9m<span class=\"mlr-1\">:<\/span><span class=\"ml-1\">cao 15cm ,24cm,&#8230;.<\/span><\/div>\n<\/div>\n<\/div>\n<\/div>","protected":false},"featured_media":2481,"comment_status":"open","ping_status":"closed","template":"","meta":{"_acf_changed":false},"product_cat":[389,348],"product_tag":[],"class_list":{"0":"post-2476","1":"product","2":"type-product","3":"status-publish","4":"has-post-thumbnail","6":"product_cat-duc-dong","7":"product_cat-thiet-bi-co-khi","9":"first","10":"instock","11":"shipping-taxable","12":"purchasable","13":"product-type-simple"},"acf":[],"_links":{"self":[{"href":"https:\/\/b2c.fairs.vn\/en\/wp-json\/wp\/v2\/product\/2476","targetHints":{"allow":["GET"]}}],"collection":[{"href":"https:\/\/b2c.fairs.vn\/en\/wp-json\/wp\/v2\/product"}],"about":[{"href":"https:\/\/b2c.fairs.vn\/en\/wp-json\/wp\/v2\/types\/product"}],"replies":[{"embeddable":true,"href":"https:\/\/b2c.fairs.vn\/en\/wp-json\/wp\/v2\/comments?post=2476"}],"version-history":[{"count":0,"href":"https:\/\/b2c.fairs.vn\/en\/wp-json\/wp\/v2\/product\/2476\/revisions"}],"wp:featuredmedia":[{"embeddable":true,"href":"https:\/\/b2c.fairs.vn\/en\/wp-json\/wp\/v2\/media\/2481"}],"wp:attachment":[{"href":"https:\/\/b2c.fairs.vn\/en\/wp-json\/wp\/v2\/media?parent=2476"}],"wp:term":[{"taxonomy":"product_cat","embeddable":true,"href":"https:\/\/b2c.fairs.vn\/en\/wp-json\/wp\/v2\/product_cat?post=2476"},{"taxonomy":"product_tag","embeddable":true,"href":"https:\/\/b2c.fairs.vn\/en\/wp-json\/wp\/v2\/product_tag?post=2476"}],"curies":[{"name":"wp","href":"https:\/\/api.w.org\/{rel}","templated":true}]}}