{"id":2472,"date":"2024-03-19T03:34:44","date_gmt":"2024-03-19T03:34:44","guid":{"rendered":"https:\/\/b2c.fairs.vn\/?post_type=product&#038;p=2472"},"modified":"2024-03-19T03:34:45","modified_gmt":"2024-03-19T03:34:45","slug":"tra-hoa-vang","status":"publish","type":"product","link":"https:\/\/b2c.fairs.vn\/en\/product\/tra-hoa-vang\/","title":{"rendered":"Tr\u00e0 hoa v\u00e0ng"},"content":{"rendered":"<p><strong>Th\u00e0nh ph\u1ea7n<\/strong><br \/>\n100% tr\u00e0 hoa v\u00e0ng t\u1eeb v\u00f9ng n\u00fai B\u1eafc K\u1ea1n<\/p>\n<p><strong>H\u01b0\u1edbng d\u1eabn s\u1eed d\u1ee5ng<\/strong><\/p>\n<p>S\u1eed d\u1ee5ng 3 \u0111\u1ebfn 5 mu\u1ed7ng tr\u00e0. 1 l\u1ea7n pha cho 0,5 l\u00edt n\u01b0\u1edbc s\u00f4i. \u1ee6 trong v\u00f2ng 3 \u0111\u1ebfn 5 ph\u00fat. N\u00ean u\u1ed1ng tr\u00e0 sau khi \u0103n t\u1eeb 5 \u0111\u1ebfn 10 ph\u00fat.<\/p>\n<p><strong>H\u01b0\u1edbng d\u1eabn b\u1ea3o qu\u1ea3n<\/strong><\/p>\n<p>N\u01a1i kh\u00f4 r\u00e1o s\u1ea1ch s\u1ebd, tho\u1ea3ng m\u00e1t tr\u00e1nh \u00e1nh n\u1eafng tr\u1ef1c ti\u1ebfp.<\/p>\n<p><strong>L\u01b0u \u00fd<\/strong><\/p>\n<p>Kh\u00f4ng s\u1eed d\u1ee5ng s\u1ea3n ph\u1ea9m khi \u0111\u00e3 h\u1ebft h\u1ea1n s\u1eed d\u1ee5ng.<\/p>","protected":false},"excerpt":{"rendered":"<p>Th\u00e0nh ph\u1ea7n 100% tr\u00e0 hoa v\u00e0ng t\u1eeb v\u00f9ng n\u00fai B\u1eafc K\u1ea1n H\u01b0\u1edbng d\u1eabn s\u1eed d\u1ee5ng S\u1eed d\u1ee5ng 3 \u0111\u1ebfn 5<\/p>","protected":false},"featured_media":2475,"comment_status":"open","ping_status":"closed","template":"","meta":{"_acf_changed":false},"product_cat":[321,322,22,323],"product_tag":[],"class_list":{"0":"post-2472","1":"product","2":"type-product","3":"status-publish","4":"has-post-thumbnail","6":"product_cat-che","7":"product_cat-che-tuoi-che-bien","8":"product_cat-sanphamthucpham","9":"product_cat-san-pham-tra-tu-thuc-vat-khac","11":"first","12":"instock","13":"shipping-taxable","14":"product-type-simple"},"acf":[],"_links":{"self":[{"href":"https:\/\/b2c.fairs.vn\/en\/wp-json\/wp\/v2\/product\/2472","targetHints":{"allow":["GET"]}}],"collection":[{"href":"https:\/\/b2c.fairs.vn\/en\/wp-json\/wp\/v2\/product"}],"about":[{"href":"https:\/\/b2c.fairs.vn\/en\/wp-json\/wp\/v2\/types\/product"}],"replies":[{"embeddable":true,"href":"https:\/\/b2c.fairs.vn\/en\/wp-json\/wp\/v2\/comments?post=2472"}],"version-history":[{"count":0,"href":"https:\/\/b2c.fairs.vn\/en\/wp-json\/wp\/v2\/product\/2472\/revisions"}],"wp:featuredmedia":[{"embeddable":true,"href":"https:\/\/b2c.fairs.vn\/en\/wp-json\/wp\/v2\/media\/2475"}],"wp:attachment":[{"href":"https:\/\/b2c.fairs.vn\/en\/wp-json\/wp\/v2\/media?parent=2472"}],"wp:term":[{"taxonomy":"product_cat","embeddable":true,"href":"https:\/\/b2c.fairs.vn\/en\/wp-json\/wp\/v2\/product_cat?post=2472"},{"taxonomy":"product_tag","embeddable":true,"href":"https:\/\/b2c.fairs.vn\/en\/wp-json\/wp\/v2\/product_tag?post=2472"}],"curies":[{"name":"wp","href":"https:\/\/api.w.org\/{rel}","templated":true}]}}