{"id":2469,"date":"2024-03-19T03:33:44","date_gmt":"2024-03-19T03:33:44","guid":{"rendered":"https:\/\/b2c.fairs.vn\/?post_type=product&#038;p=2469"},"modified":"2024-03-27T10:21:03","modified_gmt":"2024-03-27T03:21:03","slug":"khi-cuoi-ngua","status":"publish","type":"product","link":"https:\/\/b2c.fairs.vn\/en\/product\/khi-cuoi-ngua\/","title":{"rendered":"Kh\u1ec9 c\u01b0\u1ee1i ng\u1ef1a"},"content":{"rendered":"<div>\n<div>\n<p>H\u00ecnh \u1ea3nh kh\u1ec9 c\u01b0\u1ee1i ng\u1ef1a l\u00e0 \u201cm\u00e3 th\u01b0\u1ee3ng phong h\u1ea7u\u201d, h\u00ecnh \u1ea3nh c\u1ee7a s\u1ef1 gia t\u0103ng quy\u1ec1n l\u1ef1c. Con ng\u1ef1a l\u00e0 bi\u1ec3u t\u01b0\u1ee3ng c\u1ee7a s\u1ee9c m\u1ea1nh, s\u1ee9c m\u1ea1nh v\u00e0 l\u00f2ng trung th\u00e0nh. Con kh\u1ec9 th\u00eam m\u1ed9t ch\u00fat th\u00f4ng minh v\u00e0 linh ho\u1ea1t. V\u00ec v\u1eady, h\u00ecnh \u1ea3nh kh\u1ec9 c\u01b0\u1ee1i ng\u1ef1a tr\u1edf th\u00e0nh bi\u1ec3u t\u01b0\u1ee3ng c\u1ee7a m\u1ed9t s\u1ef1 th\u0103ng ti\u1ebfn nhanh ch\u00f3ng v\u00e0 \u0111\u01b0\u1ee3c s\u1eed d\u1ee5ng b\u1edfi nh\u1eefng ng\u01b0\u1eddi t\u00ecm ki\u1ebfm m\u1ed9t s\u1ef1 th\u0103ng ti\u1ebfn ngh\u1ec1 nghi\u1ec7p.<\/p>\n<p>N\u00ean \u0111\u1eb7t b\u1ee9c t\u01b0\u1ee3ng tr\u00ean b\u00e0n l\u00e0m vi\u1ec7c ho\u1eb7c b\u00e0n u\u1ed1ng n\u01b0\u1edbc sao cho b\u1ed9 \u0111\u00f4i \u0111ang \u0111i h\u01b0\u1edbng v\u1ec1 ph\u00eda m\u00ecnh v\u00e0 tr\u00e1nh h\u01b0\u1edbng v\u1ec1 ph\u00eda c\u1eeda hay c\u1eeda s\u1ed5 \u0111\u1ec3 gi\u00fap m\u00ecnh nhanh ch\u00f3ng th\u00e0nh c\u00f4ng v\u00e0 th\u0103ng ti\u1ebfn, b\u1ee9c t\u01b0\u1ee3ng \u0111\u1eb7c bi\u1ec7t ph\u00f9 h\u1ee3p \u0111\u1ed1i v\u1edbi nh\u1eefng ng\u01b0\u1eddi l\u00e0m quan ch\u1ee9c nh\u00e0 n\u01b0\u1edbc.<\/p>\n<\/div>\n<\/div>\n<div>\n<div>\n<h3 class=\"text-xl my-5 font-bold\">Th\u00f4ng s\u1ed1 k\u1ef9 thu\u1eadt<\/h3>\n<div>\n<div class=\"my-2 py-2\">Ch\u1ea5t li\u1ec7u<span class=\"mlr-1\">:<\/span><span class=\"ml-1\">\u0110\u00f4\u0300ng \u0111\u1ecf<\/span><\/div>\n<div class=\"my-2 py-2\">K\u00edch th\u01b0\u1edbc s\u1ea3n ph\u1ea9m<span class=\"mlr-1\">:<\/span><span class=\"ml-1\">Cao 41cm, r\u1ed9ng 25cm<\/span><\/div>\n<\/div>\n<\/div>\n<\/div>","protected":false},"excerpt":{"rendered":"<div>\n<div>\n<p>H\u00ecnh \u1ea3nh kh\u1ec9 c\u01b0\u1ee1i ng\u1ef1a l\u00e0 \u201cm\u00e3 th\u01b0\u1ee3ng phong h\u1ea7u\u201d, h\u00ecnh \u1ea3nh c\u1ee7a s\u1ef1 gia t\u0103ng quy\u1ec1n l\u1ef1c. Con ng\u1ef1a l\u00e0 bi\u1ec3u t\u01b0\u1ee3ng c\u1ee7a s\u1ee9c m\u1ea1nh, s\u1ee9c m\u1ea1nh v\u00e0 l\u00f2ng trung th\u00e0nh. Con kh\u1ec9 th\u00eam m\u1ed9t ch\u00fat th\u00f4ng minh v\u00e0 linh ho\u1ea1t. V\u00ec v\u1eady, h\u00ecnh \u1ea3nh kh\u1ec9 c\u01b0\u1ee1i ng\u1ef1a tr\u1edf th\u00e0nh bi\u1ec3u t\u01b0\u1ee3ng c\u1ee7a m\u1ed9t s\u1ef1 th\u0103ng ti\u1ebfn nhanh ch\u00f3ng v\u00e0 \u0111\u01b0\u1ee3c s\u1eed d\u1ee5ng b\u1edfi nh\u1eefng ng\u01b0\u1eddi t\u00ecm ki\u1ebfm m\u1ed9t s\u1ef1 th\u0103ng ti\u1ebfn ngh\u1ec1 nghi\u1ec7p.<\/p>\n<p>N\u00ean \u0111\u1eb7t b\u1ee9c t\u01b0\u1ee3ng tr\u00ean b\u00e0n l\u00e0m vi\u1ec7c ho\u1eb7c b\u00e0n u\u1ed1ng n\u01b0\u1edbc sao cho b\u1ed9 \u0111\u00f4i \u0111ang \u0111i h\u01b0\u1edbng v\u1ec1 ph\u00eda m\u00ecnh v\u00e0 tr\u00e1nh h\u01b0\u1edbng v\u1ec1 ph\u00eda c\u1eeda hay c\u1eeda s\u1ed5 \u0111\u1ec3 gi\u00fap m\u00ecnh nhanh ch\u00f3ng th\u00e0nh c\u00f4ng v\u00e0 th\u0103ng ti\u1ebfn, b\u1ee9c t\u01b0\u1ee3ng \u0111\u1eb7c bi\u1ec7t ph\u00f9 h\u1ee3p \u0111\u1ed1i v\u1edbi nh\u1eefng ng\u01b0\u1eddi l\u00e0m quan ch\u1ee9c nh\u00e0 n\u01b0\u1edbc.<\/p>\n<\/div>\n<\/div>\n<div>\n<div>\n<h3 class=\"text-xl my-5 font-bold\">Th\u00f4ng s\u1ed1 k\u1ef9 thu\u1eadt<\/h3>\n<div>\n<div class=\"my-2 py-2\">Ch\u1ea5t li\u1ec7u<span class=\"mlr-1\">:<\/span><span class=\"ml-1\">\u0110\u00f4\u0300ng \u0111\u1ecf<\/span><\/div>\n<div class=\"my-2 py-2\">K\u00edch th\u01b0\u1edbc s\u1ea3n ph\u1ea9m<span class=\"mlr-1\">:<\/span><span class=\"ml-1\">Cao 41cm, r\u1ed9ng 25cm<\/span><\/div>\n<\/div>\n<\/div>\n<\/div>","protected":false},"featured_media":2471,"comment_status":"open","ping_status":"closed","template":"","meta":{"_acf_changed":false},"product_cat":[389,348],"product_tag":[],"class_list":{"0":"post-2469","1":"product","2":"type-product","3":"status-publish","4":"has-post-thumbnail","6":"product_cat-duc-dong","7":"product_cat-thiet-bi-co-khi","9":"first","10":"instock","11":"shipping-taxable","12":"product-type-simple"},"acf":[],"_links":{"self":[{"href":"https:\/\/b2c.fairs.vn\/en\/wp-json\/wp\/v2\/product\/2469","targetHints":{"allow":["GET"]}}],"collection":[{"href":"https:\/\/b2c.fairs.vn\/en\/wp-json\/wp\/v2\/product"}],"about":[{"href":"https:\/\/b2c.fairs.vn\/en\/wp-json\/wp\/v2\/types\/product"}],"replies":[{"embeddable":true,"href":"https:\/\/b2c.fairs.vn\/en\/wp-json\/wp\/v2\/comments?post=2469"}],"version-history":[{"count":0,"href":"https:\/\/b2c.fairs.vn\/en\/wp-json\/wp\/v2\/product\/2469\/revisions"}],"wp:featuredmedia":[{"embeddable":true,"href":"https:\/\/b2c.fairs.vn\/en\/wp-json\/wp\/v2\/media\/2471"}],"wp:attachment":[{"href":"https:\/\/b2c.fairs.vn\/en\/wp-json\/wp\/v2\/media?parent=2469"}],"wp:term":[{"taxonomy":"product_cat","embeddable":true,"href":"https:\/\/b2c.fairs.vn\/en\/wp-json\/wp\/v2\/product_cat?post=2469"},{"taxonomy":"product_tag","embeddable":true,"href":"https:\/\/b2c.fairs.vn\/en\/wp-json\/wp\/v2\/product_tag?post=2469"}],"curies":[{"name":"wp","href":"https:\/\/api.w.org\/{rel}","templated":true}]}}