{"id":2466,"date":"2024-03-19T03:33:08","date_gmt":"2024-03-19T03:33:08","guid":{"rendered":"https:\/\/b2c.fairs.vn\/?post_type=product&#038;p=2466"},"modified":"2024-03-27T09:27:28","modified_gmt":"2024-03-27T02:27:28","slug":"vien-tinh-nghe-mat-ong","status":"publish","type":"product","link":"https:\/\/b2c.fairs.vn\/en\/product\/vien-tinh-nghe-mat-ong\/","title":{"rendered":"Vi\u00ean tinh ngh\u1ec7 m\u1eadt ong"},"content":{"rendered":"<p><strong>Th\u00e0nh ph\u1ea7n:\u00a0<\/strong>Tinh ch\u1ea5t ngh\u1ec7 n\u1ebfp, m\u1eadt ong r\u1eebng<\/p>\n<p>&nbsp;<\/p>\n<p><strong>\u0110\u1ed1i t\u01b0\u1ee3ng s\u1eed d\u1ee5ng:<\/strong><\/p>\n<ul>\n<li>Ng\u01b0\u1eddi vi\u00eam lo\u00e9t d\u1ea1 d\u00e0y, t\u00e1 tr\u00e0ng; ph\u1ee5 n\u1eef sau khi sinh<\/li>\n<li>Ng\u01b0\u1eddi c\u00f3 th\u1ec3 tr\u1ea1ng y\u1ebfu, \u0111\u1ea7y h\u01a1i ho\u1eb7c \u0103n kh\u00f4ng ti\u00eau<\/li>\n<li>Ng\u01b0\u1eddi \u0111ang trong qu\u00e1 tr\u00ecnh h\u1ed3i ph\u1ee5c sau ph\u1eabu thu\u1eadt<\/li>\n<\/ul>\n<p>&nbsp;<\/p>\n<p><strong>C\u00e1ch d\u00f9ng:<\/strong>\u00a0D\u00f9ng tr\u1ef1c ti\u1ebfp ng\u00e0y 4 vi\u00ean chia 2 l\u1ea7n s\u00e1ng t\u1ed1i.<\/p>\n<p>&nbsp;<\/p>\n<p><strong>B\u1ea3o qu\u1ea3n:<\/strong>\u00a0N\u01a1i kh\u00f4 r\u00e1o, s\u1ea1ch s\u1ebd, tho\u00e1ng m\u00e1t, tr\u00e1nh \u00e1nh s\u00e1ng tr\u1ef1c ti\u1ebfp.<\/p>","protected":false},"excerpt":{"rendered":"<p>Th\u00e0nh ph\u1ea7n:\u00a0Tinh ch\u1ea5t ngh\u1ec7 n\u1ebfp, m\u1eadt ong r\u1eebng &nbsp; \u0110\u1ed1i t\u01b0\u1ee3ng s\u1eed d\u1ee5ng: Ng\u01b0\u1eddi vi\u00eam lo\u00e9t d\u1ea1 d\u00e0y, t\u00e1 tr\u00e0ng;<\/p>","protected":false},"featured_media":2468,"comment_status":"open","ping_status":"closed","template":"","meta":{"_acf_changed":false},"product_cat":[332,333,335],"product_tag":[],"class_list":{"0":"post-2466","1":"product","2":"type-product","3":"status-publish","4":"has-post-thumbnail","6":"product_cat-san-pham-duoc-lieu-va-san-pham-tu-duoc-lieu","7":"product_cat-thuc-pham-chuc-nang-thuoc-duoc-lieu-thuoc-y-hoc-co-truyen","8":"product_cat-tinh-dau-va-thao-duoc-khac","10":"first","11":"instock","12":"shipping-taxable","13":"purchasable","14":"product-type-simple"},"acf":[],"_links":{"self":[{"href":"https:\/\/b2c.fairs.vn\/en\/wp-json\/wp\/v2\/product\/2466","targetHints":{"allow":["GET"]}}],"collection":[{"href":"https:\/\/b2c.fairs.vn\/en\/wp-json\/wp\/v2\/product"}],"about":[{"href":"https:\/\/b2c.fairs.vn\/en\/wp-json\/wp\/v2\/types\/product"}],"replies":[{"embeddable":true,"href":"https:\/\/b2c.fairs.vn\/en\/wp-json\/wp\/v2\/comments?post=2466"}],"version-history":[{"count":0,"href":"https:\/\/b2c.fairs.vn\/en\/wp-json\/wp\/v2\/product\/2466\/revisions"}],"wp:featuredmedia":[{"embeddable":true,"href":"https:\/\/b2c.fairs.vn\/en\/wp-json\/wp\/v2\/media\/2468"}],"wp:attachment":[{"href":"https:\/\/b2c.fairs.vn\/en\/wp-json\/wp\/v2\/media?parent=2466"}],"wp:term":[{"taxonomy":"product_cat","embeddable":true,"href":"https:\/\/b2c.fairs.vn\/en\/wp-json\/wp\/v2\/product_cat?post=2466"},{"taxonomy":"product_tag","embeddable":true,"href":"https:\/\/b2c.fairs.vn\/en\/wp-json\/wp\/v2\/product_tag?post=2466"}],"curies":[{"name":"wp","href":"https:\/\/api.w.org\/{rel}","templated":true}]}}