{"id":2463,"date":"2024-03-19T03:31:38","date_gmt":"2024-03-19T03:31:38","guid":{"rendered":"https:\/\/b2c.fairs.vn\/?post_type=product&#038;p=2463"},"modified":"2024-03-27T09:32:20","modified_gmt":"2024-03-27T02:32:20","slug":"tinh-dau-nghe","status":"publish","type":"product","link":"https:\/\/b2c.fairs.vn\/en\/product\/tinh-dau-nghe\/","title":{"rendered":"Tinh d\u1ea7u ngh\u1ec7"},"content":{"rendered":"<p><strong>C\u00f4ng d\u1ee5ng s\u1ea3n ph\u1ea9m:<\/strong><\/p>\n<ul>\n<li>\u0110\u1ea9y l\u00f9i \u0111au nh\u1ee9c x\u01b0\u01a1ng kh\u1edbp<\/li>\n<li>H\u1ed7 tr\u1ee3 h\u1ec7 ti\u00eau h\u00f3a ho\u1ea1t \u0111\u1ed9ng hi\u1ec7u qu\u1ea3 v\u00e0 \u1ed5n \u0111\u1ecbnh<\/li>\n<li>Ng\u0103n ng\u1eeba \u0111\u00e3ng tr\u00ed v\u00e0 b\u1ec7nh ung th\u01b0<\/li>\n<li>Ch\u0103m s\u00f3c s\u1eafc \u0111\u1eb9p<\/li>\n<\/ul>\n<p>&nbsp;<\/p>\n<p><strong>L\u01b0u \u00fd khi s\u1eed d\u1ee5ng Tinh d\u1ea7u ngh\u1ec7 nguy\u00ean ch\u1ea5t:<\/strong><\/p>\n<ul>\n<li>Kh\u00f4ng \u0111\u01b0\u1ee3c \u0111\u1ec3 tinh d\u1ea7u ti\u1ebfp x\u00fac tr\u1ef1c ti\u1ebfp v\u1edbi m\u1eaft<\/li>\n<li>B\u1ea3o qu\u1ea3n n\u01a1i kh\u00f4 r\u00e1o, tr\u00e1nh \u00e1nh n\u1eafng tr\u1ef1c ti\u1ebfp t\u1eeb m\u1eb7t tr\u1eddi<\/li>\n<li>N\u00ean pha lo\u00e3ng khi s\u1eed d\u1ee5ng<\/li>\n<li>Kh\u00f4ng b\u00f4i tinh d\u1ea7u v\u00e0o v\u1ebft th\u01b0\u01a1ng h\u1edf<\/li>\n<li>Tr\u00e1nh s\u1eed d\u1ee5ng v\u1edbi ph\u1ee5 n\u1eef mang thai v\u00e0 tr\u1ebb nh\u1ecf d\u01b0\u1edbi 1 tu\u1ed5i, ng\u01b0\u1eddi m\u1eafc b\u1ec7nh kinh ni\u00ean. N\u1ebfu d\u00f9ng c\u1ea7n c\u00f3 s\u1ef1 ch\u1ec9 \u0111\u1ecbnh c\u1ee7a b\u00e1c s\u0129.<\/li>\n<\/ul>","protected":false},"excerpt":{"rendered":"<p>C\u00f4ng d\u1ee5ng s\u1ea3n ph\u1ea9m: \u0110\u1ea9y l\u00f9i \u0111au nh\u1ee9c x\u01b0\u01a1ng kh\u1edbp H\u1ed7 tr\u1ee3 h\u1ec7 ti\u00eau h\u00f3a ho\u1ea1t \u0111\u1ed9ng hi\u1ec7u qu\u1ea3 v\u00e0<\/p>","protected":false},"featured_media":2464,"comment_status":"open","ping_status":"closed","template":"","meta":{"_acf_changed":false},"product_cat":[332,335],"product_tag":[],"class_list":{"0":"post-2463","1":"product","2":"type-product","3":"status-publish","4":"has-post-thumbnail","6":"product_cat-san-pham-duoc-lieu-va-san-pham-tu-duoc-lieu","7":"product_cat-tinh-dau-va-thao-duoc-khac","9":"first","10":"instock","11":"shipping-taxable","12":"purchasable","13":"product-type-simple"},"acf":[],"_links":{"self":[{"href":"https:\/\/b2c.fairs.vn\/en\/wp-json\/wp\/v2\/product\/2463","targetHints":{"allow":["GET"]}}],"collection":[{"href":"https:\/\/b2c.fairs.vn\/en\/wp-json\/wp\/v2\/product"}],"about":[{"href":"https:\/\/b2c.fairs.vn\/en\/wp-json\/wp\/v2\/types\/product"}],"replies":[{"embeddable":true,"href":"https:\/\/b2c.fairs.vn\/en\/wp-json\/wp\/v2\/comments?post=2463"}],"version-history":[{"count":0,"href":"https:\/\/b2c.fairs.vn\/en\/wp-json\/wp\/v2\/product\/2463\/revisions"}],"wp:featuredmedia":[{"embeddable":true,"href":"https:\/\/b2c.fairs.vn\/en\/wp-json\/wp\/v2\/media\/2464"}],"wp:attachment":[{"href":"https:\/\/b2c.fairs.vn\/en\/wp-json\/wp\/v2\/media?parent=2463"}],"wp:term":[{"taxonomy":"product_cat","embeddable":true,"href":"https:\/\/b2c.fairs.vn\/en\/wp-json\/wp\/v2\/product_cat?post=2463"},{"taxonomy":"product_tag","embeddable":true,"href":"https:\/\/b2c.fairs.vn\/en\/wp-json\/wp\/v2\/product_tag?post=2463"}],"curies":[{"name":"wp","href":"https:\/\/api.w.org\/{rel}","templated":true}]}}