{"id":2455,"date":"2024-03-19T03:30:15","date_gmt":"2024-03-19T03:30:15","guid":{"rendered":"https:\/\/b2c.fairs.vn\/?post_type=product&#038;p=2455"},"modified":"2024-04-19T17:02:41","modified_gmt":"2024-04-19T10:02:41","slug":"thung-banh-cu-do","status":"publish","type":"product","link":"https:\/\/b2c.fairs.vn\/en\/product\/thung-banh-cu-do\/","title":{"rendered":"TH\u00d9NG B\u00c1NH CU \u0110\u01a0"},"content":{"rendered":"<p>B\u00e1nh cu \u0111\u01a1 Phong Nga g\u00e2y m\u1ed9t c\u1ea3m gi\u00e1c xao xuy\u1ebfn khi \u0103n b\u1edfi m\u00f9i h\u01b0\u01a1ng ng\u1ecdt ng\u00e0o c\u1ee7a \u0111\u01b0\u1eddng m\u00eda, m\u1ed9t ch\u00fat n\u1ed3ng n\u1ed3ng cay cay c\u1ee7a g\u1eebng, c\u00e1i h\u01b0\u01a1ng th\u01a1m \u0111\u1eb7c tr\u01b0ng c\u1ee7a l\u1ea1c, c\u00e1i \u00e2m thanh gi\u00f2n tan c\u1ee7a b\u00e1nh tr\u00e1ng. B\u00e1nh \u0111\u01b0\u1ee3c l\u00e0m theo quy tr\u00ecnh nghi\u00eam ng\u1eb7t, \u0111\u1ea3m b\u1ea3o c\u00e1c quy chu\u1ea9n v\u1ec1 v\u1ec7 sinh an to\u00e0n th\u1ef1c ph\u1ea9m n\u00ean an to\u00e0n cho s\u1ee9c kh\u1ecfe ng\u01b0\u1eddi d\u00f9ng.<\/p>\n<p><strong>H\u01b0\u1edbng d\u1eabn s\u1eed d\u1ee5ng:<\/strong><\/p>\n<p>D\u00f9ng \u0103n tr\u1ef1c ti\u1ebfp, s\u1ea3n ph\u1ea9m s\u1ebd ngon h\u01a1n khi th\u01b0\u1edfng th\u1ee9c v\u1edbi n\u01b0\u1edbc ch\u00e8 xanh ho\u1eb7c tr\u00e0<\/p>\n<p><strong>B\u1ea3o qu\u1ea3n:<\/strong><\/p>\n<p>N\u01a1i kh\u00f4 r\u00e1o, tho\u00e1ng m\u00e1t. Tr\u00e1nh \u00e1nh n\u1eafng tr\u1ef1c ti\u1ebfp c\u1ee7a m\u1eb7t tr\u1eddi<\/p>\n<p><strong>H\u1ea1n s\u1eed d\u1ee5ng:<\/strong><\/p>\n<p>Xem tr\u00ean n\u1eafp h\u1ed9p<\/p>\n<p><strong>\u0110\u1eb7c bi\u1ec7t kh\u00f4ng s\u1eed d\u1ee5ng:<\/strong><\/p>\n<ul>\n<li>Ph\u1ea9m m\u00e0u<\/li>\n<li>\u0110\u01b0\u1eddng h\u00f3a h\u1ecdc<\/li>\n<li>Ch\u1ea5t b\u1ea3o qu\u1ea3n<\/li>\n<\/ul>\n<p><strong>Th\u00e0nh ph\u1ea7n:<\/strong><\/p>\n<p>L\u1ea1c, m\u1eadt m\u00eda, \u0111\u01b0\u1eddng tr\u1eafng, m\u1ea1ch nha, b\u00e1nh tr\u00e1ng, v\u1eebng, g\u1eebng, h\u01b0\u01a1ng vano, natri hydrocarbonat<\/p>","protected":false},"excerpt":{"rendered":"<p>B\u00e1nh cu \u0111\u01a1 Phong Nga g\u00e2y m\u1ed9t c\u1ea3m gi\u00e1c xao xuy\u1ebfn khi \u0103n b\u1edfi m\u00f9i h\u01b0\u01a1ng ng\u1ecdt ng\u00e0o c\u1ee7a \u0111\u01b0\u1eddng<\/p>","protected":false},"featured_media":2456,"comment_status":"open","ping_status":"closed","template":"","meta":{"_acf_changed":false},"product_cat":[315,314,366,398,22,313],"product_tag":[],"class_list":{"0":"post-2455","1":"product","2":"type-product","3":"status-publish","4":"has-post-thumbnail","6":"product_cat-che-bien-tu-gao-ngu-coc","7":"product_cat-do-an-nhanh","8":"product_cat-hang-cnnt-cap-qg","9":"product_cat-san-pham-cnnt-tb-cap-qg-2021","10":"product_cat-sanphamthucpham","11":"product_cat-thuc-pham-che-bien","13":"first","14":"instock","15":"shipping-taxable","16":"product-type-simple"},"acf":[],"_links":{"self":[{"href":"https:\/\/b2c.fairs.vn\/en\/wp-json\/wp\/v2\/product\/2455","targetHints":{"allow":["GET"]}}],"collection":[{"href":"https:\/\/b2c.fairs.vn\/en\/wp-json\/wp\/v2\/product"}],"about":[{"href":"https:\/\/b2c.fairs.vn\/en\/wp-json\/wp\/v2\/types\/product"}],"replies":[{"embeddable":true,"href":"https:\/\/b2c.fairs.vn\/en\/wp-json\/wp\/v2\/comments?post=2455"}],"version-history":[{"count":0,"href":"https:\/\/b2c.fairs.vn\/en\/wp-json\/wp\/v2\/product\/2455\/revisions"}],"wp:featuredmedia":[{"embeddable":true,"href":"https:\/\/b2c.fairs.vn\/en\/wp-json\/wp\/v2\/media\/2456"}],"wp:attachment":[{"href":"https:\/\/b2c.fairs.vn\/en\/wp-json\/wp\/v2\/media?parent=2455"}],"wp:term":[{"taxonomy":"product_cat","embeddable":true,"href":"https:\/\/b2c.fairs.vn\/en\/wp-json\/wp\/v2\/product_cat?post=2455"},{"taxonomy":"product_tag","embeddable":true,"href":"https:\/\/b2c.fairs.vn\/en\/wp-json\/wp\/v2\/product_tag?post=2455"}],"curies":[{"name":"wp","href":"https:\/\/api.w.org\/{rel}","templated":true}]}}