{"id":2454,"date":"2024-03-19T03:30:17","date_gmt":"2024-03-19T03:30:17","guid":{"rendered":"https:\/\/b2c.fairs.vn\/?post_type=product&#038;p=2454"},"modified":"2024-04-04T16:35:40","modified_gmt":"2024-04-04T09:35:40","slug":"tui-xach-cochi-390g-6-hop","status":"publish","type":"product","link":"https:\/\/b2c.fairs.vn\/en\/product\/tui-xach-cochi-390g-6-hop\/","title":{"rendered":"T\u00daI X\u00c1CH COCHI 390G &#8211; 6 H\u1ed9p"},"content":{"rendered":"<p>Th\u00e0nh ph\u1ea7n: G\u1ea1o t\u1ebb th\u01a1m, ru\u1ed1c th\u1ecbt g\u00e0, d\u1ea7u th\u1ef1c v\u1eadt, mu\u1ed1i, \u1edbt, h\u1ea1t ti\u00eau<\/p>\n<p>H\u01b0\u1edbng d\u1eabn s\u1eed d\u1ee5ng: S\u1ea3n ph\u1ea9m \u0111\u00e3 qua ch\u1ebf bi\u1ebfn, s\u1eed d\u1ee5ng ngay sau khi m\u1edf t\u00fai.<\/p>\n<p>H\u01b0\u1edbng d\u1eabn b\u1ea3o qu\u1ea3n: N\u01a1i kh\u00f4 r\u00e1o, tho\u00e1ng m\u00e1t, tr\u00e1nh \u00e1nh n\u1eafng m\u1eb7t tr\u1eddi.<\/p>","protected":false},"excerpt":{"rendered":"<p>Th\u00e0nh ph\u1ea7n: G\u1ea1o t\u1ebb th\u01a1m, ru\u1ed1c th\u1ecbt g\u00e0, d\u1ea7u th\u1ef1c v\u1eadt, mu\u1ed1i, \u1edbt, h\u1ea1t ti\u00eau H\u01b0\u1edbng d\u1eabn s\u1eed d\u1ee5ng: S\u1ea3n<\/p>","protected":false},"featured_media":2457,"comment_status":"open","ping_status":"closed","template":"","meta":{"_acf_changed":false},"product_cat":[315,22,313],"product_tag":[],"class_list":{"0":"post-2454","1":"product","2":"type-product","3":"status-publish","4":"has-post-thumbnail","6":"product_cat-che-bien-tu-gao-ngu-coc","7":"product_cat-sanphamthucpham","8":"product_cat-thuc-pham-che-bien","10":"first","11":"instock","12":"shipping-taxable","13":"purchasable","14":"product-type-simple"},"acf":[],"_links":{"self":[{"href":"https:\/\/b2c.fairs.vn\/en\/wp-json\/wp\/v2\/product\/2454","targetHints":{"allow":["GET"]}}],"collection":[{"href":"https:\/\/b2c.fairs.vn\/en\/wp-json\/wp\/v2\/product"}],"about":[{"href":"https:\/\/b2c.fairs.vn\/en\/wp-json\/wp\/v2\/types\/product"}],"replies":[{"embeddable":true,"href":"https:\/\/b2c.fairs.vn\/en\/wp-json\/wp\/v2\/comments?post=2454"}],"version-history":[{"count":0,"href":"https:\/\/b2c.fairs.vn\/en\/wp-json\/wp\/v2\/product\/2454\/revisions"}],"wp:featuredmedia":[{"embeddable":true,"href":"https:\/\/b2c.fairs.vn\/en\/wp-json\/wp\/v2\/media\/2457"}],"wp:attachment":[{"href":"https:\/\/b2c.fairs.vn\/en\/wp-json\/wp\/v2\/media?parent=2454"}],"wp:term":[{"taxonomy":"product_cat","embeddable":true,"href":"https:\/\/b2c.fairs.vn\/en\/wp-json\/wp\/v2\/product_cat?post=2454"},{"taxonomy":"product_tag","embeddable":true,"href":"https:\/\/b2c.fairs.vn\/en\/wp-json\/wp\/v2\/product_tag?post=2454"}],"curies":[{"name":"wp","href":"https:\/\/api.w.org\/{rel}","templated":true}]}}