{"id":2451,"date":"2024-03-19T03:28:52","date_gmt":"2024-03-19T03:28:52","guid":{"rendered":"https:\/\/b2c.fairs.vn\/?post_type=product&#038;p=2451"},"modified":"2024-04-04T16:35:25","modified_gmt":"2024-04-04T09:35:25","slug":"com-chay-ninh-binh-vang-vi-rau-cu-250g","status":"publish","type":"product","link":"https:\/\/b2c.fairs.vn\/en\/product\/com-chay-ninh-binh-vang-vi-rau-cu-250g\/","title":{"rendered":"C\u01a1m ch\u00e1y Ninh B\u00ecnh V\u00e0ng V\u1ecb rau c\u1ee7 250g"},"content":{"rendered":"<p>S\u1ea3n ph\u1ea9m \u0111\u00e3 qua ch\u1ebf bi\u1ebfn, s\u1eed d\u1ee5ng ngay sau khi m\u1edf t\u00fai.<\/p>\n<p>B\u1ea3o qu\u1ea3n: N\u01a1i kh\u00f4 r\u00e1o, tho\u00e1ng m\u00e1t, tr\u00e1nh \u00e1nh n\u1eafng m\u1eb7t tr\u1eddi.<\/p>","protected":false},"excerpt":{"rendered":"<p>S\u1ea3n ph\u1ea9m \u0111\u00e3 qua ch\u1ebf bi\u1ebfn, s\u1eed d\u1ee5ng ngay sau khi m\u1edf t\u00fai. B\u1ea3o qu\u1ea3n: N\u01a1i kh\u00f4 r\u00e1o, tho\u00e1ng m\u00e1t,<\/p>","protected":false},"featured_media":2452,"comment_status":"open","ping_status":"closed","template":"","meta":{"_acf_changed":false},"product_cat":[315,22,313],"product_tag":[],"class_list":{"0":"post-2451","1":"product","2":"type-product","3":"status-publish","4":"has-post-thumbnail","6":"product_cat-che-bien-tu-gao-ngu-coc","7":"product_cat-sanphamthucpham","8":"product_cat-thuc-pham-che-bien","10":"first","11":"instock","12":"shipping-taxable","13":"purchasable","14":"product-type-simple"},"acf":[],"_links":{"self":[{"href":"https:\/\/b2c.fairs.vn\/en\/wp-json\/wp\/v2\/product\/2451","targetHints":{"allow":["GET"]}}],"collection":[{"href":"https:\/\/b2c.fairs.vn\/en\/wp-json\/wp\/v2\/product"}],"about":[{"href":"https:\/\/b2c.fairs.vn\/en\/wp-json\/wp\/v2\/types\/product"}],"replies":[{"embeddable":true,"href":"https:\/\/b2c.fairs.vn\/en\/wp-json\/wp\/v2\/comments?post=2451"}],"version-history":[{"count":0,"href":"https:\/\/b2c.fairs.vn\/en\/wp-json\/wp\/v2\/product\/2451\/revisions"}],"wp:featuredmedia":[{"embeddable":true,"href":"https:\/\/b2c.fairs.vn\/en\/wp-json\/wp\/v2\/media\/2452"}],"wp:attachment":[{"href":"https:\/\/b2c.fairs.vn\/en\/wp-json\/wp\/v2\/media?parent=2451"}],"wp:term":[{"taxonomy":"product_cat","embeddable":true,"href":"https:\/\/b2c.fairs.vn\/en\/wp-json\/wp\/v2\/product_cat?post=2451"},{"taxonomy":"product_tag","embeddable":true,"href":"https:\/\/b2c.fairs.vn\/en\/wp-json\/wp\/v2\/product_tag?post=2451"}],"curies":[{"name":"wp","href":"https:\/\/api.w.org\/{rel}","templated":true}]}}