{"id":2443,"date":"2024-03-19T03:27:32","date_gmt":"2024-03-19T03:27:32","guid":{"rendered":"https:\/\/b2c.fairs.vn\/?post_type=product&#038;p=2443"},"modified":"2024-03-19T03:27:32","modified_gmt":"2024-03-19T03:27:32","slug":"nuoc-sam-ngoc-linh","status":"publish","type":"product","link":"https:\/\/b2c.fairs.vn\/en\/product\/nuoc-sam-ngoc-linh\/","title":{"rendered":"N\u01b0\u1edbc S\u00e2m Ng\u1ecdc Linh"},"content":{"rendered":"<p><strong>N\u01b0\u1edbc S\u00e2m Ng\u1ecdc Linh v\u1edbi th\u00e0nh ph\u1ea7n ho\u00e0n to\u00e0n t\u1eeb S\u00e2m Ng\u1ecdc Linh nguy\u00ean ch\u1ea5t c\u00f9ng v\u1edbi n\u01b0\u1edbc tinh khi\u1ebft, kh\u00f4ng \u0111\u01b0\u1eddng, kh\u00f4ng ch\u1ea5t b\u1ea3o qu\u1ea3n, \u0111\u01b0\u1ee3c s\u1ea3n xu\u1ea5t b\u1edfi c\u00f4ng ngh\u1ec7 ti\u00ean ti\u1ebfn v\u1edbi nh\u00e0 m\u00e1y \u0111\u1ea1t ti\u00eau chu\u1ea9n GMP.<\/strong><br \/>\n<strong>C\u00f4ng d\u1ee5ng: B\u1ed3i b\u1ed5 s\u1ee9c kh\u1ecfe, ch\u1ed1ng l\u00e3o h\u00f3a, thanh nhi\u1ec7t gi\u1ea3i \u0111\u1ed9c, gi\u00fap b\u1ea3o v\u1ec7 t\u1ebf b\u00e0o gan, gi\u00fap \u0103n ngon ng\u1ee7 s\u00e2u, t\u0103ng s\u1ee9c \u0111\u1ec1 kh\u00e1ng, c\u1ea3i thi\u1ec7n c\u00e1c tr\u01b0\u1eddng h\u1ee3p suy nh\u01b0\u1ee3c th\u1ea7n kinh, suy nh\u01b0\u1ee3c c\u01a1 th\u1ec3, t\u1ed1t cho s\u1ee9c kh\u1ecfe\u2026<\/strong><\/p>","protected":false},"excerpt":{"rendered":"<p>N\u01b0\u1edbc S\u00e2m Ng\u1ecdc Linh v\u1edbi th\u00e0nh ph\u1ea7n ho\u00e0n to\u00e0n t\u1eeb S\u00e2m Ng\u1ecdc Linh nguy\u00ean ch\u1ea5t c\u00f9ng v\u1edbi n\u01b0\u1edbc tinh khi\u1ebft,<\/p>","protected":false},"featured_media":2446,"comment_status":"open","ping_status":"closed","template":"","meta":{"_acf_changed":false},"product_cat":[325,329,331,332,333],"product_tag":[],"class_list":{"0":"post-2443","1":"product","2":"type-product","3":"status-publish","4":"has-post-thumbnail","6":"product_cat-san-pham-do-uong","7":"product_cat-do-uong-khong-con","8":"product_cat-do-uong-khong-con-do-uong-khong-con","9":"product_cat-san-pham-duoc-lieu-va-san-pham-tu-duoc-lieu","10":"product_cat-thuc-pham-chuc-nang-thuoc-duoc-lieu-thuoc-y-hoc-co-truyen","12":"first","13":"instock","14":"shipping-taxable","15":"product-type-simple"},"acf":[],"_links":{"self":[{"href":"https:\/\/b2c.fairs.vn\/en\/wp-json\/wp\/v2\/product\/2443","targetHints":{"allow":["GET"]}}],"collection":[{"href":"https:\/\/b2c.fairs.vn\/en\/wp-json\/wp\/v2\/product"}],"about":[{"href":"https:\/\/b2c.fairs.vn\/en\/wp-json\/wp\/v2\/types\/product"}],"replies":[{"embeddable":true,"href":"https:\/\/b2c.fairs.vn\/en\/wp-json\/wp\/v2\/comments?post=2443"}],"version-history":[{"count":0,"href":"https:\/\/b2c.fairs.vn\/en\/wp-json\/wp\/v2\/product\/2443\/revisions"}],"wp:featuredmedia":[{"embeddable":true,"href":"https:\/\/b2c.fairs.vn\/en\/wp-json\/wp\/v2\/media\/2446"}],"wp:attachment":[{"href":"https:\/\/b2c.fairs.vn\/en\/wp-json\/wp\/v2\/media?parent=2443"}],"wp:term":[{"taxonomy":"product_cat","embeddable":true,"href":"https:\/\/b2c.fairs.vn\/en\/wp-json\/wp\/v2\/product_cat?post=2443"},{"taxonomy":"product_tag","embeddable":true,"href":"https:\/\/b2c.fairs.vn\/en\/wp-json\/wp\/v2\/product_tag?post=2443"}],"curies":[{"name":"wp","href":"https:\/\/api.w.org\/{rel}","templated":true}]}}