{"id":2438,"date":"2024-03-19T03:26:18","date_gmt":"2024-03-19T03:26:18","guid":{"rendered":"https:\/\/b2c.fairs.vn\/?post_type=product&#038;p=2438"},"modified":"2024-03-19T03:26:19","modified_gmt":"2024-03-19T03:26:19","slug":"ruou-sam-day-ngoc-linh","status":"publish","type":"product","link":"https:\/\/b2c.fairs.vn\/en\/product\/ruou-sam-day-ngoc-linh\/","title":{"rendered":"R\u01b0\u1ee3u S\u00e2m D\u00e2y Ng\u1ecdc Linh"},"content":{"rendered":"<div>\n<div>\n<p><strong>S\u00c2M D\u00c2Y NG\u1eccC LINH<\/strong><\/p>\n<p><strong>S\u00e2m d\u00e2y Ng\u1ecdc Linh t\u00ean khoa h\u1ecdc l\u00e0 Codonopsis Javanica hay t\u00ean g\u1ecdi kh\u00e1c l\u00e0 \u0110\u1ea3ng s\u00e2m, \u0110\u1eb3ng s\u00e2m ho\u1eb7c H\u1ed3ng \u0110\u1eb3ng S\u00e2m. C\u00e2y c\u00f3 ngu\u1ed3n g\u1ed1c \u1edf v\u00f9ng \u0110\u00f4ng B\u1eafc Ch\u00e2u \u00c1.<\/strong><\/p>\n<p><strong>\u1ede Vi\u1ec7t Nam, S\u00e2m d\u00e2y th\u01b0\u1eddng m\u1ecdc t\u1ea1i c\u00e1c c\u00e1nh r\u1eebng th\u01b0a \u1edf ng\u1ecdn n\u00fai Ng\u1ecdc Linh \u2013 Kon Tum, \u0111\u00e2y l\u00e0 n\u01a1i c\u00f3 kh\u00ed h\u1eadu v\u00e0 th\u1ed5 nh\u01b0\u1ee1ng ph\u00f9 h\u1ee3p \u0111\u1ec3 s\u00e2m d\u00e2y c\u00f3 th\u1ec3 ph\u00e1t tri\u1ec3n t\u1ed1t v\u00e0 t\u1ea1o n\u00ean th\u01b0\u01a1ng hi\u1ec7u \u0111\u01b0\u1ee3c nhi\u1ec1u ng\u01b0\u1eddi bi\u1ebft \u0111\u1ebfn.<\/strong><\/p>\n<p><strong>S\u00e2m d\u00e2y thu\u1ed9c lo\u1ea1i r\u1ec5 sinh c\u1ee7, th\u00e2n nhi\u1ec1u nh\u00e1nh r\u1ec5, c\u00f3 m\u00e0u v\u00e0ng n\u00e2u nh\u01b0 m\u00e0u c\u00e1nh gi\u00e1n. \u1ede Kon Tum, S\u00e2m d\u00e2y Ng\u1ecdc Linh l\u00e0 lo\u1ea1i d\u01b0\u1ee3c li\u1ec7u ph\u1ed5 bi\u1ebfn, \u0111\u01b0\u1ee3c d\u00f9ng l\u00e0 b\u00ecnh r\u01b0\u1ee3u s\u00e2m ti\u1ebfp \u0111\u00e3i kh\u00e1ch trong c\u00e1c d\u1ecbp l\u1ec5 t\u1ebft.<\/strong><\/p>\n<p><strong>Theo c\u00e1c nghi\u00ean c\u1ee9u, trong s\u00e2m d\u00e2y Ng\u1ecdc Linh c\u00f3 ch\u1ee9a c\u00e1c Saponin, Alkaloid \u2013 nh\u1eefng ho\u1ea1t ch\u1ea5t c\u01a1 b\u1ea3n c\u00f3 trong t\u1ea5t c\u1ea3 c\u00e1c lo\u1ea1i s\u00e2m. B\u00ean c\u1ea1nh \u0111\u00f3 n\u00f3 c\u00f2n ch\u1ee9a c\u00e1c lo\u1ea1i vitamin, acid amin v\u00e0 kho\u00e1ng ch\u1ea5t kh\u00e1c gi\u00fap h\u1ed7 tr\u1ee3 v\u00e0 t\u0103ng c\u01b0\u1eddng s\u1ee9c kh\u1ecfe. Ngo\u00e0i ra n\u00f3 c\u00f2n c\u00f3 m\u1ed9t h\u00e0m l\u01b0\u1ee3ng nh\u1ecf c\u00e1c tinh d\u1ea7u, nguy\u00ean t\u1ed1 v\u00f4 c\u01a1, nguy\u00ean t\u1ed1 vi l\u01b0\u1ee3ng kh\u00e1c\u2026\u0111\u1ec1u l\u00e0 nh\u1eefng th\u00e0nh ph\u1ea7n c\u00f3 t\u00e1c d\u1ee5ng trong vi\u1ec7c \u0111i\u1ec1u tr\u1ecb h\u1ed7 tr\u1ee3, ph\u1ee5c h\u1ed3i s\u1ee9c kh\u1ecfe t\u1ed1t<\/strong><\/p>\n<p><strong>C\u00f4ng d\u1ee5ng c\u1ee7a s\u00e2m d\u00e2y Ng\u1ecdc Linh<\/strong><br \/>\n<strong>L\u00e0 m\u1ed9t lo\u1ea1i th\u1ea3o d\u01b0\u1ee3c qu\u00fd, \u0111\u01b0\u1ee3c d\u00e2n gian l\u01b0u truy\u1ec1n v\u00e0 s\u1eed d\u1ee5ng t\u1eeb l\u00e2u n\u00ean s\u00e2m d\u00e2y c\u00f3 r\u1ea5t nhi\u1ec1u c\u00f4ng d\u1ee5ng t\u1ed1t cho ng\u01b0\u1eddi \u0111ang g\u1eb7p c\u00e1c v\u1ea5n \u0111\u1ec1 v\u1ec1 s\u1ee9c kh\u1ecfe c\u1ea7n c\u00f3 s\u1ef1 h\u1ed7 tr\u1ee3 t\u1eeb lo\u1ea1i th\u1ea3o d\u01b0\u1ee3c n\u00e0y<\/strong><br \/>\n<strong>\u2013 T\u0103ng c\u01b0\u1eddng v\u00e0 h\u1ed3i ph\u1ee5c s\u1ee9c kh\u1ecfe nh\u1ea5t l\u00e0 nh\u1eefng ng\u01b0\u1eddi suy nh\u01b0\u1ee3c c\u01a1 th\u1ec3.<\/strong><br \/>\n<strong>\u2013 H\u1ed7 tr\u1ee3 ph\u00f2ng ng\u1eeba ung th\u01b0<\/strong><br \/>\n<strong>\u2013 C\u1ea3i thi\u1ec7n t\u00ecnh tr\u1ea1ng m\u1ea5t ng\u1ee7, ng\u1ee7 kh\u00f4ng ngon gi\u1ea5c, gi\u1ea3m stress.<\/strong><br \/>\n<strong>\u2013 T\u0103ng c\u01b0\u1eddng ch\u1ee9c n\u0103ng gan, b\u1ea3o v\u1ec7 gan.<\/strong><br \/>\n<strong>\u2013 Ch\u1ed1ng l\u00e3o h\u00f3a, h\u1ea1 Cholesterol.<\/strong><br \/>\n<strong>\u2013 Gi\u00fap x\u01b0\u01a1ng ch\u1eafc kh\u1ecfe.<\/strong><br \/>\n<strong>\u2013 T\u0103ng c\u01b0\u1eddng h\u1ed7 tr\u1ee3 ho\u1ea1t \u0111\u1ed9ng tim<\/strong><br \/>\n<strong>\u2013 N\u00e2ng cao th\u1ecb l\u1ef1c, h\u1ed7 tr\u1ee3 c\u00e1c v\u1ea5n \u0111\u1ec1 v\u1ec1 m\u1eaft.<\/strong><br \/>\n<strong>\u2013 C\u00f3 t\u00e1c d\u1ee5ng v\u1edbi nh\u1eefng b\u1ec7nh nh\u00e2n \u0111ang g\u1eb7p c\u00e1c v\u1ea5n \u0111\u1ec1 v\u1ec1 ho, kh\u00e1ng vi\u00eam.<\/strong><\/p>\n<p><strong>C\u00e1ch d\u00f9ng s\u00e2m d\u00e2y Ng\u1ecdc Linh<\/strong><br \/>\n<strong>\u2013 C\u00f3 th\u1ec3 d\u00f9ng \u0111\u1ec3 n\u1ea5u n\u01b0\u1edbc (d\u00f9ng 30 \u2013 40 gram s\u00e2m d\u00e2y v\u1edbi 2 l\u00edt n\u01b0\u1edbc \u0111un trong 5 ph\u00fat). S\u00e2m d\u00e2y c\u00f3 th\u1ec3 u\u1ed1ng n\u00f3ng ho\u1eb7c l\u1ea1nh, khi u\u1ed1ng c\u00f3 v\u1ecb thanh ng\u1ecdt v\u00e0 m\u00f9i th\u01a1m nh\u1eb9. Tuy nhi\u00ean h\u1ea1n ch\u1ebf s\u1eed d\u1ee5ng s\u00e2m d\u00e2y v\u00e0o bu\u1ed5i t\u1ed1i v\u00ec c\u00f3 th\u1ec3 g\u00e2y ra t\u00ecnh tr\u1ea1ng m\u1ea5t ng\u1ee7<\/strong><br \/>\n<strong>\u2013 Ngo\u00e0i ra c\u00f2n c\u00f3 th\u1ec3 d\u00f9ng \u0111\u1ec3 ng\u00e2m r\u01b0\u1ee3u. Ng\u00e2m s\u00e2m d\u00e2y v\u1edbi r\u01b0\u1ee3u tr\u1eafng nguy\u00ean ch\u1ea5t (tr\u00ean 40 \u0111\u1ed9), n\u00ean ng\u00e2m s\u00e2m d\u00e2y trong c\u00e1c lo\u1ea1i l\u1ecd th\u1ee7y tinh ch\u1eafc ch\u1eafn tr\u00e1nh d\u00f9ng lo\u1ea1i nh\u1ef1a. Sau h\u01a1n 2 th\u00e1ng l\u00e0 d\u00f9ng \u0111\u01b0\u1ee3c, ng\u01b0\u1eddi b\u1ec7nh c\u00f3 th\u1ec3 d\u00f9ng 1-2 ly 100ml m\u1ed9t ng\u00e0y \u0111\u1ec3 b\u1ed3i b\u1ed5, duy tr\u00ec s\u1ee9c kh\u1ecfe (t\u1ed1t nh\u1ea5t l\u00e0 sau b\u1eefa \u0103n tr\u01b0a ho\u1eb7c t\u1ed1i)<\/strong><\/p>\n<\/div>\n<\/div>\n<div>\n<div>\n<h3 class=\"text-xl my-5 font-bold\">Th\u00f4ng s\u1ed1 k\u1ef9 thu\u1eadt<\/h3>\n<\/div>\n<\/div>","protected":false},"excerpt":{"rendered":"<p>S\u00c2M D\u00c2Y NG\u1eccC LINH S\u00e2m d\u00e2y Ng\u1ecdc Linh t\u00ean khoa h\u1ecdc l\u00e0 Codonopsis Javanica hay t\u00ean g\u1ecdi kh\u00e1c l\u00e0 \u0110\u1ea3ng<\/p>","protected":false},"featured_media":2440,"comment_status":"open","ping_status":"closed","template":"","meta":{"_acf_changed":false},"product_cat":[325,326,328],"product_tag":[],"class_list":{"0":"post-2438","1":"product","2":"type-product","3":"status-publish","4":"has-post-thumbnail","6":"product_cat-san-pham-do-uong","7":"product_cat-do-uong-co-con","8":"product_cat-do-uong-co-con-khac","10":"first","11":"instock","12":"shipping-taxable","13":"product-type-simple"},"acf":[],"_links":{"self":[{"href":"https:\/\/b2c.fairs.vn\/en\/wp-json\/wp\/v2\/product\/2438","targetHints":{"allow":["GET"]}}],"collection":[{"href":"https:\/\/b2c.fairs.vn\/en\/wp-json\/wp\/v2\/product"}],"about":[{"href":"https:\/\/b2c.fairs.vn\/en\/wp-json\/wp\/v2\/types\/product"}],"replies":[{"embeddable":true,"href":"https:\/\/b2c.fairs.vn\/en\/wp-json\/wp\/v2\/comments?post=2438"}],"version-history":[{"count":0,"href":"https:\/\/b2c.fairs.vn\/en\/wp-json\/wp\/v2\/product\/2438\/revisions"}],"wp:featuredmedia":[{"embeddable":true,"href":"https:\/\/b2c.fairs.vn\/en\/wp-json\/wp\/v2\/media\/2440"}],"wp:attachment":[{"href":"https:\/\/b2c.fairs.vn\/en\/wp-json\/wp\/v2\/media?parent=2438"}],"wp:term":[{"taxonomy":"product_cat","embeddable":true,"href":"https:\/\/b2c.fairs.vn\/en\/wp-json\/wp\/v2\/product_cat?post=2438"},{"taxonomy":"product_tag","embeddable":true,"href":"https:\/\/b2c.fairs.vn\/en\/wp-json\/wp\/v2\/product_tag?post=2438"}],"curies":[{"name":"wp","href":"https:\/\/api.w.org\/{rel}","templated":true}]}}