{"id":2428,"date":"2024-03-19T03:23:39","date_gmt":"2024-03-19T03:23:39","guid":{"rendered":"https:\/\/b2c.fairs.vn\/?post_type=product&#038;p=2428"},"modified":"2024-04-04T16:27:47","modified_gmt":"2024-04-04T09:27:47","slug":"com-chay-nep-sieu-ruoc","status":"publish","type":"product","link":"https:\/\/b2c.fairs.vn\/en\/product\/com-chay-nep-sieu-ruoc\/","title":{"rendered":"C\u01a1m ch\u00e1y n\u1ebfp si\u00eau ru\u1ed1c"},"content":{"rendered":"<p>C\u01a1m ch\u00e1y si\u00eau ru\u1ed1c Ninh B\u00ecnh V\u00e0ng n\u1ed5i b\u1eadt ch\u00ednh l\u00e0 nh\u1eefng mi\u1ebfng c\u01a1m v\u00e0ng t\u01b0\u01a1i, gi\u00f2n tan,nhai r\u1ed9p r\u1ed9p \u0111\u00e3 ,kh\u00f4ng b\u1ecb c\u1ee9ng, c\u01a1m ch\u00e1y th\u01a1m. Ch\u00e0 B\u00f4ng s\u1ea1ch, an to\u00e0n, r\u1ea5t ngon, ch\u00e0 b\u00f4ng ch\u1ea5t l\u01b0\u1ee3ng, kh\u00f4ng b\u1ecb m\u1eb7n qu\u00e1 n\u00ean \u0103n k\u00e8m ngon gh\u00ea. Nguy\u00ean li\u1ec7u \u0111\u1ec1u \u0111\u01b0\u1ee3c l\u1ef1a ch\u1ecdn k\u1ef9 l\u01b0\u1ee1ng t\u1eeb nh\u1eefng nh\u00e0 cung c\u1ea5p uy t\u00edn, ho\u00e0n to\u00e0n t\u1ef1 nhi\u00ean, an to\u00e0n cho s\u1ee9c kh\u1ecfe ng\u01b0\u1eddi s\u1eed d\u1ee5ng, t\u1ea5t c\u1ea3 t\u1ea1o n\u00ean m\u00f3n c\u01a1m ch\u00e1y h\u1ea3o h\u1ea1ng, ch\u1ec9 \u0103n 1 l\u1ea7n l\u00e0 nghi\u1ec1n. \u0110\u1eb7c bi\u1ec7t th\u00edch h\u1ee3p v\u1edbi m\u1ecdi l\u1ee9a tu\u1ed5i, th\u00edch h\u1ee3p l\u00e0m qu\u00e0 bi\u1ebfu qu\u00e0 t\u1eb7ng.<\/p>","protected":false},"excerpt":{"rendered":"<p>C\u01a1m ch\u00e1y si\u00eau ru\u1ed1c Ninh B\u00ecnh V\u00e0ng n\u1ed5i b\u1eadt ch\u00ednh l\u00e0 nh\u1eefng mi\u1ebfng c\u01a1m v\u00e0ng t\u01b0\u01a1i, gi\u00f2n tan,nhai r\u1ed9p r\u1ed9p<\/p>","protected":false},"featured_media":2430,"comment_status":"open","ping_status":"closed","template":"","meta":{"_acf_changed":false},"product_cat":[315,22,313],"product_tag":[],"class_list":{"0":"post-2428","1":"product","2":"type-product","3":"status-publish","4":"has-post-thumbnail","6":"product_cat-che-bien-tu-gao-ngu-coc","7":"product_cat-sanphamthucpham","8":"product_cat-thuc-pham-che-bien","10":"first","11":"instock","12":"shipping-taxable","13":"purchasable","14":"product-type-simple"},"acf":[],"_links":{"self":[{"href":"https:\/\/b2c.fairs.vn\/en\/wp-json\/wp\/v2\/product\/2428","targetHints":{"allow":["GET"]}}],"collection":[{"href":"https:\/\/b2c.fairs.vn\/en\/wp-json\/wp\/v2\/product"}],"about":[{"href":"https:\/\/b2c.fairs.vn\/en\/wp-json\/wp\/v2\/types\/product"}],"replies":[{"embeddable":true,"href":"https:\/\/b2c.fairs.vn\/en\/wp-json\/wp\/v2\/comments?post=2428"}],"version-history":[{"count":0,"href":"https:\/\/b2c.fairs.vn\/en\/wp-json\/wp\/v2\/product\/2428\/revisions"}],"wp:featuredmedia":[{"embeddable":true,"href":"https:\/\/b2c.fairs.vn\/en\/wp-json\/wp\/v2\/media\/2430"}],"wp:attachment":[{"href":"https:\/\/b2c.fairs.vn\/en\/wp-json\/wp\/v2\/media?parent=2428"}],"wp:term":[{"taxonomy":"product_cat","embeddable":true,"href":"https:\/\/b2c.fairs.vn\/en\/wp-json\/wp\/v2\/product_cat?post=2428"},{"taxonomy":"product_tag","embeddable":true,"href":"https:\/\/b2c.fairs.vn\/en\/wp-json\/wp\/v2\/product_tag?post=2428"}],"curies":[{"name":"wp","href":"https:\/\/api.w.org\/{rel}","templated":true}]}}