{"id":2424,"date":"2024-03-19T03:23:11","date_gmt":"2024-03-19T03:23:11","guid":{"rendered":"https:\/\/b2c.fairs.vn\/?post_type=product&#038;p=2424"},"modified":"2024-03-19T03:23:11","modified_gmt":"2024-03-19T03:23:11","slug":"dich-chiet-sam-ngoc-linh","status":"publish","type":"product","link":"https:\/\/b2c.fairs.vn\/en\/product\/dich-chiet-sam-ngoc-linh\/","title":{"rendered":"D\u1ecbch Chi\u1ebft S\u00e2m Ng\u1ecdc Linh"},"content":{"rendered":"<p><strong>\u0110\u01b0\u1ee3c chi\u1ebft su\u1ea5t 100% t\u1eeb S\u00e2m ng\u1ecdc linh.<\/strong><br \/>\n<strong>C\u00f4ng d\u1ee5ng: b\u1ed3i b\u1ed5 s\u1ee9c kh\u1ecfe ch\u1ed1ng l\u00e3o h\u00f3a thanh nhi\u1ec7t gi\u1ea3i \u0111\u1ed9c, m\u00e1t gan.<\/strong><\/p>\n<p><strong>T\u0103ng c\u01b0\u1eddng s\u1ee9c \u0111\u1ec1 kh\u00e1ng gi\u00fap \u0103n ngon, ng\u1ee7 s\u00e2u.<\/strong><\/p>","protected":false},"excerpt":{"rendered":"<p>\u0110\u01b0\u1ee3c chi\u1ebft su\u1ea5t 100% t\u1eeb S\u00e2m ng\u1ecdc linh. C\u00f4ng d\u1ee5ng: b\u1ed3i b\u1ed5 s\u1ee9c kh\u1ecfe ch\u1ed1ng l\u00e3o h\u00f3a thanh nhi\u1ec7t gi\u1ea3i<\/p>","protected":false},"featured_media":2426,"comment_status":"open","ping_status":"closed","template":"","meta":{"_acf_changed":false},"product_cat":[332,333,335],"product_tag":[],"class_list":{"0":"post-2424","1":"product","2":"type-product","3":"status-publish","4":"has-post-thumbnail","6":"product_cat-san-pham-duoc-lieu-va-san-pham-tu-duoc-lieu","7":"product_cat-thuc-pham-chuc-nang-thuoc-duoc-lieu-thuoc-y-hoc-co-truyen","8":"product_cat-tinh-dau-va-thao-duoc-khac","10":"first","11":"instock","12":"shipping-taxable","13":"product-type-simple"},"acf":[],"_links":{"self":[{"href":"https:\/\/b2c.fairs.vn\/en\/wp-json\/wp\/v2\/product\/2424","targetHints":{"allow":["GET"]}}],"collection":[{"href":"https:\/\/b2c.fairs.vn\/en\/wp-json\/wp\/v2\/product"}],"about":[{"href":"https:\/\/b2c.fairs.vn\/en\/wp-json\/wp\/v2\/types\/product"}],"replies":[{"embeddable":true,"href":"https:\/\/b2c.fairs.vn\/en\/wp-json\/wp\/v2\/comments?post=2424"}],"version-history":[{"count":0,"href":"https:\/\/b2c.fairs.vn\/en\/wp-json\/wp\/v2\/product\/2424\/revisions"}],"wp:featuredmedia":[{"embeddable":true,"href":"https:\/\/b2c.fairs.vn\/en\/wp-json\/wp\/v2\/media\/2426"}],"wp:attachment":[{"href":"https:\/\/b2c.fairs.vn\/en\/wp-json\/wp\/v2\/media?parent=2424"}],"wp:term":[{"taxonomy":"product_cat","embeddable":true,"href":"https:\/\/b2c.fairs.vn\/en\/wp-json\/wp\/v2\/product_cat?post=2424"},{"taxonomy":"product_tag","embeddable":true,"href":"https:\/\/b2c.fairs.vn\/en\/wp-json\/wp\/v2\/product_tag?post=2424"}],"curies":[{"name":"wp","href":"https:\/\/api.w.org\/{rel}","templated":true}]}}