{"id":2418,"date":"2024-03-19T03:21:31","date_gmt":"2024-03-19T03:21:31","guid":{"rendered":"https:\/\/b2c.fairs.vn\/?post_type=product&#038;p=2418"},"modified":"2024-04-19T17:02:56","modified_gmt":"2024-04-19T10:02:56","slug":"nuoc-mam-lach-ken","status":"publish","type":"product","link":"https:\/\/b2c.fairs.vn\/en\/product\/nuoc-mam-lach-ken\/","title":{"rendered":"N\u01b0\u1edbc m\u1eafm L\u1ea1ch k\u00e8n"},"content":{"rendered":"<p style=\"text-align: center;\">N\u01af\u1edaC M\u1eaeM L\u1ea0CH K\u00c8N<\/p>\n<p style=\"text-align: center;\">\u0110\u1eacM \u0110\u00c0 H\u01af\u01a0NG V\u1eca TRUY\u1ec0N TH\u1ed0NG<\/p>\n<ul>\n<li>Nguy\u00ean li\u1ec7u N\u01af\u1edaC M\u1eaeM L\u1ea0CH K\u00c8N \u0111\u01b0\u1ee3c tuy\u1ec3n ch\u1ecdn k\u1ef9 c\u00e0ng t\u1eeb bi\u1ec3n C\u01b0\u01a1ng Gi\u00e1n v\u00e0 c\u00f4ng th\u1ee9c l\u00e2u \u0111\u1eddi, truy\u1ec1n th\u1ed1ng c\u1ee7a cha \u00f4ng, n\u01b0\u1edbc m\u1eafm L\u1ea0CH K\u00c8N \u0111\u01b0\u1ee3c k\u00e9o r\u00fat tr\u1ef1c ti\u1ebfp t\u1eeb chum \u1ee7 ch\u01b0\u1ee3p, ch\u00edn ch\u1eadm \u0111\u1ee7 12 th\u00e1ng v\u1edbi c\u00e1 c\u01a1m con to b\u00e9o t\u01b0\u01a1i h\u00f2a quy\u1ec7n v\u00e0o mu\u1ed1i tinh khi\u1ebft t\u1ea1o n\u00ean nh\u1eefng gi\u1ecdt n\u01b0\u1edbc m\u1eafm ngon tuy\u1ec7t h\u1ea3o.<\/li>\n<li>N\u01b0\u1edbc m\u1eafm truy\u1ec1n th\u1ed1ng L\u1ea1ch K\u00e8n l\u00e0 s\u1ea3n ph\u1ea9m N\u01b0\u1edbc m\u1eafm truy\u1ec1n th\u1ed1ng \u0111\u01b0\u1ee3c ch\u1eaft c\u1ed1t t\u1eeb tinh ch\u1ea5t c\u00e1 v\u00e0 mu\u1ed1i \u0111\u01b0\u1ee3c \u1ee7 trong c\u00e1c chum s\u00e0nh, th\u00f9ng Inox t\u1eeb 2-3 n\u0103m, qu\u00e1 tr\u00ecnh n\u00e0y s\u1ebd gi\u00fap th\u1ecbt c\u00e1 ng\u1ea5m d\u1ea7m trong mu\u1ed1i m\u1eb7n v\u00e0 ph\u00e2n gi\u1ea3i c\u00e1c protein t\u1eeb \u0111\u01a1n gi\u1ea3n \u0111\u1ebfn ph\u1ee9c t\u1ea1p c\u00f9ng c\u00e1c axit amin c\u00f3 l\u1ee3i cho s\u1ee9c kh\u1ecfe. C\u00e1c axit amin n\u00e0y \u0111\u1ec1u \u0111\u01b0\u1ee3c t\u1ed5ng h\u1ee3p t\u1eeb nh\u1eefng enzim c\u00f3 s\u1eb5n trong h\u1ec7 ti\u00eau h\u00f3a v\u00e0 trong th\u1ecbt c\u00e1, gi\u00fap n\u01b0\u1edbc m\u1eafm truy\u1ec1n th\u1ed1ng khi ch\u1eaft c\u1ed1t c\u00f3 v\u1ecb ng\u1ecdt h\u1eadu, m\u1eb7n ng\u1ecdt h\u00e0i h\u00f2a v\u00e0 th\u1eadt T\u1ef0 NHI\u00caN, NGUY\u00caN CH\u1ea4T, S\u1ea0CH m\u00e0 kh\u00f4ng c\u1ea7n \u0111\u1ebfn b\u1ea5t c\u1ee9 s\u1ef1 can thi\u1ec7p n\u00e0o c\u1ee7a h\u01b0\u01a1ng li\u1ec7u, ph\u1ee5 gia n\u00e0o kh\u00e1c.<\/li>\n<li>N\u01b0\u1edbc m\u1eafm nguy\u00ean ch\u1ea5t c\u00f3 m\u00e0u n\u00e2u c\u00e1nh gi\u00e1n v\u00e0 m\u00f9i th\u01a1m \u0111\u1eb7c tr\u01b0ng, khi d\u00f9ng c\u00f3 h\u01b0\u01a1ng v\u1ecb m\u1eb7n, ng\u1ecdt v\u00e0 \u0111\u1eadm \u0111\u00e0.<\/li>\n<li>N\u01b0\u1edbc m\u1eafm nguy\u00ean ch\u1ea5t c\u00f3 nhi\u1ec1u l\u1ee3i \u00edch cho s\u1ee9c kh\u1ecfe. N\u00f3 ch\u1ee9a c\u00e1c axit amin c\u1ea7n thi\u1ebft cho c\u01a1 th\u1ec3, \u0111\u1eb7c bi\u1ec7t l\u00e0 lysin, methionin v\u00e0 tryptophan. N\u00f3 c\u0169ng l\u00e0 ngu\u1ed3n cung c\u1ea5p canxi, s\u1eaft v\u00e0 vitamin B12. C\u00e1c ch\u1ea5t dinh d\u01b0\u1ee1ng n\u00e0y c\u00f3 t\u00e1c d\u1ee5ng t\u0103ng c\u01b0\u1eddng s\u1ee9c kh\u1ecfe tim m\u1ea1ch, \u1ed5n \u0111\u1ecbnh huy\u1ebft \u00e1p, t\u0103ng c\u01b0\u1eddng h\u1ec7 mi\u1ec5n d\u1ecbch v\u00e0 gi\u00fap t\u0103ng c\u01b0\u1eddng tr\u00ed nh\u1edb.<\/li>\n<\/ul>\n<p>&nbsp;<\/p>\n<p><img decoding=\"async\" src=\"https:\/\/static.xx.fbcdn.net\/images\/emoji.php\/v9\/te\/2\/16\/2611.png\" alt=\"\u2611\ufe0f\" width=\"16\" height=\"16\" \/>100% nguy\u00ean ch\u1ea5t<\/p>\n<p><img decoding=\"async\" src=\"https:\/\/static.xx.fbcdn.net\/images\/emoji.php\/v9\/te\/2\/16\/2611.png\" alt=\"\u2611\ufe0f\" width=\"16\" height=\"16\" \/>Nguy\u00ean li\u1ec7u C\u00e1 c\u01a1m t\u01b0\u01a1i<\/p>\n<p><img decoding=\"async\" src=\"https:\/\/static.xx.fbcdn.net\/images\/emoji.php\/v9\/te\/2\/16\/2611.png\" alt=\"\u2611\ufe0f\" width=\"16\" height=\"16\" \/>Kh\u00f4ng ch\u1ea5t b\u1ea3o qu\u1ea3n<\/p>","protected":false},"excerpt":{"rendered":"<p>N\u01af\u1edaC M\u1eaeM L\u1ea0CH K\u00c8N \u0110\u1eacM \u0110\u00c0 H\u01af\u01a0NG V\u1eca TRUY\u1ec0N TH\u1ed0NG Nguy\u00ean li\u1ec7u N\u01af\u1edaC M\u1eaeM L\u1ea0CH K\u00c8N \u0111\u01b0\u1ee3c tuy\u1ec3n ch\u1ecdn k\u1ef9<\/p>","protected":false},"featured_media":15574,"comment_status":"open","ping_status":"closed","template":"","meta":{"_acf_changed":false},"product_cat":[318,366,398,22,319],"product_tag":[],"class_list":{"0":"post-2418","1":"product","2":"type-product","3":"status-publish","4":"has-post-thumbnail","6":"product_cat-gia-vi","7":"product_cat-hang-cnnt-cap-qg","8":"product_cat-san-pham-cnnt-tb-cap-qg-2021","9":"product_cat-sanphamthucpham","10":"product_cat-tuong-nuoc-mam-gia-vi-dang-long-khac","12":"first","13":"instock","14":"featured","15":"shipping-taxable","16":"product-type-variable"},"acf":[],"_links":{"self":[{"href":"https:\/\/b2c.fairs.vn\/en\/wp-json\/wp\/v2\/product\/2418","targetHints":{"allow":["GET"]}}],"collection":[{"href":"https:\/\/b2c.fairs.vn\/en\/wp-json\/wp\/v2\/product"}],"about":[{"href":"https:\/\/b2c.fairs.vn\/en\/wp-json\/wp\/v2\/types\/product"}],"replies":[{"embeddable":true,"href":"https:\/\/b2c.fairs.vn\/en\/wp-json\/wp\/v2\/comments?post=2418"}],"version-history":[{"count":0,"href":"https:\/\/b2c.fairs.vn\/en\/wp-json\/wp\/v2\/product\/2418\/revisions"}],"wp:featuredmedia":[{"embeddable":true,"href":"https:\/\/b2c.fairs.vn\/en\/wp-json\/wp\/v2\/media\/15574"}],"wp:attachment":[{"href":"https:\/\/b2c.fairs.vn\/en\/wp-json\/wp\/v2\/media?parent=2418"}],"wp:term":[{"taxonomy":"product_cat","embeddable":true,"href":"https:\/\/b2c.fairs.vn\/en\/wp-json\/wp\/v2\/product_cat?post=2418"},{"taxonomy":"product_tag","embeddable":true,"href":"https:\/\/b2c.fairs.vn\/en\/wp-json\/wp\/v2\/product_tag?post=2418"}],"curies":[{"name":"wp","href":"https:\/\/api.w.org\/{rel}","templated":true}]}}