{"id":2413,"date":"2024-03-19T03:21:11","date_gmt":"2024-03-19T03:21:11","guid":{"rendered":"https:\/\/b2c.fairs.vn\/?post_type=product&#038;p=2413"},"modified":"2024-04-04T16:26:46","modified_gmt":"2024-04-04T09:26:46","slug":"com-chay-cha-bong-vung-xjcktho","status":"publish","type":"product","link":"https:\/\/b2c.fairs.vn\/en\/product\/com-chay-cha-bong-vung-xjcktho\/","title":{"rendered":"C\u01a1m Ch\u00e1y Ch\u00e0 B\u00f4ng \u2013 V\u1eebng XJCKTHO"},"content":{"rendered":"<ul>\n<li>Th\u00e0nh ph\u1ea7n: G\u1ea1o n\u1ebfp th\u01a1m, ru\u1ed1c (ch\u00e0 b\u00f4ng), v\u1eebng (3%), d\u1ea7u th\u1ef1c v\u1eadt, gia v\u1ecb.<\/li>\n<li>H\u1ea1n s\u1eed d\u1ee5ng: 04 th\u00e1ng k\u1ec3 t\u1eeb ng\u00e0y s\u1ea3n xu\u1ea5t.<\/li>\n<li>H\u01b0\u1edbng d\u1eabn s\u1eed d\u1ee5ng: S\u1ea3n ph\u1ea9m \u0111\u00e3 qua ch\u1ebf bi\u1ebfn, s\u1eed d\u1ee5ng ngay sau khi m\u1edf t\u00fai.<\/li>\n<li>H\u01b0\u1edbng d\u1eabn b\u1ea3o qu\u1ea3n: N\u01a1i kh\u00f4 r\u00e1o, tho\u00e1ng m\u00e1t, tr\u00e1nh \u00e1nh n\u1eafng m\u1eb7t tr\u1eddi.<\/li>\n<li>Kh\u1ed1i l\u01b0\u1ee3ng t\u1ecbnh: 300 gam, 20 H\u1ed9p\/ th\u00f9ng<\/li>\n<li>Xu\u1ea5t x\u1ee9: Vi\u1ec7t Nam<\/li>\n<\/ul>","protected":false},"excerpt":{"rendered":"<p>Th\u00e0nh ph\u1ea7n: G\u1ea1o n\u1ebfp th\u01a1m, ru\u1ed1c (ch\u00e0 b\u00f4ng), v\u1eebng (3%), d\u1ea7u th\u1ef1c v\u1eadt, gia v\u1ecb. H\u1ea1n s\u1eed d\u1ee5ng: 04 th\u00e1ng<\/p>","protected":false},"featured_media":2419,"comment_status":"open","ping_status":"closed","template":"","meta":{"_acf_changed":false},"product_cat":[315,22,313],"product_tag":[],"class_list":{"0":"post-2413","1":"product","2":"type-product","3":"status-publish","4":"has-post-thumbnail","6":"product_cat-che-bien-tu-gao-ngu-coc","7":"product_cat-sanphamthucpham","8":"product_cat-thuc-pham-che-bien","10":"first","11":"instock","12":"shipping-taxable","13":"purchasable","14":"product-type-simple"},"acf":[],"_links":{"self":[{"href":"https:\/\/b2c.fairs.vn\/en\/wp-json\/wp\/v2\/product\/2413","targetHints":{"allow":["GET"]}}],"collection":[{"href":"https:\/\/b2c.fairs.vn\/en\/wp-json\/wp\/v2\/product"}],"about":[{"href":"https:\/\/b2c.fairs.vn\/en\/wp-json\/wp\/v2\/types\/product"}],"replies":[{"embeddable":true,"href":"https:\/\/b2c.fairs.vn\/en\/wp-json\/wp\/v2\/comments?post=2413"}],"version-history":[{"count":0,"href":"https:\/\/b2c.fairs.vn\/en\/wp-json\/wp\/v2\/product\/2413\/revisions"}],"wp:featuredmedia":[{"embeddable":true,"href":"https:\/\/b2c.fairs.vn\/en\/wp-json\/wp\/v2\/media\/2419"}],"wp:attachment":[{"href":"https:\/\/b2c.fairs.vn\/en\/wp-json\/wp\/v2\/media?parent=2413"}],"wp:term":[{"taxonomy":"product_cat","embeddable":true,"href":"https:\/\/b2c.fairs.vn\/en\/wp-json\/wp\/v2\/product_cat?post=2413"},{"taxonomy":"product_tag","embeddable":true,"href":"https:\/\/b2c.fairs.vn\/en\/wp-json\/wp\/v2\/product_tag?post=2413"}],"curies":[{"name":"wp","href":"https:\/\/api.w.org\/{rel}","templated":true}]}}