{"id":2412,"date":"2024-03-19T03:19:57","date_gmt":"2024-03-19T03:19:57","guid":{"rendered":"https:\/\/b2c.fairs.vn\/?post_type=product&#038;p=2412"},"modified":"2024-04-03T14:21:30","modified_gmt":"2024-04-03T07:21:30","slug":"giuong-ngu-alice-king","status":"publish","type":"product","link":"https:\/\/b2c.fairs.vn\/en\/product\/giuong-ngu-alice-king\/","title":{"rendered":"Gi\u01b0\u1eddng Ng\u1ee7 Alice King"},"content":{"rendered":"<p dir=\"ltr\">C\u00e1c t\u00ednh n\u0103ng ch\u00ednh:<\/p>\n<ul>\n<li dir=\"ltr\">\n<p dir=\"ltr\">Gi\u1edbi thi\u1ec7u phong c\u00e1ch hi\u1ec7n \u0111\u1ea1i cho c\u0103n ph\u00f2ng c\u1ee7a b\u1ea1n v\u1edbi m\u00e0u tr\u1eafng b\u00f3ng m\u01b0\u1ee3t v\u00e0 \u0111\u01a1n gi\u1ea3n n\u00e0y.<\/p>\n<\/li>\n<li dir=\"ltr\">\n<p dir=\"ltr\">C\u00e1c s\u1ecdc b\u1ea1c b\u1eaft \u00e1nh s\u00e1ng, t\u1ea1o cho m\u1ea3nh n\u00e0y m\u1ed9t hi\u1ec7u \u1ee9ng l\u1ea5p l\u00e1nh.<\/p>\n<\/li>\n<li dir=\"ltr\">\n<p dir=\"ltr\">M\u01b0\u1eddi b\u1ed1n thanh, s\u00e1u ch\u00e2n h\u1ed7 tr\u1ee3 v\u00e0 hai \u0111\u01b0\u1eddng ray trung t\u00e2m lo\u1ea1i b\u1ecf s\u1ef1 c\u1ea7n thi\u1ebft c\u1ee7a m\u1ed9t \u0111\u1ee9a tr\u1ebb.<\/p>\n<\/li>\n<li dir=\"ltr\">\n<p dir=\"ltr\">G\u1ed7 cao su m\u1ea1nh m\u1ebd v\u00e0 b\u1ec1n l\u00e0m cho khung \u0111\u1ed3 n\u1ed9i th\u1ea5t tuy\u1ec7t v\u1eddi.<\/p>\n<\/li>\n<li dir=\"ltr\">\n<p dir=\"ltr\">Khung gi\u01b0\u1eddng n\u00e0y ph\u00f9 h\u1ee3p v\u1edbi m\u1ed9t t\u1ea5m n\u1ec7m k\u00edch th\u01b0\u1edbc n\u1eef ho\u00e0ng ti\u00eau chu\u1ea9n.<\/p>\n<\/li>\n<\/ul>\n<p dir=\"ltr\">K\u00edch th\u01b0\u1edbc:<\/p>\n<ul>\n<li dir=\"ltr\">\n<p dir=\"ltr\">T\u1ed5ng k\u00edch th\u01b0\u1edbc: 79,38 &#8220;W x 48,88&#8221; H x 84,63 &#8220;D<\/p>\n<\/li>\n<li dir=\"ltr\">\n<p dir=\"ltr\">\u0110\u1ea7u b\u1ea3ng :: 79,38 &#8220;W x 48,88&#8221; H x 1,88 &#8220;D<\/p>\n<\/li>\n<li dir=\"ltr\">\n<p dir=\"ltr\">B\u00e0n ch\u00e2n: 78,25 &#8220;W x 12,75&#8221; H x 1,63 &#8220;D<\/p>\n<\/li>\n<li dir=\"ltr\">\n<p dir=\"ltr\">\u0110\u01b0\u1eddng ray: 81,13 &#8220;W x 12,63&#8221; H x 1,13 &#8220;D<\/p>\n<\/li>\n<\/ul>\n<p dir=\"ltr\">Nguy\u00ean v\u1eadt li\u1ec7u<\/p>\n<p dir=\"ltr\">G\u1ed7: G\u1ed7 c\u1ee9ng ch\u00e2u \u00c1, c\u00f2n \u0111\u01b0\u1ee3c g\u1ecdi l\u00e0 g\u1ed7 parawood ho\u1eb7c g\u1ed7 cao su, l\u00e0 m\u1ed9t trong nh\u1eefng lo\u1ea1i g\u1ed7 b\u1ec1n v\u00e0 th\u00e2n thi\u1ec7n v\u1edbi m\u00f4i tr\u01b0\u1eddng nh\u1ea5t trong th\u1ecb tr\u01b0\u1eddng n\u1ed9i th\u1ea5t hi\u1ec7n nay. Khi nh\u1ef1a c\u00e2y cao su c\u1ee7a c\u00e2y \u0111\u01b0\u1ee3c thu th\u1eadp cho c\u00e1c ng\u00e0nh c\u00f4ng nghi\u1ec7p kh\u00e1c, g\u1ed7 c\u1ee9ng ch\u00e2u \u00c1 \u0111\u01b0\u1ee3c t\u00e1i ch\u1ebf th\u00e0nh \u0111\u1ed3 \u0111\u1ea1c trong nh\u00e0. C\u00e1c h\u1ea1t d\u00e0y \u0111\u1eb7c l\u00e0m cho n\u00f3 \u1ed5n \u0111\u1ecbnh v\u00e0 m\u1ea1nh m\u1ebd, v\u00e0 \u00e1nh s\u00e1ng t\u1ef1 nhi\u00ean gi\u1eef ch\u00ednh x\u00e1c m\u00e0u v\u1ebft d\u1ef1 \u0111\u1ecbnh.<\/p>\n<p>&nbsp;<\/p>\n<p dir=\"ltr\">TH\u00d4NG TIN S\u1ea2N PH\u1ea8M:<\/p>\n<p dir=\"ltr\">&#8211; Xu\u1ea5t x\u1ee9: n\u01b0\u1edbc ngo\u00e0i<\/p>\n<p dir=\"ltr\">\u00a0&#8211; B\u1ea3o qu\u1ea3n: Lau b\u1ee5i g\u1ed7 b\u1eb1ng v\u1ea3i m\u1ec1m, s\u1ea1ch khi c\u1ea7n. Ch\u1ea5t t\u1ea9y r\u1eeda h\u00f3a h\u1ecdc m\u1ea1nh kh\u00f4ng \u0111\u01b0\u1ee3c \u0111\u1ec1 xu\u1ea5t, v\u00ec ch\u00fang c\u00f3 th\u1ec3 l\u00e0m h\u1ecfng l\u1edbp ho\u00e0n thi\u1ec7n c\u1ee7a g\u1ed7.<\/p>","protected":false},"excerpt":{"rendered":"<p>C\u00e1c t\u00ednh n\u0103ng ch\u00ednh: Gi\u1edbi thi\u1ec7u phong c\u00e1ch hi\u1ec7n \u0111\u1ea1i cho c\u0103n ph\u00f2ng c\u1ee7a b\u1ea1n v\u1edbi m\u00e0u tr\u1eafng b\u00f3ng m\u01b0\u1ee3t<\/p>","protected":false},"featured_media":2414,"comment_status":"open","ping_status":"closed","template":"","meta":{"_acf_changed":false},"product_cat":[520,400],"product_tag":[],"class_list":{"0":"post-2412","1":"product","2":"type-product","3":"status-publish","4":"has-post-thumbnail","6":"product_cat-nha-cua-doi-song","7":"product_cat-noi-that","9":"first","10":"instock","11":"shipping-taxable","12":"purchasable","13":"product-type-simple"},"acf":[],"_links":{"self":[{"href":"https:\/\/b2c.fairs.vn\/en\/wp-json\/wp\/v2\/product\/2412","targetHints":{"allow":["GET"]}}],"collection":[{"href":"https:\/\/b2c.fairs.vn\/en\/wp-json\/wp\/v2\/product"}],"about":[{"href":"https:\/\/b2c.fairs.vn\/en\/wp-json\/wp\/v2\/types\/product"}],"replies":[{"embeddable":true,"href":"https:\/\/b2c.fairs.vn\/en\/wp-json\/wp\/v2\/comments?post=2412"}],"version-history":[{"count":0,"href":"https:\/\/b2c.fairs.vn\/en\/wp-json\/wp\/v2\/product\/2412\/revisions"}],"wp:featuredmedia":[{"embeddable":true,"href":"https:\/\/b2c.fairs.vn\/en\/wp-json\/wp\/v2\/media\/2414"}],"wp:attachment":[{"href":"https:\/\/b2c.fairs.vn\/en\/wp-json\/wp\/v2\/media?parent=2412"}],"wp:term":[{"taxonomy":"product_cat","embeddable":true,"href":"https:\/\/b2c.fairs.vn\/en\/wp-json\/wp\/v2\/product_cat?post=2412"},{"taxonomy":"product_tag","embeddable":true,"href":"https:\/\/b2c.fairs.vn\/en\/wp-json\/wp\/v2\/product_tag?post=2412"}],"curies":[{"name":"wp","href":"https:\/\/api.w.org\/{rel}","templated":true}]}}