{"id":2407,"date":"2024-03-19T03:18:48","date_gmt":"2024-03-19T03:18:48","guid":{"rendered":"https:\/\/b2c.fairs.vn\/?post_type=product&#038;p=2407"},"modified":"2024-04-04T16:09:28","modified_gmt":"2024-04-04T09:09:28","slug":"com-chay-cochi-me-den","status":"publish","type":"product","link":"https:\/\/b2c.fairs.vn\/en\/product\/com-chay-cochi-me-den\/","title":{"rendered":"C\u01a1m ch\u00e1y COCHI M\u00c8 \u0110EN"},"content":{"rendered":"<p>\u0110\u1ea1i Long l\u00e0 \u0111\u01a1n v\u1ecb s\u1ea3n xu\u1ea5t C\u01a1m ch\u00e1y \u0111\u1ea7u ti\u00ean v\u00e0 l\u1edbn nh\u1ea5t t\u1ea1i Ninh B\u00ecnh. V\u1edbi t\u00e2m huy\u1ebft c\u1ee7a nh\u1eefng con ng\u01b0\u1eddi \u0110\u1ea1i Long, m\u1ed9t t\u1eadp th\u1ec3 \u0111o\u00e0n k\u1ebft, tr\u00e1ch nhi\u1ec7m, s\u00e1ng t\u1ea1o, c\u00f9ng s\u1ef1 kh\u00e9o l\u00e9o ch\u1ec9n chu trong m\u1ed7i c\u00f4ng \u0111o\u1ea1n, kh\u1eaft khe trong qu\u00e1 tr\u00ecnh ch\u1ecdn l\u1ecdc c\u00e1c nguy\u00ean v\u1eadt li\u1ec7u \u0111\u1ea7u v\u00e0o. Tr\u1ea3i qua h\u01a1n M\u01b0\u1eddi n\u0103m x\u00e2y d\u1ef1ng v\u00e0 ph\u00e1t tri\u1ec3n \u0111\u00e3 \u0111\u01b0\u1ee3c kh\u00e1ch h\u00e0ng tin t\u01b0\u1edfng, l\u1ef1a ch\u1ecdn v\u00e0 m\u1ec7nh danh l\u00e0 \u201cVua c\u01a1m ch\u00e1y\u201d nh\u01b0 ng\u00e0y h\u00f4m nay.<\/p>\n<p>C\u01a1m ch\u00e1y \u0110\u1ea1i Long s\u1ea3n ph\u1ea9m \u0111\u01b0\u1ee3c ch\u1ebf bi\u1ebfn t\u1eeb g\u1ea1o Th\u01a1m \u0111\u1ec3 c\u00f3 \u0111\u01b0\u1ee3c ch\u1ea5t l\u01b0\u1ee3ng s\u1ea3n ph\u1ea9m tuy\u1ec7t v\u1eddi , \u0111\u00e1p \u1ee9ng nhu c\u1ea7u th\u01b0\u1edfng th\u1ee9c, \u1ea9m th\u1ef1c c\u1ee7a Kh\u00e1ch h\u00e0ng. Nh\u1eefng mi\u1ebfng c\u01a1m v\u00e0ng t\u01b0\u01a1i, gi\u00f2n tan, nhai r\u1ed9p r\u1ed9p ,kh\u00f4ng b\u1ecb c\u1ee9ng. Nguy\u00ean li\u1ec7u \u0111\u1ec1u \u0111\u01b0\u1ee3c l\u1ef1a ch\u1ecdn k\u1ef9 l\u01b0\u1ee1ng t\u1eeb nh\u1eefng nh\u00e0 cung c\u1ea5p uy t\u00edn, ho\u00e0n to\u00e0n t\u1ef1 nhi\u00ean, an to\u00e0n cho s\u1ee9c kh\u1ecfe ng\u01b0\u1eddi s\u1eed d\u1ee5ng, t\u1ea5t c\u1ea3 t\u1ea1o n\u00ean m\u00f3n c\u01a1m ch\u00e1y h\u1ea3o h\u1ea1ng. \u0110\u1eb7c bi\u1ec7t th\u00edch h\u1ee3p v\u1edbi m\u1ecdi l\u1ee9a tu\u1ed5i, th\u00edch h\u1ee3p l\u00e0m qu\u00e0 bi\u1ebfu qu\u00e0 t\u1eb7ng.<br \/>\nC\u00f4ng ty \u0110\u1ea1i Long cho ra \u0111\u1eddi d\u00f2ng s\u1ea3n ph\u1ea9m X\u00e1ch qu\u00e0 nh\u01b0 :X\u00e1ch qu\u00e0 C\u01a1m ch\u00e1y Ninh B\u00ecnh V\u00e0ng 130g, X\u00e1ch qu\u00e0 C\u01a1m ch\u00e1y Ninh B\u00ecnh V\u00e0ng 250g, X\u00e1ch qu\u00e0 C\u01a1m ch\u00e1y Ch\u00e0 b\u00f4ng, X\u00e1ch qu\u00e0 c\u01a1m ch\u00e1y Cochi v\u1edbi ti\u00eau ch\u00ed:<br \/>\n\u2013 Ch\u1ea5t l\u01b0\u1ee3ng t\u1ed1t, \u0111\u1ea3m b\u1ea3o V\u1ec7 sinh an to\u00e0n th\u1ef1c ph\u1ea9m.<br \/>\n\u2013 Kh\u00f4ng m\u00e0u th\u1ef1c ph\u1ea9m, kh\u00f4ng ch\u1ea5t b\u1ea3o qu\u1ea3n.<br \/>\n\u2013 M\u1eabu m\u00e3 \u0111\u1eb9p, sang tr\u1ecdng v\u00e0 l\u1ecbch s\u1ef1.<br \/>\n\u2013 Gi\u00e1 c\u1ea3 c\u1ea1nh tranh v\u00e0 ph\u00f9 h\u1ee3p v\u1edbi ng\u01b0\u1eddi ti\u00eau d\u00f9ng.<br \/>\nM\u1ed9t x\u00e1ch C\u01a1m ch\u00e1y gi\u1ea3n d\u1ecb, nh\u1ecf xinh xinh, m\u1ed9t m\u00f3n \u0103n b\u00ecnh d\u00e2n th\u00f4i nh\u01b0ng s\u1ebd l\u00e0 m\u00f3n qu\u00e0 \u00fd ngh\u0129a nh\u1ea5t, m\u00e0 ch\u1eb3ng c\u1ea7n s\u01a1n h\u00e0o h\u1ea3i v\u1ecb ngo\u00e0i kia\u2026<\/p>\n<p>Th\u00e0nh ph\u1ea7n: G\u1ea1o th\u01a1m (92%), M\u00e8 \u0111en (3%), Rong Bi\u1ec3n (1%), d\u1ea7u th\u1ef1c v\u1eadt, h\u00e0nh l\u00e1, \u0111\u01b0\u1eddng, mu\u1ed1i, \u1edbt, h\u1ea1t ti\u00eau\u2026<\/p>\n<p>kh\u00f4ng m\u00e0u th\u1ef1c v\u1eadt, kh\u00f4ng ch\u1ea5t b\u1ea3o qu\u1ea3n.<\/p>\n<p>Kh\u1ed1i l\u01b0\u1ee3ng t\u1ecbnh: 390 gam, 26 g\u00f3i\/ X\u00e1ch, 12 x\u00e1ch\/ th\u00f9ng<\/p>\n<p>H\u01b0\u1edbng d\u1eabn s\u1eed d\u1ee5ng: S\u1ea3n ph\u1ea9m \u0111\u00e3 qua ch\u1ebf bi\u1ebfn, s\u1eed d\u1ee5ng ngay sau khi m\u1edf t\u00fai.<\/p>\n<p>Th\u00f4ng tin c\u1ea3nh b\u00e1o: Kh\u00f4ng s\u1eed d\u1ee5ng s\u1ea3n ph\u1ea9m khi \u0111\u00e3 h\u1ebft h\u1ea1n s\u1eed d\u1ee5ng<\/p>\n<p>H\u01b0\u1edbng d\u1eabn b\u1ea3o qu\u1ea3n: N\u01a1i kh\u00f4 r\u00e1o, tho\u00e1ng m\u00e1t, tr\u00e1nh \u00e1nh n\u1eafng m\u1eb7t tr\u1eddi.<\/p>\n<p>H\u1ea1n s\u1eed d\u1ee5ng: 04 th\u00e1ng k\u1ec3 t\u1eeb ng\u00e0y s\u1ea3n xu\u1ea5t.<\/p>\n<p>Xu\u1ea5t x\u1ee9: Vi\u1ec7t Nam<\/p>","protected":false},"excerpt":{"rendered":"<p>\u0110\u1ea1i Long l\u00e0 \u0111\u01a1n v\u1ecb s\u1ea3n xu\u1ea5t C\u01a1m ch\u00e1y \u0111\u1ea7u ti\u00ean v\u00e0 l\u1edbn nh\u1ea5t t\u1ea1i Ninh B\u00ecnh. V\u1edbi t\u00e2m huy\u1ebft<\/p>","protected":false},"featured_media":2408,"comment_status":"open","ping_status":"closed","template":"","meta":{"_acf_changed":false},"product_cat":[315,22,313],"product_tag":[],"class_list":{"0":"post-2407","1":"product","2":"type-product","3":"status-publish","4":"has-post-thumbnail","6":"product_cat-che-bien-tu-gao-ngu-coc","7":"product_cat-sanphamthucpham","8":"product_cat-thuc-pham-che-bien","10":"first","11":"instock","12":"shipping-taxable","13":"purchasable","14":"product-type-simple"},"acf":[],"_links":{"self":[{"href":"https:\/\/b2c.fairs.vn\/en\/wp-json\/wp\/v2\/product\/2407","targetHints":{"allow":["GET"]}}],"collection":[{"href":"https:\/\/b2c.fairs.vn\/en\/wp-json\/wp\/v2\/product"}],"about":[{"href":"https:\/\/b2c.fairs.vn\/en\/wp-json\/wp\/v2\/types\/product"}],"replies":[{"embeddable":true,"href":"https:\/\/b2c.fairs.vn\/en\/wp-json\/wp\/v2\/comments?post=2407"}],"version-history":[{"count":0,"href":"https:\/\/b2c.fairs.vn\/en\/wp-json\/wp\/v2\/product\/2407\/revisions"}],"wp:featuredmedia":[{"embeddable":true,"href":"https:\/\/b2c.fairs.vn\/en\/wp-json\/wp\/v2\/media\/2408"}],"wp:attachment":[{"href":"https:\/\/b2c.fairs.vn\/en\/wp-json\/wp\/v2\/media?parent=2407"}],"wp:term":[{"taxonomy":"product_cat","embeddable":true,"href":"https:\/\/b2c.fairs.vn\/en\/wp-json\/wp\/v2\/product_cat?post=2407"},{"taxonomy":"product_tag","embeddable":true,"href":"https:\/\/b2c.fairs.vn\/en\/wp-json\/wp\/v2\/product_tag?post=2407"}],"curies":[{"name":"wp","href":"https:\/\/api.w.org\/{rel}","templated":true}]}}