{"id":2404,"date":"2024-03-19T03:18:19","date_gmt":"2024-03-19T03:18:19","guid":{"rendered":"https:\/\/b2c.fairs.vn\/?post_type=product&#038;p=2404"},"modified":"2024-04-03T14:21:56","modified_gmt":"2024-04-03T07:21:56","slug":"giuong-iluka","status":"publish","type":"product","link":"https:\/\/b2c.fairs.vn\/en\/product\/giuong-iluka\/","title":{"rendered":"Gi\u01b0\u1eddng Iluka"},"content":{"rendered":"<p dir=\"ltr\">M\u00d4 T\u1ea2:<\/p>\n<p dir=\"ltr\">Gi\u01b0\u1eddng King: 84 &#8220;W x 50&#8221; H x 87,25 &#8220;D<\/p>\n<p dir=\"ltr\">C\u00e1c t\u00ednh n\u0103ng \u0111\u1ed9c \u0111\u00e1o:<\/p>\n<p dir=\"ltr\">&#8211; Thi\u1ebft k\u1ebf \u0111\u01a1n gi\u1ea3n, t\u1ed1i gi\u1ea3n th\u00eam phong c\u00e1ch hi\u1ec7n \u0111\u1ea1i cho ph\u00f2ng ng\u1ee7 c\u1ee7a b\u1ea1n.<\/p>\n<p dir=\"ltr\">&#8211; Ng\u0103n k\u00e9o t\u00edch h\u1ee3p cung c\u1ea5p m\u1ed9t v\u1ecb tr\u00ed ti\u1ec7n d\u1ee5ng \u0111\u1ec3 l\u01b0u tr\u1eef th\u00eam ph\u00f2ng ng\u1ee7 d\u01b0\u1edbi gi\u01b0\u1eddng.<\/p>\n<p dir=\"ltr\">&#8211; Vi\u1ec7c nghi\u00ean c\u1ee9u x\u00e2y d\u1ef1ng khung gi\u01b0\u1eddng n\u1ec1n c\u00f3 ngh\u0129a l\u00e0 kh\u00f4ng c\u1ea7n th\u00eam h\u1ed9p con.<\/p>\n<p dir=\"ltr\">&#8211; K\u1ebft th\u00fac m\u00e0u x\u00e1m l\u00e0m n\u1ed5i b\u1eadt v\u1ebb \u0111\u1eb9p c\u1ee7a khung g\u1ed7 keo, th\u1ec3 hi\u1ec7n c\u00e1c hoa v\u0103n t\u1ef1 nhi\u00ean c\u1ee7a g\u1ed7.<\/p>\n<p>&nbsp;<\/p>\n<p dir=\"ltr\">TH\u00d4NG TIN S\u1ea2N PH\u1ea8M:<\/p>\n<p dir=\"ltr\">&#8211; Xu\u1ea5t x\u1ee9: n\u01b0\u1edbc ngo\u00e0i<\/p>\n<p dir=\"ltr\">\u00a0&#8211; B\u1ea3o qu\u1ea3n: Lau b\u1ee5i g\u1ed7 b\u1eb1ng v\u1ea3i m\u1ec1m, s\u1ea1ch khi c\u1ea7n. Ch\u1ea5t t\u1ea9y r\u1eeda h\u00f3a h\u1ecdc m\u1ea1nh kh\u00f4ng \u0111\u01b0\u1ee3c \u0111\u1ec1 xu\u1ea5t, v\u00ec ch\u00fang c\u00f3 th\u1ec3 l\u00e0m h\u1ecfng l\u1edbp ho\u00e0n thi\u1ec7n c\u1ee7a g\u1ed7.<\/p>","protected":false},"excerpt":{"rendered":"<p>M\u00d4 T\u1ea2: Gi\u01b0\u1eddng King: 84 &#8220;W x 50&#8221; H x 87,25 &#8220;D C\u00e1c t\u00ednh n\u0103ng \u0111\u1ed9c \u0111\u00e1o: &#8211; Thi\u1ebft k\u1ebf<\/p>","protected":false},"featured_media":2406,"comment_status":"open","ping_status":"closed","template":"","meta":{"_acf_changed":false},"product_cat":[520,400],"product_tag":[],"class_list":{"0":"post-2404","1":"product","2":"type-product","3":"status-publish","4":"has-post-thumbnail","6":"product_cat-nha-cua-doi-song","7":"product_cat-noi-that","9":"first","10":"instock","11":"shipping-taxable","12":"purchasable","13":"product-type-simple"},"acf":[],"_links":{"self":[{"href":"https:\/\/b2c.fairs.vn\/en\/wp-json\/wp\/v2\/product\/2404","targetHints":{"allow":["GET"]}}],"collection":[{"href":"https:\/\/b2c.fairs.vn\/en\/wp-json\/wp\/v2\/product"}],"about":[{"href":"https:\/\/b2c.fairs.vn\/en\/wp-json\/wp\/v2\/types\/product"}],"replies":[{"embeddable":true,"href":"https:\/\/b2c.fairs.vn\/en\/wp-json\/wp\/v2\/comments?post=2404"}],"version-history":[{"count":0,"href":"https:\/\/b2c.fairs.vn\/en\/wp-json\/wp\/v2\/product\/2404\/revisions"}],"wp:featuredmedia":[{"embeddable":true,"href":"https:\/\/b2c.fairs.vn\/en\/wp-json\/wp\/v2\/media\/2406"}],"wp:attachment":[{"href":"https:\/\/b2c.fairs.vn\/en\/wp-json\/wp\/v2\/media?parent=2404"}],"wp:term":[{"taxonomy":"product_cat","embeddable":true,"href":"https:\/\/b2c.fairs.vn\/en\/wp-json\/wp\/v2\/product_cat?post=2404"},{"taxonomy":"product_tag","embeddable":true,"href":"https:\/\/b2c.fairs.vn\/en\/wp-json\/wp\/v2\/product_tag?post=2404"}],"curies":[{"name":"wp","href":"https:\/\/api.w.org\/{rel}","templated":true}]}}