{"id":2399,"date":"2024-03-19T03:17:03","date_gmt":"2024-03-19T03:17:03","guid":{"rendered":"https:\/\/b2c.fairs.vn\/?post_type=product&#038;p=2399"},"modified":"2024-04-03T14:20:08","modified_gmt":"2024-04-03T07:20:08","slug":"giuong-tara-mau-be","status":"publish","type":"product","link":"https:\/\/b2c.fairs.vn\/en\/product\/giuong-tara-mau-be\/","title":{"rendered":"Gi\u01b0\u1eddng Tara &#8211; M\u00e0u Be"},"content":{"rendered":"<p dir=\"ltr\">K\u00edch th\u01b0\u1edbc s\u1ea3n ph\u1ea9m: Chi\u1ec1u r\u1ed9ng: 58 &#8220;Chi\u1ec1u cao: 45,75&#8221; \u0110\u1ed9 s\u00e2u: 80,25 &#8220;<\/p>\n<p dir=\"ltr\">C\u00e1c t\u00ednh n\u0103ng ch\u00ednh:<\/p>\n<ul>\n<li dir=\"ltr\">\n<p dir=\"ltr\">Gh\u1ebf b\u1ecdc v\u1ea3i lanh mang l\u1ea1i s\u1ef1 tho\u1ea3i m\u00e1i quanh n\u0103m cho chi\u1ebfc gi\u01b0\u1eddng \u00eam \u00e1i n\u00e0y.<\/p>\n<\/li>\n<li dir=\"ltr\">\n<p dir=\"ltr\">C\u00e1c \u0111\u1ea7u gi\u01b0\u1eddng \u0111\u1ec7m, m\u00fat ch\u1ea7n l\u00e0 tho\u1ea3i m\u00e1i v\u00e0 thi\u1ebft th\u1ef1c nh\u01b0 n\u00f3 l\u00e0 h\u1ea5p d\u1eabn.<\/p>\n<\/li>\n<li dir=\"ltr\">\n<p dir=\"ltr\">Ch\u00e2n g\u1ed7 c\u1ee9ng ch\u00e2u \u00c1 \u0111en th\u00eam m\u1ed9t n\u00e9t hi\u1ec7n \u0111\u1ea1i l\u00e0m cho v\u1ea3i tr\u00f4ng h\u1ea5p d\u1eabn h\u01a1n.<\/p>\n<\/li>\n<li dir=\"ltr\">\n<p dir=\"ltr\">T\u00f4ng m\u00e0u trung t\u00ednh m\u1edf ra kh\u1ea3 n\u0103ng l\u1ef1a ch\u1ecdn m\u00e0u s\u1eafc v\u00e0 hoa v\u0103n gi\u01b0\u1eddng c\u1ee7a b\u1ea1n.<\/p>\n<\/li>\n<li dir=\"ltr\">\n<p dir=\"ltr\">B\u1ed1n thanh v\u00e0 hai ch\u00e2n trung t\u00e2m cho ph\u00e9p h\u1ed7 tr\u1ee3 an to\u00e0n l\u00ean t\u1edbi 500 pounds.<\/p>\n<\/li>\n<li dir=\"ltr\">\n<p dir=\"ltr\">Bedframe n\u00e0y ph\u00f9 h\u1ee3p v\u1edbi m\u1ed9t t\u1ea5m n\u1ec7m k\u00edch th\u01b0\u1edbc \u0111\u1ea7y \u0111\u1ee7 ti\u00eau chu\u1ea9n (b\u1eaft bu\u1ed9c ph\u1ea3i c\u00f3 h\u1ed9p).<\/p>\n<\/li>\n<\/ul>\n<p dir=\"ltr\">Nguy\u00ean v\u1eadt li\u1ec7u<\/p>\n<p dir=\"ltr\">Lo\u1ea1i g\u1ed7: G\u1ed7 c\u1ee9ng ch\u00e2u \u00c1 v\u00e0 G\u1ed7 m\u1eadt \u0111\u1ed9 trung b\u00ecnh (MDF)<\/p>\n<p dir=\"ltr\">G\u1ed7 c\u1ee9ng ch\u00e2u \u00c1, c\u00f2n \u0111\u01b0\u1ee3c g\u1ecdi l\u00e0 g\u1ed7 parawood ho\u1eb7c g\u1ed7 cao su, l\u00e0 m\u1ed9t trong nh\u1eefng lo\u1ea1i g\u1ed7 b\u1ec1n v\u00e0 th\u00e2n thi\u1ec7n v\u1edbi m\u00f4i tr\u01b0\u1eddng nh\u1ea5t tr\u00ean th\u1ecb tr\u01b0\u1eddng n\u1ed9i th\u1ea5t hi\u1ec7n nay. Trong khi \u0111\u00f3, MDF t\u1ea1o ra m\u1ed9t s\u1ea3n ph\u1ea9m b\u1ec1n, l\u00e2u d\u00e0i v\u00e0 r\u1ebb ti\u1ec1n \u0111\u01b0\u1ee3c s\u1eed d\u1ee5ng trong m\u1ecdi th\u1ee9, t\u1eeb t\u1ee7 \u0111\u1ebfn x\u00e2y d\u1ef1ng n\u1ed9i th\u1ea5t.<\/p>\n<p dir=\"ltr\">M\u00e0u ho\u00e0n thi\u1ec7n ch\u00e2n: \u0110en<\/p>\n<p dir=\"ltr\">T\u00f4ng m\u00e0u t\u1ed1i s\u1eabm c\u1ee7a l\u1edbp ho\u00e0n thi\u1ec7n n\u00e0y nh\u1eb1m l\u00e0m n\u1ed5i b\u1eadt s\u1ef1 m\u1ec1m m\u1ea1i c\u00f3 th\u1ec3 ch\u1ea1m v\u00e0o c\u1ee7a v\u1ea3i b\u1ecdc.<\/p>\n<p dir=\"ltr\">V\u1ea3i b\u1ecdc: V\u1ea3i lanh m\u00e0u be-Nh\u00ecn V\u1ea3i \u0111\u01b0\u1ee3c d\u1ec7t \u0111\u1ec3 tr\u00f4ng v\u00e0 c\u1ea3m gi\u00e1c nh\u01b0 v\u1ea3i lanh th\u1eadt, lo\u1ea1i v\u1ea3i nh\u00e2n t\u1ea1o n\u00e0y mang l\u1ea1i c\u1ea3m gi\u00e1c th\u00e2n thi\u1ec7n cho kh\u00f4ng gian gi\u1ea3i tr\u00ed c\u1ee7a b\u1ea1n. V\u1ea3i lanh tr\u00f4ng b\u1ec1n, d\u1ec5 b\u1ea3o qu\u1ea3n v\u00e0 ch\u1ed1ng co gi\u00e3n.<\/p>\n<p dir=\"ltr\">\u0110\u1ec7m \u0111\u1ea7u gi\u01b0\u1eddng: B\u1ecdt m\u1eadt \u0111\u1ed9 cao trong \u0111\u1ea7u gi\u01b0\u1eddng mang \u0111\u1ebfn cho b\u1ea1n s\u1ef1 tho\u1ea3i m\u00e1i. B\u1ecdt \u0111\u01b0\u1ee3c \u0111\u00f3ng g\u00f3i ch\u1eafc ch\u1eafn n\u00e0y s\u1ebd tr\u1edf l\u1ea1i h\u00ecnh d\u1ea1ng ban \u0111\u1ea7u m\u1ed7i khi b\u1ea1n th\u1ee9c d\u1eady, v\u00ec v\u1eady \u0111\u1ea7u gi\u01b0\u1eddng c\u1ee7a b\u1ea1n s\u1ebd c\u1ea3m th\u1ea5y t\u1ed1t nh\u01b0 th\u1ec3 b\u1ea1n l\u1ea7n \u0111\u1ea7u ti\u00ean ngh\u1ec9 ng\u01a1i ch\u1ed1ng l\u1ea1i n\u00f3.<\/p>\n<p>&nbsp;<\/p>\n<p dir=\"ltr\">TH\u00d4NG TIN S\u1ea2N PH\u1ea8M:<\/p>\n<p dir=\"ltr\">&#8211; Xu\u1ea5t x\u1ee9: n\u01b0\u1edbc ngo\u00e0i<\/p>\n<p dir=\"ltr\">&#8211; B\u1ea3o qu\u1ea3n: Th\u01b0\u1eddng xuy\u00ean h\u00fat b\u1ee5i b\u1ecdc b\u1eb1ng c\u00e1ch s\u1eed d\u1ee5ng c\u00e1c ph\u1ee5 ki\u1ec7n l\u00e0m s\u1ea1ch \u0111\u1ec3 lo\u1ea1i b\u1ecf b\u1ee5i v\u00e0 m\u1ea3nh v\u1ee5n. \u0110\u1ed1i v\u1edbi s\u1ef1 c\u1ed1 tr\u00e0n v\u00e0 v\u1ebft b\u1ea9n, s\u1eed d\u1ee5ng ch\u1ea5t t\u1ea9y v\u1ea3i \u0111\u01b0\u1ee3c b\u1ea3o h\u00e0nh theo h\u01b0\u1edbng d\u1eabn g\u00f3i.<\/p>","protected":false},"excerpt":{"rendered":"<p>K\u00edch th\u01b0\u1edbc s\u1ea3n ph\u1ea9m: Chi\u1ec1u r\u1ed9ng: 58 &#8220;Chi\u1ec1u cao: 45,75&#8221; \u0110\u1ed9 s\u00e2u: 80,25 &#8220; C\u00e1c t\u00ednh n\u0103ng ch\u00ednh: Gh\u1ebf b\u1ecdc<\/p>","protected":false},"featured_media":2401,"comment_status":"open","ping_status":"closed","template":"","meta":{"_acf_changed":false},"product_cat":[520,400],"product_tag":[],"class_list":{"0":"post-2399","1":"product","2":"type-product","3":"status-publish","4":"has-post-thumbnail","6":"product_cat-nha-cua-doi-song","7":"product_cat-noi-that","9":"first","10":"instock","11":"shipping-taxable","12":"purchasable","13":"product-type-simple"},"acf":[],"_links":{"self":[{"href":"https:\/\/b2c.fairs.vn\/en\/wp-json\/wp\/v2\/product\/2399","targetHints":{"allow":["GET"]}}],"collection":[{"href":"https:\/\/b2c.fairs.vn\/en\/wp-json\/wp\/v2\/product"}],"about":[{"href":"https:\/\/b2c.fairs.vn\/en\/wp-json\/wp\/v2\/types\/product"}],"replies":[{"embeddable":true,"href":"https:\/\/b2c.fairs.vn\/en\/wp-json\/wp\/v2\/comments?post=2399"}],"version-history":[{"count":0,"href":"https:\/\/b2c.fairs.vn\/en\/wp-json\/wp\/v2\/product\/2399\/revisions"}],"wp:featuredmedia":[{"embeddable":true,"href":"https:\/\/b2c.fairs.vn\/en\/wp-json\/wp\/v2\/media\/2401"}],"wp:attachment":[{"href":"https:\/\/b2c.fairs.vn\/en\/wp-json\/wp\/v2\/media?parent=2399"}],"wp:term":[{"taxonomy":"product_cat","embeddable":true,"href":"https:\/\/b2c.fairs.vn\/en\/wp-json\/wp\/v2\/product_cat?post=2399"},{"taxonomy":"product_tag","embeddable":true,"href":"https:\/\/b2c.fairs.vn\/en\/wp-json\/wp\/v2\/product_tag?post=2399"}],"curies":[{"name":"wp","href":"https:\/\/api.w.org\/{rel}","templated":true}]}}