{"id":2384,"date":"2024-03-19T03:08:52","date_gmt":"2024-03-19T03:08:52","guid":{"rendered":"https:\/\/b2c.fairs.vn\/?post_type=product&#038;p=2384"},"modified":"2024-04-04T14:45:26","modified_gmt":"2024-04-04T07:45:26","slug":"tra-gao-lut-omega-an-phat","status":"publish","type":"product","link":"https:\/\/b2c.fairs.vn\/en\/product\/tra-gao-lut-omega-an-phat\/","title":{"rendered":"Tr\u00e0 g\u1ea1o l\u1ee9t Omega An Ph\u00e1t"},"content":{"rendered":"<p>Ng\u00e0y nay, v\u1edbi xu th\u1ebf s\u1eed d\u1ee5ng c\u00e1c s\u1ea3n ph\u1ea9m s\u1ea1ch v\u00e0 t\u1ed1t cho s\u1ee9c kh\u1ecfe, c\u00e1c s\u1ea3n ph\u1ea9m tr\u00e0 l\u00e0m t\u1eeb g\u1ea1o \u0111\u00e3 kh\u1eb3ng \u0111\u1ecbnh \u0111\u01b0\u1ee3c v\u1ecb th\u1ebf kh\u00f4ng ch\u1ec9 b\u1edfi t\u00e1c d\u1ee5ng gi\u1ea3i kh\u00e1t m\u00e0 c\u00f2n b\u1edfi nh\u1eefng hi\u1ec7u qu\u1ea3 d\u01b0\u1ee3c l\u00fd m\u00e0 ch\u00fang mang l\u1ea1i.<\/p>\n<p>Tr\u00e0 g\u1ea1o l\u1ee9t An Ph\u00e1t v\u1edbi s\u1ef1 k\u1ebft h\u1ee3p c\u1ee7a \u0111\u1eadu \u0111en, \u0111\u1eadu \u0111\u1ecf, hoa nh\u00e0i gi\u00e0u ch\u1ea5t omega 3,6,9 v\u00e0 \u0111\u1eb7c bi\u1ec7t l\u00e0 G\u1ea1o l\u1ee9t th\u1ea3o d\u01b0\u1ee3c V\u0129nh H\u00f2a \u2013 m\u1ed9t gi\u1ed1ng g\u1ea1o ch\u1ea5t l\u01b0\u1ee3ng \u0111\u01b0\u1ee3c x\u1ebfp h\u1ea1ng top gi\u1ed1ng g\u1ea1o qu\u00fd tr\u00ean th\u1ebf gi\u1edbi, do ch\u00ednh nh\u1eefng ng\u01b0\u1eddi con \u1edf v\u00f9ng \u0111\u1ea5t Th\u1ea1ch H\u00e0 \u2013 H\u00e0 T\u0129nh nu\u00f4i tr\u1ed3ng n\u00ean.<\/p>\n<p>Tr\u00e0 c\u00f3 h\u01b0\u01a1ng th\u01a1m \u0111\u1eb7c tr\u01b0ng c\u1ee7a ng\u0169 c\u1ed1c, k\u1ebft h\u1ee3p v\u1edbi v\u1ecb \u0111\u1eadm \u0111\u00e0 ng\u1ecdt m\u00e1t t\u1eeb g\u1ea1o l\u1ee9t rang mang \u0111\u1ebfn cho ng\u01b0\u1eddi th\u01b0\u1edfng th\u1ee9c c\u1ea3m gi\u00e1c th\u01b0 th\u00e1i, nhanh ch\u00f3ng xua tan m\u1ecfi m\u1ec7t, ph\u00f9 h\u1ee3p cho m\u1ecdi l\u1ee9a tu\u1ed5i.<\/p>\n<p>B\u1edfi th\u00e0nh ph\u1ea7n ch\u1ee7 \u0111\u1ea1o l\u00e0 ng\u0169 c\u1ed1c n\u00ean tr\u00e0 g\u1ea1o l\u1ee9t An Ph\u00e1t c\u00f2n c\u00f3 th\u1ec3 u\u1ed1ng trong l\u00fac \u0111\u00f3i m\u00e0 kh\u00f4ng s\u1ee3 b\u1ecb c\u1ed3n ru\u1ed9t, c\u0169ng nh\u01b0 kh\u00f4ng g\u00e2y m\u1ea5t ng\u1ee7 v\u00e0o bu\u1ed5i t\u1ed1i, v\u00e0 b\u00e3 tr\u00e0 c\u00f2n c\u00f3 th\u1ec3 s\u1eed d\u1ee5ng \u0111\u1ec3 \u0103n tr\u1ef1c ti\u1ebfp sau khi u\u1ed1ng.<\/p>","protected":false},"excerpt":{"rendered":"<p>Ng\u00e0y nay, v\u1edbi xu th\u1ebf s\u1eed d\u1ee5ng c\u00e1c s\u1ea3n ph\u1ea9m s\u1ea1ch v\u00e0 t\u1ed1t cho s\u1ee9c kh\u1ecfe, c\u00e1c s\u1ea3n ph\u1ea9m tr\u00e0<\/p>","protected":false},"featured_media":15546,"comment_status":"open","ping_status":"closed","template":"","meta":{"_acf_changed":false},"product_cat":[321,22,323],"product_tag":[],"class_list":{"0":"post-2384","1":"product","2":"type-product","3":"status-publish","4":"has-post-thumbnail","6":"product_cat-che","7":"product_cat-sanphamthucpham","8":"product_cat-san-pham-tra-tu-thuc-vat-khac","10":"first","11":"instock","12":"featured","13":"shipping-taxable","14":"product-type-simple"},"acf":[],"_links":{"self":[{"href":"https:\/\/b2c.fairs.vn\/en\/wp-json\/wp\/v2\/product\/2384","targetHints":{"allow":["GET"]}}],"collection":[{"href":"https:\/\/b2c.fairs.vn\/en\/wp-json\/wp\/v2\/product"}],"about":[{"href":"https:\/\/b2c.fairs.vn\/en\/wp-json\/wp\/v2\/types\/product"}],"replies":[{"embeddable":true,"href":"https:\/\/b2c.fairs.vn\/en\/wp-json\/wp\/v2\/comments?post=2384"}],"version-history":[{"count":0,"href":"https:\/\/b2c.fairs.vn\/en\/wp-json\/wp\/v2\/product\/2384\/revisions"}],"wp:featuredmedia":[{"embeddable":true,"href":"https:\/\/b2c.fairs.vn\/en\/wp-json\/wp\/v2\/media\/15546"}],"wp:attachment":[{"href":"https:\/\/b2c.fairs.vn\/en\/wp-json\/wp\/v2\/media?parent=2384"}],"wp:term":[{"taxonomy":"product_cat","embeddable":true,"href":"https:\/\/b2c.fairs.vn\/en\/wp-json\/wp\/v2\/product_cat?post=2384"},{"taxonomy":"product_tag","embeddable":true,"href":"https:\/\/b2c.fairs.vn\/en\/wp-json\/wp\/v2\/product_tag?post=2384"}],"curies":[{"name":"wp","href":"https:\/\/api.w.org\/{rel}","templated":true}]}}