{"id":2383,"date":"2024-03-19T03:08:47","date_gmt":"2024-03-19T03:08:47","guid":{"rendered":"https:\/\/b2c.fairs.vn\/?post_type=product&#038;p=2383"},"modified":"2024-04-04T16:02:48","modified_gmt":"2024-04-04T09:02:48","slug":"xach-qua-ninh-binh-vang-cao-cap","status":"publish","type":"product","link":"https:\/\/b2c.fairs.vn\/en\/product\/xach-qua-ninh-binh-vang-cao-cap\/","title":{"rendered":"X\u00e1ch Qu\u00e0 Ninh B\u00ecnh V\u00e0ng Cao C\u1ea5p"},"content":{"rendered":"<ul>\n<li>Th\u00e0nh ph\u1ea7n: G\u1ea1o ST 25, ru\u1ed1c th\u1ecbt g\u00e0, Rong Bi\u1ec3n, M\u00e8 \u0110en (V\u1eebng \u0111en) d\u1ea7u th\u1ef1c v\u1eadt, mu\u1ed1i, \u1edbt, h\u1ea1t ti\u00eau\u2026<\/li>\n<li>H\u1ea1n s\u1eed d\u1ee5ng: 04 th\u00e1ng k\u1ec3 t\u1eeb ng\u00e0y s\u1ea3n xu\u1ea5t.<\/li>\n<li>H\u01b0\u1edbng d\u1eabn s\u1eed d\u1ee5ng: S\u1ea3n ph\u1ea9m \u0111\u00e3 qua ch\u1ebf bi\u1ebfn, s\u1eed d\u1ee5ng ngay sau khi m\u1edf t\u00fai.<\/li>\n<li>H\u01b0\u1edbng d\u1eabn b\u1ea3o qu\u1ea3n: N\u01a1i kh\u00f4 r\u00e1o, tho\u00e1ng m\u00e1t, tr\u00e1nh \u00e1nh n\u1eafng m\u1eb7t tr\u1eddi.<\/li>\n<li>Kh\u1ed1i l\u01b0\u1ee3ng t\u1ecbnh: 1300 Gram, 10 x\u00e1ch\/ Th\u00f9ng<\/li>\n<li>Xu\u1ea5t x\u1ee9: Vi\u1ec7t Nam<\/li>\n<\/ul>","protected":false},"excerpt":{"rendered":"<p>Th\u00e0nh ph\u1ea7n: G\u1ea1o ST 25, ru\u1ed1c th\u1ecbt g\u00e0, Rong Bi\u1ec3n, M\u00e8 \u0110en (V\u1eebng \u0111en) d\u1ea7u th\u1ef1c v\u1eadt, mu\u1ed1i, \u1edbt, h\u1ea1t<\/p>","protected":false},"featured_media":2385,"comment_status":"open","ping_status":"closed","template":"","meta":{"_acf_changed":false},"product_cat":[315,22,313],"product_tag":[],"class_list":{"0":"post-2383","1":"product","2":"type-product","3":"status-publish","4":"has-post-thumbnail","6":"product_cat-che-bien-tu-gao-ngu-coc","7":"product_cat-sanphamthucpham","8":"product_cat-thuc-pham-che-bien","10":"first","11":"instock","12":"shipping-taxable","13":"purchasable","14":"product-type-simple"},"acf":[],"_links":{"self":[{"href":"https:\/\/b2c.fairs.vn\/en\/wp-json\/wp\/v2\/product\/2383","targetHints":{"allow":["GET"]}}],"collection":[{"href":"https:\/\/b2c.fairs.vn\/en\/wp-json\/wp\/v2\/product"}],"about":[{"href":"https:\/\/b2c.fairs.vn\/en\/wp-json\/wp\/v2\/types\/product"}],"replies":[{"embeddable":true,"href":"https:\/\/b2c.fairs.vn\/en\/wp-json\/wp\/v2\/comments?post=2383"}],"version-history":[{"count":0,"href":"https:\/\/b2c.fairs.vn\/en\/wp-json\/wp\/v2\/product\/2383\/revisions"}],"wp:featuredmedia":[{"embeddable":true,"href":"https:\/\/b2c.fairs.vn\/en\/wp-json\/wp\/v2\/media\/2385"}],"wp:attachment":[{"href":"https:\/\/b2c.fairs.vn\/en\/wp-json\/wp\/v2\/media?parent=2383"}],"wp:term":[{"taxonomy":"product_cat","embeddable":true,"href":"https:\/\/b2c.fairs.vn\/en\/wp-json\/wp\/v2\/product_cat?post=2383"},{"taxonomy":"product_tag","embeddable":true,"href":"https:\/\/b2c.fairs.vn\/en\/wp-json\/wp\/v2\/product_tag?post=2383"}],"curies":[{"name":"wp","href":"https:\/\/api.w.org\/{rel}","templated":true}]}}