{"id":2378,"date":"2024-03-19T03:07:20","date_gmt":"2024-03-19T03:07:20","guid":{"rendered":"https:\/\/b2c.fairs.vn\/?post_type=product&#038;p=2378"},"modified":"2024-04-04T13:52:21","modified_gmt":"2024-04-04T06:52:21","slug":"com-gao-lut-omega-an-phat","status":"publish","type":"product","link":"https:\/\/b2c.fairs.vn\/en\/product\/com-gao-lut-omega-an-phat\/","title":{"rendered":"C\u1ed1m g\u1ea1o l\u1ee9t Omega An Ph\u00e1t"},"content":{"rendered":"<p>C\u1ed1m g\u1ea1o l\u1ee9t gi\u00fap l\u01b0u th\u00f4ng m\u00e1u \u1ed5n \u0111\u1ecbnh, h\u1ed7 tr\u1ee3 b\u00e0i ti\u1ebft, gi\u1ea3m cholesterol trong m\u00e1u, ng\u0103n ng\u1eeba c\u00e1c b\u1ec7nh v\u1ec1 tim m\u1ea1ch, x\u01a1 v\u1eefa \u0111\u1ed9ng m\u1ea1ch, t\u1eafc ngh\u1ebdn m\u1ea1ch m\u00e1u, b\u00e9o ph\u00ec. Ch\u00ednh v\u00ec th\u1ebf t\u00e1c d\u1ee5ng c\u1ee7a c\u1ed1m g\u1ea1o l\u1ee9t rang c\u0169ng c\u00f3 gi\u00e1 tr\u1ecb t\u01b0\u01a1ng \u0111\u01b0\u01a1ng \u0103n c\u01a1m g\u1ea1o l\u1ee9t hay u\u1ed1ng tr\u00e0 g\u1ea1o l\u1ee9t.<\/p>\n<p>&#8211; C\u1ed1m g\u1ea1o l\u1ee9t An Ph\u00e1t \u0111\u01b0\u1ee3c l\u00e0m ra t\u1eeb g\u1ea1o th\u1ea3o d\u01b0\u1ee3c V\u0129nh H\u00f2a \u2013 m\u1ed9t lo\u1ea1i g\u1ea1o l\u1ee9t \u0111\u00e3 \u0111\u01b0\u1ee3c nghi\u00ean c\u1ee9u ph\u00e1t tri\u1ec3n gi\u1ed1ng, tr\u1edf th\u00e0nh gi\u1ed1ng g\u1ea1o l\u1ee9t qu\u00fd tr\u00ean th\u1ebf gi\u1edbi.<\/p>\n<p>&#8211; C\u1ed1m g\u1ea1o l\u1ee9t rang ch\u1ee9a h\u00e0m l\u01b0\u1ee3ng cao canxi, l\u00e0 l\u1ef1a ch\u1ecdn t\u1ed1t cho ng\u01b0\u1eddi l\u1edbn tu\u1ed5i b\u1ecb v\u1ea5n \u0111\u1ec1 v\u1ec1 x\u01b0\u01a1ng kh\u1edbp, tr\u1ebb em trong giai \u0111o\u1ea1n ph\u00e1t tri\u1ec1n c\u0169ng nh\u01b0 ng\u01b0\u1eddi c\u1ea7n b\u1ed5 sung canxi, ng\u01b0\u1eddi c\u1ea7n ph\u1ee5c h\u1ed3i sau ch\u1ea5n th\u01b0\u01a1ng.<\/p>\n<p>&#8211; H\u00e0m l\u01b0\u1ee3ng ch\u1ea5t x\u01a1 c\u00f3 trong c\u1ed1m g\u1ea1o l\u1ee9t r\u1ea5t c\u1ea7n thi\u1ebft cho h\u1ec7 ti\u00eau h\u00f3a kh\u1ecfe m\u1ea1nh, gi\u1ea3m thi\u1ec3u c\u00e1c b\u1ec7nh v\u1ec1 \u0111\u01b0\u1eddng ru\u1ed9t nh\u01b0 ti\u00eau ch\u1ea3y, ki\u1ebft l\u1ef5, \u0111\u1ea7y h\u01a1i kh\u00f3 ti\u00eau.<\/p>\n<p>&nbsp;<\/p>\n<p>\u0110\u01a1n v\u1ecb s\u1ea3n xu\u1ea5t:C\u00f4ng ty TNHH khoa h\u1ecdc v\u00e0 c\u00f4ng ngh\u1ec7 An Ph\u00e1t<\/p>","protected":false},"excerpt":{"rendered":"<p>C\u1ed1m g\u1ea1o l\u1ee9t gi\u00fap l\u01b0u th\u00f4ng m\u00e1u \u1ed5n \u0111\u1ecbnh, h\u1ed7 tr\u1ee3 b\u00e0i ti\u1ebft, gi\u1ea3m cholesterol trong m\u00e1u, ng\u0103n ng\u1eeba c\u00e1c<\/p>","protected":false},"featured_media":15556,"comment_status":"open","ping_status":"closed","template":"","meta":{"_acf_changed":false},"product_cat":[22],"product_tag":[],"class_list":{"0":"post-2378","1":"product","2":"type-product","3":"status-publish","4":"has-post-thumbnail","6":"product_cat-sanphamthucpham","8":"first","9":"instock","10":"shipping-taxable","11":"product-type-simple"},"acf":[],"_links":{"self":[{"href":"https:\/\/b2c.fairs.vn\/en\/wp-json\/wp\/v2\/product\/2378","targetHints":{"allow":["GET"]}}],"collection":[{"href":"https:\/\/b2c.fairs.vn\/en\/wp-json\/wp\/v2\/product"}],"about":[{"href":"https:\/\/b2c.fairs.vn\/en\/wp-json\/wp\/v2\/types\/product"}],"replies":[{"embeddable":true,"href":"https:\/\/b2c.fairs.vn\/en\/wp-json\/wp\/v2\/comments?post=2378"}],"version-history":[{"count":0,"href":"https:\/\/b2c.fairs.vn\/en\/wp-json\/wp\/v2\/product\/2378\/revisions"}],"wp:featuredmedia":[{"embeddable":true,"href":"https:\/\/b2c.fairs.vn\/en\/wp-json\/wp\/v2\/media\/15556"}],"wp:attachment":[{"href":"https:\/\/b2c.fairs.vn\/en\/wp-json\/wp\/v2\/media?parent=2378"}],"wp:term":[{"taxonomy":"product_cat","embeddable":true,"href":"https:\/\/b2c.fairs.vn\/en\/wp-json\/wp\/v2\/product_cat?post=2378"},{"taxonomy":"product_tag","embeddable":true,"href":"https:\/\/b2c.fairs.vn\/en\/wp-json\/wp\/v2\/product_tag?post=2378"}],"curies":[{"name":"wp","href":"https:\/\/api.w.org\/{rel}","templated":true}]}}