{"id":2370,"date":"2024-03-19T03:05:32","date_gmt":"2024-03-19T03:05:32","guid":{"rendered":"https:\/\/b2c.fairs.vn\/?post_type=product&#038;p=2370"},"modified":"2024-03-19T03:10:09","modified_gmt":"2024-03-19T03:10:09","slug":"vai-dui-cao-cap","status":"publish","type":"product","link":"https:\/\/b2c.fairs.vn\/en\/product\/vai-dui-cao-cap\/","title":{"rendered":"V\u1ea2I \u0110\u0168I CAO C\u1ea4P"},"content":{"rendered":"<div class=\"x11i5rnm xat24cr x1mh8g0r x1vvkbs xtlvy1s x126k92a\">\n<div dir=\"auto\">\n<p>V\u1ea3i \u0110\u0169i L\u1ee5a \u2013 M\u00e1t M\u00f9a H\u00e8, \u1ea4m M\u00f9a \u0110\u00f4ng, nh\u1eb9 v\u00e0 tho\u00e1ng. May V\u00e1y, Qu\u1ea7n \u00e1o, Blazer \u2013 Suit, Vest Nam\u2026. Sang tr\u1ecdng, nh\u1eb9 nh\u00e0ng v\u00e0 tho\u1ea3i m\u00e1i.<\/p>\n<\/div>\n<\/div>\n<div class=\"x11i5rnm xat24cr x1mh8g0r x1vvkbs xtlvy1s x126k92a\">\n<div dir=\"auto\">V\u1ea3i \u0110\u0169i L\u1ee5a \u0111\u01b0\u1ee3c l\u00e0m t\u1ec9 m\u1ec9 \u0111\u00f4i b\u00e0n tay kh\u00e9o l\u00e9o c\u1ee7a Ngh\u1ec7 Nh\u00e2n HTX L\u1ee5a \u0110\u0169i Nam Cao. Mi\u1ec7t m\u00e0i trong ch\u1eadu n\u01b0\u1edbc m\u1ed7i ng\u00e0y ch\u1ec9 k\u00e9o \u0111\u01b0\u1ee3c 70g \u2013 100g s\u1ee3i \u0110\u0169i\u2026 Tr\u1ea3i qua tr\u00ean 15 c\u00f4ng \u0111o\u1ea1n v\u00e0 th\u1eddi gian t\u1ea1o ra s\u1ea3n ph\u1ea9m t\u1eeb tr\u1ed3ng d\u00e2u, nu\u00f4i t\u1eb1m, d\u1ec7t v\u1ea3i, nhu\u1ed9m m\u00e0u ra v\u1ea3i kho\u1ea3ng 60 ng\u00e0y.<\/div>\n<\/div>\n<div class=\"x11i5rnm xat24cr x1mh8g0r x1vvkbs xtlvy1s x126k92a\">\n<div dir=\"auto\">V\u1ea3i \u0110\u0169i L\u1ee5a ch\u1ea5t li\u1ec7u 100% T\u01a1 T\u1eb1m t\u1ef1 nhi\u00ean Vi\u1ec7t Nam<\/div>\n<div dir=\"auto\">Kh\u1ed5 v\u1ea3i: 80cm \u2013 110cm<\/div>\n<div dir=\"auto\">Qu\u00fd kh\u00e1ch ch\u1ecdn m\u00e0u v\u1ea3i vui l\u00f2ng \u0111\u1ec3 l\u1ea1i ghi ch\u00fa ho\u1eb7c g\u1ecdi \u0111\u1ebfn Hotline: 0985969864 \u2013 0977241182 \u0111\u1ec3 \u0111\u01b0\u1ee3c t\u01b0 v\u1ea5n.<\/div>\n<div dir=\"auto\">\n<div dir=\"auto\"><\/div>\n<div dir=\"auto\">S\u1ea3n ph\u1ea9m v\u1ea3i c\u1ee7a HTX L\u00e0ng ngh\u1ec1 L\u1ee5a \u0111\u0169i Nam Cao Th\u00e1i B\u00ecnh v\u1edbi 100% t\u1eeb t\u01a1 t\u1eb1m t\u1ef1 nhi\u00ean \u0111\u1ea1t nh\u1eefng ti\u00eau chu\u1ea9n cao m\u00e0 kh\u00f4ng ch\u1ea5t li\u1ec7u n\u00e0o kh\u00e1c c\u00f3 \u0111\u01b0\u1ee3c:<\/div>\n<div dir=\"auto\"><span class=\"x3nfvp2 x1j61x8r x1fcty0u xdj266r xhhsvwb xat24cr xgzva0m xxymvpz xlup9mm x1kky2od\"><img decoding=\"async\" class=\"xz74otr\" src=\"https:\/\/static.xx.fbcdn.net\/images\/emoji.php\/v9\/t86\/1.5\/16\/1f4cd.png\" alt=\"\ud83d\udccd\" width=\"16\" height=\"16\" \/><\/span>\u00a0Th\u1ea5m h\u00fat m\u1ed3 h\u00f4i, nh\u01b0ng l\u1ea1i h\u1ea1n ch\u1ebf \u0111\u01b0\u1ee3c m\u00f9i c\u01a1 th\u1ec3.<\/div>\n<div dir=\"auto\"><span class=\"x3nfvp2 x1j61x8r x1fcty0u xdj266r xhhsvwb xat24cr xgzva0m xxymvpz xlup9mm x1kky2od\"><img decoding=\"async\" class=\"xz74otr\" src=\"https:\/\/static.xx.fbcdn.net\/images\/emoji.php\/v9\/t86\/1.5\/16\/1f4cd.png\" alt=\"\ud83d\udccd\" width=\"16\" height=\"16\" \/><\/span>\u00a0M\u00e1t m\u1ebb v\u00e0o m\u00f9a h\u00e8 v\u00e0 \u1ea4m \u00e1p v\u00e0o m\u00f9a \u0111\u00f4ng.<\/div>\n<div dir=\"auto\"><span class=\"x3nfvp2 x1j61x8r x1fcty0u xdj266r xhhsvwb xat24cr xgzva0m xxymvpz xlup9mm x1kky2od\"><img decoding=\"async\" class=\"xz74otr\" src=\"https:\/\/static.xx.fbcdn.net\/images\/emoji.php\/v9\/t86\/1.5\/16\/1f4cd.png\" alt=\"\ud83d\udccd\" width=\"16\" height=\"16\" \/><\/span>\u00a0Ch\u1ec9 c\u1ea7n b\u1ea3o qu\u1ea3n \u0111\u00fang, v\u1ea3i l\u1ee5a \u0111\u0169i r\u1ea5t b\u1ec1n v\u1edbi th\u1eddi gian.<\/div>\n<div dir=\"auto\"><span class=\"x3nfvp2 x1j61x8r x1fcty0u xdj266r xhhsvwb xat24cr xgzva0m xxymvpz xlup9mm x1kky2od\"><img decoding=\"async\" class=\"xz74otr\" src=\"https:\/\/static.xx.fbcdn.net\/images\/emoji.php\/v9\/t86\/1.5\/16\/1f4cd.png\" alt=\"\ud83d\udccd\" width=\"16\" height=\"16\" \/><\/span>\u00a0V\u00ec 100% t\u1ef1 nhi\u00ean n\u00ean v\u00f4 c\u00f9ng s\u1ea1ch, c\u00f3 t\u00ednh kh\u00e1ng khu\u1ea9n, ng\u0103n ng\u1eeba k\u00edch \u1ee9ng da \u0111\u1eb7c bi\u1ec7t ph\u00f9 h\u1ee3p v\u1edbi l\u00e0n da nh\u1ea1y c\u1ea3m c\u1ee7a tr\u1ebb nh\u1ecf.<\/div>\n<div dir=\"auto\"><span class=\"x3nfvp2 x1j61x8r x1fcty0u xdj266r xhhsvwb xat24cr xgzva0m xxymvpz xlup9mm x1kky2od\"><img decoding=\"async\" class=\"xz74otr\" src=\"https:\/\/static.xx.fbcdn.net\/images\/emoji.php\/v9\/t86\/1.5\/16\/1f4cd.png\" alt=\"\ud83d\udccd\" width=\"16\" height=\"16\" \/><\/span>\u00a0Th\u00e2n thi\u1ec7n v\u1edbi m\u00f4i tr\u01b0\u1eddng.<\/div>\n<div dir=\"auto\"><span class=\"x3nfvp2 x1j61x8r x1fcty0u xdj266r xhhsvwb xat24cr xgzva0m xxymvpz xlup9mm x1kky2od\"><img decoding=\"async\" class=\"xz74otr\" src=\"https:\/\/static.xx.fbcdn.net\/images\/emoji.php\/v9\/t86\/1.5\/16\/1f4cd.png\" alt=\"\ud83d\udccd\" width=\"16\" height=\"16\" \/><\/span>\u00a0Mang t\u00ednh th\u1ea9m m\u1ef9 v\u00e0 \u0111\u1ed9c \u0111\u00e1o cao.<\/div>\n<div dir=\"auto\"><img decoding=\"async\" src=\"https:\/\/hanhsilk.giahanweb.com\/wp-content\/uploads\/sites\/273\/2023\/10\/1-1.png\" \/><\/div>\n<div dir=\"auto\"><img decoding=\"async\" src=\"https:\/\/hanhsilk.giahanweb.com\/wp-content\/uploads\/sites\/273\/2023\/10\/4-1.png\" \/><\/div>\n<div dir=\"auto\"><img decoding=\"async\" src=\"https:\/\/hanhsilk.giahanweb.com\/wp-content\/uploads\/sites\/273\/2023\/10\/6-1.png\" \/><\/div>\n<div dir=\"auto\"><img decoding=\"async\" src=\"https:\/\/hanhsilk.giahanweb.com\/wp-content\/uploads\/sites\/273\/2023\/10\/3-1.png\" \/><\/div>\n<\/div>\n<\/div>","protected":false},"excerpt":{"rendered":"<p>V\u1ea3i \u0110\u0169i L\u1ee5a \u2013 M\u00e1t M\u00f9a H\u00e8, \u1ea4m M\u00f9a \u0110\u00f4ng, nh\u1eb9 v\u00e0 tho\u00e1ng. May V\u00e1y, Qu\u1ea7n \u00e1o, Blazer \u2013 Suit,<\/p>","protected":false},"featured_media":2375,"comment_status":"open","ping_status":"closed","template":"","meta":{"_acf_changed":false},"product_cat":[336,338],"product_tag":[],"class_list":{"0":"post-2370","1":"product","2":"type-product","3":"status-publish","4":"has-post-thumbnail","6":"product_cat-san-pham-thu-cong-my-nghe","7":"product_cat-vai-may-mac","9":"first","10":"instock","11":"shipping-taxable","12":"purchasable","13":"product-type-simple"},"acf":[],"_links":{"self":[{"href":"https:\/\/b2c.fairs.vn\/en\/wp-json\/wp\/v2\/product\/2370","targetHints":{"allow":["GET"]}}],"collection":[{"href":"https:\/\/b2c.fairs.vn\/en\/wp-json\/wp\/v2\/product"}],"about":[{"href":"https:\/\/b2c.fairs.vn\/en\/wp-json\/wp\/v2\/types\/product"}],"replies":[{"embeddable":true,"href":"https:\/\/b2c.fairs.vn\/en\/wp-json\/wp\/v2\/comments?post=2370"}],"version-history":[{"count":0,"href":"https:\/\/b2c.fairs.vn\/en\/wp-json\/wp\/v2\/product\/2370\/revisions"}],"wp:featuredmedia":[{"embeddable":true,"href":"https:\/\/b2c.fairs.vn\/en\/wp-json\/wp\/v2\/media\/2375"}],"wp:attachment":[{"href":"https:\/\/b2c.fairs.vn\/en\/wp-json\/wp\/v2\/media?parent=2370"}],"wp:term":[{"taxonomy":"product_cat","embeddable":true,"href":"https:\/\/b2c.fairs.vn\/en\/wp-json\/wp\/v2\/product_cat?post=2370"},{"taxonomy":"product_tag","embeddable":true,"href":"https:\/\/b2c.fairs.vn\/en\/wp-json\/wp\/v2\/product_tag?post=2370"}],"curies":[{"name":"wp","href":"https:\/\/api.w.org\/{rel}","templated":true}]}}