{"id":2363,"date":"2024-03-19T03:02:27","date_gmt":"2024-03-19T03:02:27","guid":{"rendered":"https:\/\/b2c.fairs.vn\/?post_type=product&#038;p=2363"},"modified":"2024-03-19T03:10:36","modified_gmt":"2024-03-19T03:10:36","slug":"combo-giang-sinh-khan-lua-tron-vi-lua-vong-lua","status":"publish","type":"product","link":"https:\/\/b2c.fairs.vn\/en\/product\/combo-giang-sinh-khan-lua-tron-vi-lua-vong-lua\/","title":{"rendered":"COMBO GI\u00c1NG SINH \u2013 KH\u0102N L\u1ee4A TR\u01a0N, V\u00cd L\u1ee4A, V\u00d2NG L\u1ee4A"},"content":{"rendered":"<h2>SET BAO G\u1ed2M: KH\u0102N L\u1ee4A TR\u01a0N, V\u00cd L\u1ee4A V\u00c0 V\u00d2NG L\u1ee4A TRUNG<\/h2>\n<div><strong>Ch\u1ea5t li\u1ec7u:\u00a0<\/strong>100% L\u1ee5a t\u01a1 t\u1eb1m cao c\u1ea5p<\/div>\n<div><strong>K\u00edch th\u01b0\u1edbc:<\/strong>\u00a080*180cm<\/div>\n<div>Ngo\u00e0i nh\u1eefng thi\u1ebft k\u1ebf c\u00f3 s\u1eb5n, Hanhsilk nh\u1eadn thi\u1ebft k\u1ebf theo y\u00eau c\u1ea7u ri\u00eang c\u1ee7a kh\u00e1ch h\u00e0ng.<\/div>\n<div><\/div>\n<div><strong>Kh\u1ea9u trang l\u1ee5a t\u01a1 t\u1eb1m:<\/strong><\/div>\n<div>Ch\u1ea5t li\u1ec7u 100% l\u1ee5a t\u01a1 t\u1eb1m t\u1ef1 nhi\u00ean, kh\u1ea9u trang 2 l\u1edbp v\u1ea3i t\u00ednh n\u0103ng kh\u00e1ng khu\u1ea9n t\u1ef1 nhi\u00ean, tho\u00e1ng m\u00e1t, ch\u1ed1ng tia UV, t\u01a1 t\u1eb1m protein t\u1ef1 nhi\u00ean l\u00e0m da m\u1ec1m m\u1ea1i \u0111\u1eb7c bi\u1ec7t khi \u0111eo k\u00ednh kh\u00f4ng b\u1ecb h\u1ea5p h\u01a1i.<\/div>\n<div>\n<div class=\"xdj266r x11i5rnm xat24cr x1mh8g0r x1vvkbs x126k92a\">\n<div dir=\"auto\">KH\u1ea8U TRANG T\u01a0 T\u1eb0M T\u1ef0 NHI\u00caN<\/div>\n<div dir=\"auto\"><\/div>\n<\/div>\n<div class=\"x11i5rnm xat24cr x1mh8g0r x1vvkbs xtlvy1s x126k92a\">\n<div dir=\"auto\">\u2013 Kh\u1ea9u trang l\u1ee5a \u0111\u0169i 100% t\u01a1 t\u1eb1m, 2 l\u1edbp v\u1ea3i.<\/div>\n<div dir=\"auto\">\u2013 Kh\u1ea3 n\u0103ng ch\u1ed1ng tia UV t\u1ef1 nhi\u00ean l\u00ean \u0111\u1ebfn 97%.<\/div>\n<div dir=\"auto\">\u2013 Kh\u00e1ng khu\u1ea9n t\u1ef1 nhi\u00ean.<\/div>\n<div dir=\"auto\">\u2013 \u0110\u1ed9 tho\u00e1ng kh\u00ed cao \u0111\u1eb7c bi\u1ec7t kh\u00f4ng h\u1ea5p h\u01a1i l\u00e0m m\u1edd m\u1eaft k\u00ednh.<\/div>\n<div dir=\"auto\">\u2013 M\u1ec1m m\u1ea1i, d\u1ec5 th\u1edf, th\u00edch h\u1ee3p v\u1edbi da.<\/div>\n<div dir=\"auto\">\u2013 T\u00e1i s\u1eed d\u1ee5ng nhi\u1ec1u l\u1ea7n m\u00e0 kh\u00f4ng m\u1ea5t \u0111i kh\u1ea3 n\u0103ng ch\u1ed1ng n\u1eafng, kh\u00e1ng khu\u1ea9n.<\/div>\n<div dir=\"auto\"><img decoding=\"async\" src=\"https:\/\/hanhsilk.giahanweb.com\/wp-content\/uploads\/sites\/273\/2023\/10\/z4926481536792_5b85b8b756c383fa6a581ca96d0c2582-scaled.jpg\" \/><\/div>\n<\/div>\n<\/div>","protected":false},"excerpt":{"rendered":"<p>SET BAO G\u1ed2M: KH\u0102N L\u1ee4A TR\u01a0N, V\u00cd L\u1ee4A V\u00c0 V\u00d2NG L\u1ee4A TRUNG Ch\u1ea5t li\u1ec7u:\u00a0100% L\u1ee5a t\u01a1 t\u1eb1m cao c\u1ea5p K\u00edch<\/p>","protected":false},"featured_media":2365,"comment_status":"open","ping_status":"closed","template":"","meta":{"_acf_changed":false},"product_cat":[336,338],"product_tag":[],"class_list":{"0":"post-2363","1":"product","2":"type-product","3":"status-publish","4":"has-post-thumbnail","6":"product_cat-san-pham-thu-cong-my-nghe","7":"product_cat-vai-may-mac","9":"first","10":"instock","11":"shipping-taxable","12":"purchasable","13":"product-type-simple"},"acf":[],"_links":{"self":[{"href":"https:\/\/b2c.fairs.vn\/en\/wp-json\/wp\/v2\/product\/2363","targetHints":{"allow":["GET"]}}],"collection":[{"href":"https:\/\/b2c.fairs.vn\/en\/wp-json\/wp\/v2\/product"}],"about":[{"href":"https:\/\/b2c.fairs.vn\/en\/wp-json\/wp\/v2\/types\/product"}],"replies":[{"embeddable":true,"href":"https:\/\/b2c.fairs.vn\/en\/wp-json\/wp\/v2\/comments?post=2363"}],"version-history":[{"count":0,"href":"https:\/\/b2c.fairs.vn\/en\/wp-json\/wp\/v2\/product\/2363\/revisions"}],"wp:featuredmedia":[{"embeddable":true,"href":"https:\/\/b2c.fairs.vn\/en\/wp-json\/wp\/v2\/media\/2365"}],"wp:attachment":[{"href":"https:\/\/b2c.fairs.vn\/en\/wp-json\/wp\/v2\/media?parent=2363"}],"wp:term":[{"taxonomy":"product_cat","embeddable":true,"href":"https:\/\/b2c.fairs.vn\/en\/wp-json\/wp\/v2\/product_cat?post=2363"},{"taxonomy":"product_tag","embeddable":true,"href":"https:\/\/b2c.fairs.vn\/en\/wp-json\/wp\/v2\/product_tag?post=2363"}],"curies":[{"name":"wp","href":"https:\/\/api.w.org\/{rel}","templated":true}]}}