{"id":2358,"date":"2024-03-19T02:59:24","date_gmt":"2024-03-19T02:59:24","guid":{"rendered":"https:\/\/b2c.fairs.vn\/?post_type=product&#038;p=2358"},"modified":"2024-03-19T02:59:24","modified_gmt":"2024-03-19T02:59:24","slug":"kep-file","status":"publish","type":"product","link":"https:\/\/b2c.fairs.vn\/en\/product\/kep-file\/","title":{"rendered":"K\u1eb9p File"},"content":{"rendered":"<p>S\u1eed d\u1ee5ng ch\u1ea5t li\u1ec7u gi\u1ea5y Couche, Ivory, c\u00f4ng ngh\u1ec7 in 4 m\u00e0u.<br \/>\n\u0110\u1ecbnh l\u01b0\u1ee3ng 300-350gsm<br \/>\nk\u1ef9 thu\u1eadt gia c\u00f4ng: c\u00e1n b\u00f3ng, c\u00e1n m\u1edd, b\u1ebf tai, c\u00e0i card visit.<\/p>\n<p>K\u1eb9p file l\u00e0 m\u1ed9t \u1ea5n ph\u1ea9m v\u0103n ph\u00f2ng d\u00f9ng \u0111\u1ec3 \u0111\u1ef1ng gi\u1ea5y t\u1edd nh\u01b0 h\u00f3a \u0111\u01a1n, th\u01b0 t\u1eeb, h\u00f3a \u0111\u01a1n c\u00f4ng ty, t\u1ed5 ch\u1ee9c, doanh nghi\u1ec7p. B\u00ean c\u1ea1nh \u0111\u00f3 c\u00f2n th\u1ec3 hi\u1ec7n nh\u1eefng h\u00ecnh \u1ea3nh th\u00f4ng tin v\u1ec1 s\u1ea3n ph\u1ea9m, d\u1ecbch v\u1ee5, v\u00e0 nh\u1eefng th\u00f4ng \u0111i\u1ec7p m\u00e0 doanh nghi\u1ec7p mu\u1ed1n qu\u1ea3ng b\u00e1\u2026.<\/p>","protected":false},"excerpt":{"rendered":"<p>S\u1eed d\u1ee5ng ch\u1ea5t li\u1ec7u gi\u1ea5y Couche, Ivory, c\u00f4ng ngh\u1ec7 in 4 m\u00e0u. \u0110\u1ecbnh l\u01b0\u1ee3ng 300-350gsm k\u1ef9 thu\u1eadt gia c\u00f4ng: c\u00e1n<\/p>","protected":false},"featured_media":2359,"comment_status":"open","ping_status":"closed","template":"","meta":{"_acf_changed":false},"product_cat":[22],"product_tag":[],"class_list":{"0":"post-2358","1":"product","2":"type-product","3":"status-publish","4":"has-post-thumbnail","6":"product_cat-sanphamthucpham","8":"first","9":"instock","10":"shipping-taxable","11":"product-type-simple"},"acf":[],"_links":{"self":[{"href":"https:\/\/b2c.fairs.vn\/en\/wp-json\/wp\/v2\/product\/2358","targetHints":{"allow":["GET"]}}],"collection":[{"href":"https:\/\/b2c.fairs.vn\/en\/wp-json\/wp\/v2\/product"}],"about":[{"href":"https:\/\/b2c.fairs.vn\/en\/wp-json\/wp\/v2\/types\/product"}],"replies":[{"embeddable":true,"href":"https:\/\/b2c.fairs.vn\/en\/wp-json\/wp\/v2\/comments?post=2358"}],"version-history":[{"count":0,"href":"https:\/\/b2c.fairs.vn\/en\/wp-json\/wp\/v2\/product\/2358\/revisions"}],"wp:featuredmedia":[{"embeddable":true,"href":"https:\/\/b2c.fairs.vn\/en\/wp-json\/wp\/v2\/media\/2359"}],"wp:attachment":[{"href":"https:\/\/b2c.fairs.vn\/en\/wp-json\/wp\/v2\/media?parent=2358"}],"wp:term":[{"taxonomy":"product_cat","embeddable":true,"href":"https:\/\/b2c.fairs.vn\/en\/wp-json\/wp\/v2\/product_cat?post=2358"},{"taxonomy":"product_tag","embeddable":true,"href":"https:\/\/b2c.fairs.vn\/en\/wp-json\/wp\/v2\/product_tag?post=2358"}],"curies":[{"name":"wp","href":"https:\/\/api.w.org\/{rel}","templated":true}]}}