{"id":2343,"date":"2024-03-19T02:56:03","date_gmt":"2024-03-19T02:56:03","guid":{"rendered":"https:\/\/b2c.fairs.vn\/?post_type=product&#038;p=2343"},"modified":"2024-04-03T14:25:14","modified_gmt":"2024-04-03T07:25:14","slug":"lich-treo-tuong","status":"publish","type":"product","link":"https:\/\/b2c.fairs.vn\/en\/product\/lich-treo-tuong\/","title":{"rendered":"L\u1ecbch treo t\u01b0\u1eddng"},"content":{"rendered":"<p>Th\u01b0\u1eddng s\u1eed d\u1ee5ng ch\u1ea5t li\u1ec7u gi\u1ea5y Couche, Duplex\u2026..<br \/>\nK\u00edch th\u01b0\u1edbc in l\u1ecbch treo t\u01b0\u1eddng ph\u1ee5 thu\u1ed9c v\u00e0o mong mu\u1ed1n c\u1ee7a kh\u00e1ch h\u00e0ng. Nh\u00ecn chung, k\u00edch th\u01b0\u1edbc chung c\u1ee7a l\u1ecbch treo t\u01b0\u1eddng l\u00e0 40x60cm, 41x63cm. C\u00f4ng ngh\u1ec7 in l\u1ecbch treo t\u01b0\u1eddng s\u1eed d\u1ee5ng l\u00e0 in offset 4 m\u00e0u cao c\u1ea5p<\/p>\n<p>L\u1ecbch treo t\u01b0\u1eddng \u0111\u01b0\u1ee3c d\u00f9ng ph\u1ed5 bi\u1ebfn \u0111\u1ec3 theo d\u00f5i v\u00e0 t\u00ecm ki\u1ebfm th\u00f4ng tin h\u00e0ng ng\u00e0y trong m\u1ed9t n\u0103m<br \/>\nKh\u00f4ng ch\u1ec9 v\u1eady v\u1edbi thi\u1ebft k\u1ebf \u0111\u1eb9p, b\u1eaft m\u1eaft, l\u1ecbch t\u1ebft c\u00f2n \u0111\u01b0\u1ee3c s\u1eed d\u1ee5ng l\u00e0m v\u1eadt ph\u1ea9m trang tr\u00ed cho kh\u00f4ng gian ng\u00e0y t\u1ebft tr\u1edf n\u00ean n\u1ed5i b\u1eadt h\u01a1n.<\/p>","protected":false},"excerpt":{"rendered":"<p>Th\u01b0\u1eddng s\u1eed d\u1ee5ng ch\u1ea5t li\u1ec7u gi\u1ea5y Couche, Duplex\u2026.. K\u00edch th\u01b0\u1edbc in l\u1ecbch treo t\u01b0\u1eddng ph\u1ee5 thu\u1ed9c v\u00e0o mong mu\u1ed1n c\u1ee7a<\/p>","protected":false},"featured_media":2344,"comment_status":"open","ping_status":"closed","template":"","meta":{"_acf_changed":false},"product_cat":[520,368],"product_tag":[],"class_list":{"0":"post-2343","1":"product","2":"type-product","3":"status-publish","4":"has-post-thumbnail","6":"product_cat-nha-cua-doi-song","7":"product_cat-van-phong-pham","9":"first","10":"instock","11":"shipping-taxable","12":"product-type-simple"},"acf":[],"_links":{"self":[{"href":"https:\/\/b2c.fairs.vn\/en\/wp-json\/wp\/v2\/product\/2343","targetHints":{"allow":["GET"]}}],"collection":[{"href":"https:\/\/b2c.fairs.vn\/en\/wp-json\/wp\/v2\/product"}],"about":[{"href":"https:\/\/b2c.fairs.vn\/en\/wp-json\/wp\/v2\/types\/product"}],"replies":[{"embeddable":true,"href":"https:\/\/b2c.fairs.vn\/en\/wp-json\/wp\/v2\/comments?post=2343"}],"version-history":[{"count":0,"href":"https:\/\/b2c.fairs.vn\/en\/wp-json\/wp\/v2\/product\/2343\/revisions"}],"wp:featuredmedia":[{"embeddable":true,"href":"https:\/\/b2c.fairs.vn\/en\/wp-json\/wp\/v2\/media\/2344"}],"wp:attachment":[{"href":"https:\/\/b2c.fairs.vn\/en\/wp-json\/wp\/v2\/media?parent=2343"}],"wp:term":[{"taxonomy":"product_cat","embeddable":true,"href":"https:\/\/b2c.fairs.vn\/en\/wp-json\/wp\/v2\/product_cat?post=2343"},{"taxonomy":"product_tag","embeddable":true,"href":"https:\/\/b2c.fairs.vn\/en\/wp-json\/wp\/v2\/product_tag?post=2343"}],"curies":[{"name":"wp","href":"https:\/\/api.w.org\/{rel}","templated":true}]}}