{"id":2341,"date":"2024-03-19T02:59:04","date_gmt":"2024-03-19T02:59:04","guid":{"rendered":"https:\/\/b2c.fairs.vn\/?post_type=product&#038;p=2341"},"modified":"2024-03-19T03:10:26","modified_gmt":"2024-03-19T03:10:26","slug":"combo-giang-sinh-khan-lua-dui-va-tat-to-tam","status":"publish","type":"product","link":"https:\/\/b2c.fairs.vn\/en\/product\/combo-giang-sinh-khan-lua-dui-va-tat-to-tam\/","title":{"rendered":"COMBO GI\u00c1NG SINH \u2013 KH\u0102N L\u1ee4A \u0110\u0168I V\u00c0 T\u1ea4T T\u01a0 T\u1eb0M"},"content":{"rendered":"<h2>SET BAO G\u1ed2M: KH\u0102N L\u1ee4A \u0110\u0168I V\u00c0 T\u1ea4T T\u01a0 T\u1eb0M<\/h2>\n<ol>\n<li><strong>Kh\u0103n \u0111\u0169i Nam\/N\u1eef<\/strong><\/li>\n<\/ol>\n<div><strong>Ch\u1ea5t li\u1ec7u:\u00a0<\/strong>100% \u0111\u0169i t\u01a1 t\u1eb1m cao c\u1ea5p<\/div>\n<div><strong>K\u00edch th\u01b0\u1edbc:<\/strong>\u00a080*180cm<\/div>\n<div><strong>M\u00e0u s\u1eafc:<\/strong>\u00a0Nhi\u1ec1u m\u00e0u<\/div>\n<div><strong>Link s\u1ea3n ph\u1ea9m l\u1ebb:<\/strong><\/div>\n<div>N\u1eef: https:\/\/hanhsilk.com\/san-pham\/khan-dui-to-tam\/<\/div>\n<div>Nam: https:\/\/hanhsilk.com\/san-pham\/khan-dui-to-tam-nam\/<\/div>\n<div>Ngo\u00e0i nh\u1eefng thi\u1ebft k\u1ebf c\u00f3 s\u1eb5n, Hanhsilk nh\u1eadn thi\u1ebft k\u1ebf theo y\u00eau c\u1ea7u ri\u00eang c\u1ee7a kh\u00e1ch h\u00e0ng.<\/div>\n<div><\/div>\n<ol>\n<li><strong>T\u1ea5t l\u1ee5a t\u01a1 t\u1eb1m:\u00a0<\/strong><\/li>\n<\/ol>\n<div>\n<ul>\n<li><span data-sheets-value=\"{&quot;1&quot;:2,&quot;2&quot;:&quot;- K\u00edch thu\u1edbc: \\n- Ch\u1ea5t li\u1ec7u: 95% t\u01a1 t\u1eb1m, 5% thun co gi\u00e3n. T\u1ea5t co d\u00e3n, \u0111i tho\u00e1ng ch\u00e2n, th\u1ea5m h\u00fat m\u1ed3 h\u00f4i t\u1ed1t, kh\u00f4ng h\u00f4i, kh\u00f4ng b\u00ed m\u00f9i, kh\u00f4ng d\u00e3o r\u00e1ch. Ch\u1ea5t li\u1ec7u \u0111\u00f4ng \u1ea5m, h\u00e8 m\u00e1t ph\u00f9 h\u1ee3p \u0111\u1ec3 d\u00f9ng quanh n\u0103m v\u00e0 gi\u1ea3m m\u00f9i h\u00f4i ch\u00e2n r\u1ea5t t\u1ed1t&quot;}\" data-sheets-userformat=\"{&quot;2&quot;:15285,&quot;3&quot;:{&quot;1&quot;:0},&quot;5&quot;:{&quot;1&quot;:[{&quot;1&quot;:2,&quot;2&quot;:0,&quot;5&quot;:[null,2,0]},{&quot;1&quot;:0,&quot;2&quot;:0,&quot;3&quot;:3},{&quot;1&quot;:1,&quot;2&quot;:0,&quot;4&quot;:1}]},&quot;7&quot;:{&quot;1&quot;:[{&quot;1&quot;:2,&quot;2&quot;:0,&quot;5&quot;:[null,2,0]},{&quot;1&quot;:0,&quot;2&quot;:0,&quot;3&quot;:3},{&quot;1&quot;:1,&quot;2&quot;:0,&quot;4&quot;:1}]},&quot;8&quot;:{&quot;1&quot;:[{&quot;1&quot;:2,&quot;2&quot;:0,&quot;5&quot;:[null,2,0]},{&quot;1&quot;:0,&quot;2&quot;:0,&quot;3&quot;:3},{&quot;1&quot;:1,&quot;2&quot;:0,&quot;4&quot;:1}]},&quot;10&quot;:0,&quot;11&quot;:4,&quot;12&quot;:0,&quot;14&quot;:[null,2,0],&quot;15&quot;:&quot;Calibri, sans-serif&quot;,&quot;16&quot;:12}\">Ki\u1ec3u d\u00e1ng: T\u1ea5t c\u1ed5 cao\/ T\u1ea5t c\u1ed5 ng\u1eafn<\/span><\/li>\n<li><span data-sheets-value=\"{&quot;1&quot;:2,&quot;2&quot;:&quot;- K\u00edch thu\u1edbc: \\n- Ch\u1ea5t li\u1ec7u: 95% t\u01a1 t\u1eb1m, 5% thun co gi\u00e3n. T\u1ea5t co d\u00e3n, \u0111i tho\u00e1ng ch\u00e2n, th\u1ea5m h\u00fat m\u1ed3 h\u00f4i t\u1ed1t, kh\u00f4ng h\u00f4i, kh\u00f4ng b\u00ed m\u00f9i, kh\u00f4ng d\u00e3o r\u00e1ch. Ch\u1ea5t li\u1ec7u \u0111\u00f4ng \u1ea5m, h\u00e8 m\u00e1t ph\u00f9 h\u1ee3p \u0111\u1ec3 d\u00f9ng quanh n\u0103m v\u00e0 gi\u1ea3m m\u00f9i h\u00f4i ch\u00e2n r\u1ea5t t\u1ed1t&quot;}\" data-sheets-userformat=\"{&quot;2&quot;:15285,&quot;3&quot;:{&quot;1&quot;:0},&quot;5&quot;:{&quot;1&quot;:[{&quot;1&quot;:2,&quot;2&quot;:0,&quot;5&quot;:[null,2,0]},{&quot;1&quot;:0,&quot;2&quot;:0,&quot;3&quot;:3},{&quot;1&quot;:1,&quot;2&quot;:0,&quot;4&quot;:1}]},&quot;7&quot;:{&quot;1&quot;:[{&quot;1&quot;:2,&quot;2&quot;:0,&quot;5&quot;:[null,2,0]},{&quot;1&quot;:0,&quot;2&quot;:0,&quot;3&quot;:3},{&quot;1&quot;:1,&quot;2&quot;:0,&quot;4&quot;:1}]},&quot;8&quot;:{&quot;1&quot;:[{&quot;1&quot;:2,&quot;2&quot;:0,&quot;5&quot;:[null,2,0]},{&quot;1&quot;:0,&quot;2&quot;:0,&quot;3&quot;:3},{&quot;1&quot;:1,&quot;2&quot;:0,&quot;4&quot;:1}]},&quot;10&quot;:0,&quot;11&quot;:4,&quot;12&quot;:0,&quot;14&quot;:[null,2,0],&quot;15&quot;:&quot;Calibri, sans-serif&quot;,&quot;16&quot;:12}\">Ch\u1ea5t li\u1ec7u: 95% t\u01a1 t\u1eb1m, 5% thun co gi\u00e3n<\/span><\/li>\n<li>M\u00e0u s\u1eafc: \u0110en, Tr\u1eafng, Ghi, N\u00e2u<\/li>\n<li>\u0110\u01a1n v\u1ecb: \u0110\u00f4i<\/li>\n<\/ul>\n<h2>\u01afU \u0110I\u1ec2M V\u01af\u1ee2T TR\u1ed8I<\/h2>\n<p>T\u1ea5t l\u1ee5a \u0111\u01b0\u1ee3c d\u1ec7t t\u1eeb 95% l\u1ee5a t\u01a1 t\u1eb1m t\u1ef1 nhi\u00ean v\u00e0 5% thun \u0111\u1ec3 gi\u00fap t\u00ednh co gi\u00e3n t\u1ed1t h\u01a1n. T\u1ea5t l\u1ee5a c\u1ed5 cao c\u00f3 \u01b0u \u0111i\u1ec3m v\u01b0\u1ee3t tr\u1ed9i so v\u1edbi c\u00e1c d\u00f2ng s\u1ea3n ph\u1ea9m t\u1ea5t kh\u00e1c b\u1edfi nh\u1eefng \u0111\u1eb7c t\u00ednh tuy\u1ec7t v\u1eddi t\u1eeb l\u1ee5a mang l\u1ea1i:<\/p>\n<ul>\n<li><span data-sheets-value=\"{&quot;1&quot;:2,&quot;2&quot;:&quot;- K\u00edch thu\u1edbc: \\n- Ch\u1ea5t li\u1ec7u: 95% t\u01a1 t\u1eb1m, 5% thun co gi\u00e3n. T\u1ea5t co d\u00e3n, \u0111i tho\u00e1ng ch\u00e2n, th\u1ea5m h\u00fat m\u1ed3 h\u00f4i t\u1ed1t, kh\u00f4ng h\u00f4i, kh\u00f4ng b\u00ed m\u00f9i, kh\u00f4ng d\u00e3o r\u00e1ch. Ch\u1ea5t li\u1ec7u \u0111\u00f4ng \u1ea5m, h\u00e8 m\u00e1t ph\u00f9 h\u1ee3p \u0111\u1ec3 d\u00f9ng quanh n\u0103m v\u00e0 gi\u1ea3m m\u00f9i h\u00f4i ch\u00e2n r\u1ea5t t\u1ed1t&quot;}\" data-sheets-userformat=\"{&quot;2&quot;:15285,&quot;3&quot;:{&quot;1&quot;:0},&quot;5&quot;:{&quot;1&quot;:[{&quot;1&quot;:2,&quot;2&quot;:0,&quot;5&quot;:[null,2,0]},{&quot;1&quot;:0,&quot;2&quot;:0,&quot;3&quot;:3},{&quot;1&quot;:1,&quot;2&quot;:0,&quot;4&quot;:1}]},&quot;7&quot;:{&quot;1&quot;:[{&quot;1&quot;:2,&quot;2&quot;:0,&quot;5&quot;:[null,2,0]},{&quot;1&quot;:0,&quot;2&quot;:0,&quot;3&quot;:3},{&quot;1&quot;:1,&quot;2&quot;:0,&quot;4&quot;:1}]},&quot;8&quot;:{&quot;1&quot;:[{&quot;1&quot;:2,&quot;2&quot;:0,&quot;5&quot;:[null,2,0]},{&quot;1&quot;:0,&quot;2&quot;:0,&quot;3&quot;:3},{&quot;1&quot;:1,&quot;2&quot;:0,&quot;4&quot;:1}]},&quot;10&quot;:0,&quot;11&quot;:4,&quot;12&quot;:0,&quot;14&quot;:[null,2,0],&quot;15&quot;:&quot;Calibri, sans-serif&quot;,&quot;16&quot;:12}\">Th\u1ea5m h\u00fat m\u1ed3 h\u00f4i\u00a0c\u1ef1c t\u1ed1t<\/span><\/li>\n<li>M\u1ec1m m\u1ecbn, nh\u1eb9 v\u00e0 tho\u00e1ng m\u00e1t. Gi\u1ea3m thi\u1ec3u m\u00f9i h\u00f4i ch\u00e2n t\u1ed1i \u0111a<\/li>\n<li>C\u1ea3m gi\u00e1c khi \u0111i r\u1ea5t tho\u1ea3i m\u00e1i. Trong m\u1ecdi m\u00f9a \u0111\u1ec1u c\u00f3 th\u1ec3 \u0111i t\u1ea5t l\u1ee5a. M\u00f9a \u0111\u00f4ng \u1ea5m, m\u00f9a h\u00e8 m\u00e1t.<\/li>\n<li>Kh\u00f4ng h\u00f4i, kh\u00f4ng nh\u00e3o<\/li>\n<li>Gi\u1eef nhi\u1ec7t t\u1ed1t v\u00e0 kh\u00f4ng t\u00edch \u0111i\u1ec7n.<\/li>\n<li>Ph\u00f9 h\u1ee3p v\u1edbi c\u1ea3 nam v\u00e0 n\u1eef. Nhi\u1ec1u m\u00e0u s\u1eafc \u0111\u1ec3 l\u1ef1a ch\u1ecdn k\u1ebft h\u1ee3p v\u1edbi ph\u1ee5c trang.<\/li>\n<\/ul>\n<\/div>\n<div>Link s\u1ea3n ph\u1ea9m l\u1ebb: https:\/\/hanhsilk.com\/san-pham\/tat-lua-to-tam\/<img fetchpriority=\"high\" decoding=\"async\" class=\"size-medium wp-image-2347 aligncenter\" src=\"http:\/\/b2c.fairs.vn\/wp-content\/uploads\/2024\/03\/4-1-300x300.png\" alt=\"\" width=\"300\" height=\"300\" srcset=\"https:\/\/b2c.fairs.vn\/wp-content\/uploads\/2024\/03\/4-1-300x300.png 300w, https:\/\/b2c.fairs.vn\/wp-content\/uploads\/2024\/03\/4-1-150x150.png 150w, https:\/\/b2c.fairs.vn\/wp-content\/uploads\/2024\/03\/4-1-1024x1024.png 1024w, https:\/\/b2c.fairs.vn\/wp-content\/uploads\/2024\/03\/4-1-768x768.png 768w, https:\/\/b2c.fairs.vn\/wp-content\/uploads\/2024\/03\/4-1-80x80.png 80w, https:\/\/b2c.fairs.vn\/wp-content\/uploads\/2024\/03\/4-1.png 1080w\" sizes=\"(max-width: 300px) 100vw, 300px\" \/> <img decoding=\"async\" class=\"size-medium wp-image-2349 aligncenter\" src=\"http:\/\/b2c.fairs.vn\/wp-content\/uploads\/2024\/03\/z4926479969325_1b90d7ae4ad3201c4b17e7a3df5bb5fc-scaled-1-225x300.jpg\" alt=\"\" width=\"225\" height=\"300\" srcset=\"https:\/\/b2c.fairs.vn\/wp-content\/uploads\/2024\/03\/z4926479969325_1b90d7ae4ad3201c4b17e7a3df5bb5fc-scaled-1-225x300.jpg 225w, https:\/\/b2c.fairs.vn\/wp-content\/uploads\/2024\/03\/z4926479969325_1b90d7ae4ad3201c4b17e7a3df5bb5fc-scaled-1-150x200.jpg 150w, https:\/\/b2c.fairs.vn\/wp-content\/uploads\/2024\/03\/z4926479969325_1b90d7ae4ad3201c4b17e7a3df5bb5fc-scaled-1-1200x1600.jpg 1200w, https:\/\/b2c.fairs.vn\/wp-content\/uploads\/2024\/03\/z4926479969325_1b90d7ae4ad3201c4b17e7a3df5bb5fc-scaled-1-768x1024.jpg 768w, https:\/\/b2c.fairs.vn\/wp-content\/uploads\/2024\/03\/z4926479969325_1b90d7ae4ad3201c4b17e7a3df5bb5fc-scaled-1-1152x1536.jpg 1152w, https:\/\/b2c.fairs.vn\/wp-content\/uploads\/2024\/03\/z4926479969325_1b90d7ae4ad3201c4b17e7a3df5bb5fc-scaled-1-1536x2048.jpg 1536w, https:\/\/b2c.fairs.vn\/wp-content\/uploads\/2024\/03\/z4926479969325_1b90d7ae4ad3201c4b17e7a3df5bb5fc-scaled-1-1320x1760.jpg 1320w, https:\/\/b2c.fairs.vn\/wp-content\/uploads\/2024\/03\/z4926479969325_1b90d7ae4ad3201c4b17e7a3df5bb5fc-scaled-1.jpg 1920w\" sizes=\"(max-width: 225px) 100vw, 225px\" \/> <img decoding=\"async\" class=\"size-medium wp-image-2351 aligncenter\" src=\"http:\/\/b2c.fairs.vn\/wp-content\/uploads\/2024\/03\/z4926479980041_7c9fb46c5659bde03f5619d7b40fee74-scaled-1-225x300.jpg\" alt=\"\" width=\"225\" height=\"300\" srcset=\"https:\/\/b2c.fairs.vn\/wp-content\/uploads\/2024\/03\/z4926479980041_7c9fb46c5659bde03f5619d7b40fee74-scaled-1-225x300.jpg 225w, https:\/\/b2c.fairs.vn\/wp-content\/uploads\/2024\/03\/z4926479980041_7c9fb46c5659bde03f5619d7b40fee74-scaled-1-150x200.jpg 150w, https:\/\/b2c.fairs.vn\/wp-content\/uploads\/2024\/03\/z4926479980041_7c9fb46c5659bde03f5619d7b40fee74-scaled-1-1200x1600.jpg 1200w, https:\/\/b2c.fairs.vn\/wp-content\/uploads\/2024\/03\/z4926479980041_7c9fb46c5659bde03f5619d7b40fee74-scaled-1-768x1024.jpg 768w, https:\/\/b2c.fairs.vn\/wp-content\/uploads\/2024\/03\/z4926479980041_7c9fb46c5659bde03f5619d7b40fee74-scaled-1-1152x1536.jpg 1152w, https:\/\/b2c.fairs.vn\/wp-content\/uploads\/2024\/03\/z4926479980041_7c9fb46c5659bde03f5619d7b40fee74-scaled-1-1536x2048.jpg 1536w, https:\/\/b2c.fairs.vn\/wp-content\/uploads\/2024\/03\/z4926479980041_7c9fb46c5659bde03f5619d7b40fee74-scaled-1-1320x1760.jpg 1320w, https:\/\/b2c.fairs.vn\/wp-content\/uploads\/2024\/03\/z4926479980041_7c9fb46c5659bde03f5619d7b40fee74-scaled-1.jpg 1920w\" sizes=\"(max-width: 225px) 100vw, 225px\" \/><\/div>","protected":false},"excerpt":{"rendered":"<p>SET BAO G\u1ed2M: KH\u0102N L\u1ee4A \u0110\u0168I V\u00c0 T\u1ea4T T\u01a0 T\u1eb0M Kh\u0103n \u0111\u0169i Nam\/N\u1eef Ch\u1ea5t li\u1ec7u:\u00a0100% \u0111\u0169i t\u01a1 t\u1eb1m cao c\u1ea5p<\/p>","protected":false},"featured_media":2347,"comment_status":"open","ping_status":"closed","template":"","meta":{"_acf_changed":false},"product_cat":[336,338],"product_tag":[],"class_list":{"0":"post-2341","1":"product","2":"type-product","3":"status-publish","4":"has-post-thumbnail","6":"product_cat-san-pham-thu-cong-my-nghe","7":"product_cat-vai-may-mac","9":"first","10":"instock","11":"shipping-taxable","12":"purchasable","13":"product-type-simple"},"acf":[],"_links":{"self":[{"href":"https:\/\/b2c.fairs.vn\/en\/wp-json\/wp\/v2\/product\/2341","targetHints":{"allow":["GET"]}}],"collection":[{"href":"https:\/\/b2c.fairs.vn\/en\/wp-json\/wp\/v2\/product"}],"about":[{"href":"https:\/\/b2c.fairs.vn\/en\/wp-json\/wp\/v2\/types\/product"}],"replies":[{"embeddable":true,"href":"https:\/\/b2c.fairs.vn\/en\/wp-json\/wp\/v2\/comments?post=2341"}],"version-history":[{"count":0,"href":"https:\/\/b2c.fairs.vn\/en\/wp-json\/wp\/v2\/product\/2341\/revisions"}],"wp:featuredmedia":[{"embeddable":true,"href":"https:\/\/b2c.fairs.vn\/en\/wp-json\/wp\/v2\/media\/2347"}],"wp:attachment":[{"href":"https:\/\/b2c.fairs.vn\/en\/wp-json\/wp\/v2\/media?parent=2341"}],"wp:term":[{"taxonomy":"product_cat","embeddable":true,"href":"https:\/\/b2c.fairs.vn\/en\/wp-json\/wp\/v2\/product_cat?post=2341"},{"taxonomy":"product_tag","embeddable":true,"href":"https:\/\/b2c.fairs.vn\/en\/wp-json\/wp\/v2\/product_tag?post=2341"}],"curies":[{"name":"wp","href":"https:\/\/api.w.org\/{rel}","templated":true}]}}