{"id":2339,"date":"2024-03-19T02:54:59","date_gmt":"2024-03-19T02:54:59","guid":{"rendered":"https:\/\/b2c.fairs.vn\/?post_type=product&#038;p=2339"},"modified":"2024-03-19T02:55:00","modified_gmt":"2024-03-19T02:55:00","slug":"lich-de-ban","status":"publish","type":"product","link":"https:\/\/b2c.fairs.vn\/en\/product\/lich-de-ban\/","title":{"rendered":"L\u1ecbch \u0111\u1ec3 b\u00e0n"},"content":{"rendered":"<p>S\u1eed d\u1ee5ng ch\u1ea5t li\u1ec7u gi\u1ea5y couche matt, \u0111\u1ecbnh l\u01b0\u1ee3ng 250 gsm. Ph\u1ea7n l\u1ecbch \u0111\u01b0\u1ee3c g\u1eafn tr\u1ef1c ti\u1ebfp v\u1edbi khung l\u1ecbch b\u1eb1ng l\u00f2 xo, v\u1eeba ch\u1eafc ch\u1eafn l\u1ea1i d\u1ec5 d\u00e0ng l\u1eadt trang l\u1ecbch ra ph\u00eda sau.<\/p>\n<p>L\u1ecbch \u0111\u1ec3 b\u00e0n ch\u1eef A \u0111\u01b0\u1ee3c thi\u1ebft k\u1ebf theo khung h\u00ecnh tam gi\u00e1c c\u00e2n \u0111\u1ec3 c\u00f3 th\u1ec3 \u0111\u1eb7t tr\u00ean b\u00e0n. L\u1ecbch \u0111\u1ec3 b\u00e0n ch\u1eef A \u0111\u01b0\u1ee3c thi\u1ebft k\u1ebf g\u1ed3m ba ph\u1ea7n : Ph\u1ea7n khung, ph\u1ea7n l\u1ecbch, ph\u1ea7n ch\u00e2n l\u1ecbch (In l\u1ecbch \u0111\u1ec3 b\u00e0n theo y\u00eau c\u1ea7u ph\u1ea7n l\u1ecbch th\u01b0\u1eddng \u0111\u01b0\u1ee3c thi\u1ebft k\u1ebf h\u1ebft ph\u1ea7n ch\u00e2n l\u1ecbch, t\u00f9y v\u00e0o \u00fd t\u01b0\u1edfng kh\u00e1ch h\u00e0ng).<\/p>","protected":false},"excerpt":{"rendered":"<p>S\u1eed d\u1ee5ng ch\u1ea5t li\u1ec7u gi\u1ea5y couche matt, \u0111\u1ecbnh l\u01b0\u1ee3ng 250 gsm. Ph\u1ea7n l\u1ecbch \u0111\u01b0\u1ee3c g\u1eafn tr\u1ef1c ti\u1ebfp v\u1edbi khung l\u1ecbch<\/p>","protected":false},"featured_media":2340,"comment_status":"open","ping_status":"closed","template":"","meta":{"_acf_changed":false},"product_cat":[22],"product_tag":[],"class_list":{"0":"post-2339","1":"product","2":"type-product","3":"status-publish","4":"has-post-thumbnail","6":"product_cat-sanphamthucpham","8":"first","9":"instock","10":"shipping-taxable","11":"product-type-simple"},"acf":[],"_links":{"self":[{"href":"https:\/\/b2c.fairs.vn\/en\/wp-json\/wp\/v2\/product\/2339","targetHints":{"allow":["GET"]}}],"collection":[{"href":"https:\/\/b2c.fairs.vn\/en\/wp-json\/wp\/v2\/product"}],"about":[{"href":"https:\/\/b2c.fairs.vn\/en\/wp-json\/wp\/v2\/types\/product"}],"replies":[{"embeddable":true,"href":"https:\/\/b2c.fairs.vn\/en\/wp-json\/wp\/v2\/comments?post=2339"}],"version-history":[{"count":0,"href":"https:\/\/b2c.fairs.vn\/en\/wp-json\/wp\/v2\/product\/2339\/revisions"}],"wp:featuredmedia":[{"embeddable":true,"href":"https:\/\/b2c.fairs.vn\/en\/wp-json\/wp\/v2\/media\/2340"}],"wp:attachment":[{"href":"https:\/\/b2c.fairs.vn\/en\/wp-json\/wp\/v2\/media?parent=2339"}],"wp:term":[{"taxonomy":"product_cat","embeddable":true,"href":"https:\/\/b2c.fairs.vn\/en\/wp-json\/wp\/v2\/product_cat?post=2339"},{"taxonomy":"product_tag","embeddable":true,"href":"https:\/\/b2c.fairs.vn\/en\/wp-json\/wp\/v2\/product_tag?post=2339"}],"curies":[{"name":"wp","href":"https:\/\/api.w.org\/{rel}","templated":true}]}}