{"id":2333,"date":"2024-03-19T02:53:10","date_gmt":"2024-03-19T02:53:10","guid":{"rendered":"https:\/\/b2c.fairs.vn\/?post_type=product&#038;p=2333"},"modified":"2024-04-03T14:25:08","modified_gmt":"2024-04-03T07:25:08","slug":"lich-block","status":"publish","type":"product","link":"https:\/\/b2c.fairs.vn\/en\/product\/lich-block\/","title":{"rendered":"L\u1ecbch Block"},"content":{"rendered":"<p>L\u1ecbch Block chia l\u00e0m 2 ph\u1ea7n:<br \/>\nT\u1edd l\u1ecbch: \u0111\u01b0\u1ee3c l\u00e0m t\u1eeb gi\u1ea5y b\u00f3ng, m\u1ecbn, m\u1ecfng, d\u1ec5 x\u00e9, \u0111\u1ecbnh l\u01b0\u1ee3ng th\u00f4ng d\u1ee5ng C60-C100gs<br \/>\nKh\u00e1nh l\u1ecbch: th\u01b0\u1eddng l\u00e0m b\u1eb1ng b\u00eca carton l\u1ea1nh; c\u00f3 \u0111\u1ed9 d\u00e0y 2-3mm b\u1ed3i metalize in theo c\u00e1c c\u00f4ng ngh\u1ec7 UV, \u00e9p v\u00e2n v\u00e0 th\u00fac n\u1ed5i 3D. Ph\u1ea7n l\u1ed1c l\u1ecbch th\u01b0\u1eddng in tr\u00ean gi\u1ea5y couches matt 64gsm. Gi\u1eefa kh\u00e1nh l\u1ecbch v\u00e0 l\u1ed1c l\u1ecbch \u0111\u01b0\u1ee3c n\u1ed1i b\u1eb1ng n\u1eb9p nam ch\u00e2m ho\u1eb7c \u1ed1c v\u00edt.<\/p>\n<p>L\u1ecbch Bloc (hay c\u00f2n g\u1ecdi l\u00e0 l\u1ecbch b\u1edd l\u1ed1c) l\u00e0 lo\u1ea1i l\u1ecbch treo t\u01b0\u1eddng ng\u00e0y t\u1ebft \u0111\u01b0\u1ee3c in tr\u00ean gi\u1ea5y \u0111\u1eb9p, g\u1ed3m c\u00f3 kh\u00e1nh l\u1ecbch v\u00e0 b\u1ed9 l\u1ecbch 365 t\u1edd cho m\u1ed9t n\u0103m. L\u1ecbch Bloc lu\u00f4n l\u00e0 l\u1ef1a ch\u1ecdn c\u1ee7a nhi\u1ec1u gia \u0111\u00ecnh, doanh nghi\u1ec7p c\u0169ng nh\u01b0 l\u00e0m qu\u00e0 t\u1eb7ng \u00fd ngh\u0129a trong n\u0103m m\u1edbi.<\/p>","protected":false},"excerpt":{"rendered":"<p>L\u1ecbch Block chia l\u00e0m 2 ph\u1ea7n: T\u1edd l\u1ecbch: \u0111\u01b0\u1ee3c l\u00e0m t\u1eeb gi\u1ea5y b\u00f3ng, m\u1ecbn, m\u1ecfng, d\u1ec5 x\u00e9, \u0111\u1ecbnh l\u01b0\u1ee3ng th\u00f4ng<\/p>","protected":false},"featured_media":2335,"comment_status":"open","ping_status":"closed","template":"","meta":{"_acf_changed":false},"product_cat":[520,368],"product_tag":[],"class_list":{"0":"post-2333","1":"product","2":"type-product","3":"status-publish","4":"has-post-thumbnail","6":"product_cat-nha-cua-doi-song","7":"product_cat-van-phong-pham","9":"first","10":"instock","11":"shipping-taxable","12":"product-type-simple"},"acf":[],"_links":{"self":[{"href":"https:\/\/b2c.fairs.vn\/en\/wp-json\/wp\/v2\/product\/2333","targetHints":{"allow":["GET"]}}],"collection":[{"href":"https:\/\/b2c.fairs.vn\/en\/wp-json\/wp\/v2\/product"}],"about":[{"href":"https:\/\/b2c.fairs.vn\/en\/wp-json\/wp\/v2\/types\/product"}],"replies":[{"embeddable":true,"href":"https:\/\/b2c.fairs.vn\/en\/wp-json\/wp\/v2\/comments?post=2333"}],"version-history":[{"count":0,"href":"https:\/\/b2c.fairs.vn\/en\/wp-json\/wp\/v2\/product\/2333\/revisions"}],"wp:featuredmedia":[{"embeddable":true,"href":"https:\/\/b2c.fairs.vn\/en\/wp-json\/wp\/v2\/media\/2335"}],"wp:attachment":[{"href":"https:\/\/b2c.fairs.vn\/en\/wp-json\/wp\/v2\/media?parent=2333"}],"wp:term":[{"taxonomy":"product_cat","embeddable":true,"href":"https:\/\/b2c.fairs.vn\/en\/wp-json\/wp\/v2\/product_cat?post=2333"},{"taxonomy":"product_tag","embeddable":true,"href":"https:\/\/b2c.fairs.vn\/en\/wp-json\/wp\/v2\/product_tag?post=2333"}],"curies":[{"name":"wp","href":"https:\/\/api.w.org\/{rel}","templated":true}]}}