{"id":2332,"date":"2024-03-19T02:53:23","date_gmt":"2024-03-19T02:53:23","guid":{"rendered":"https:\/\/b2c.fairs.vn\/?post_type=product&#038;p=2332"},"modified":"2024-03-19T02:53:23","modified_gmt":"2024-03-19T02:53:23","slug":"mam-tep-nguyen-chat-300ml","status":"publish","type":"product","link":"https:\/\/b2c.fairs.vn\/en\/product\/mam-tep-nguyen-chat-300ml\/","title":{"rendered":"M\u1eafm t\u00e9p nguy\u00ean ch\u1ea5t 300ml"},"content":{"rendered":"<p>Th\u1ecbt ch\u01b0ng m\u1eafm t\u00e9p l\u00e0 m\u00f3n \u0103n quen thu\u1ed9c \u0111\u01b0\u1ee3c nhi\u1ec1u ng\u01b0\u1eddi \u01b0a th\u00edch v\u00ec d\u1ec5 l\u00e0m, \u0103n ngon v\u00e0 \u0111\u01b0a c\u01a1m. Ng\u00e0y m\u01b0a gi\u00f3 kh\u00f4ng c\u00f3 g\u00ec \u0111\u00e1ng qu\u00fd h\u01a1n kho\u1ea3ng kh\u1eafc \u0111\u01b0\u1ee3c ng\u1ed3i c\u00f9ng v\u1edbi gia \u0111\u00ecnh, n\u00e2ng ch\u00e9n c\u01a1m n\u00f3ng h\u1ed5i v\u00e0 \u0103n v\u1edbi m\u00f3n \u0103n ngon, \u201c\u0111\u01b0a c\u01a1m\u201d. N\u1ebfu ch\u01b0a bi\u1ebft n\u1ea5u g\u00ec cho b\u1eefa c\u01a1m gia \u0111\u00ecnh khi th\u1eddi ti\u1ebft m\u01b0a l\u1ea1nh, ng\u1ea1i ra \u0111\u01b0\u1eddng, b\u1ea1n c\u00f3 th\u1ec3 l\u00e0m m\u00f3n th\u1ecbt ch\u01b0ng m\u1eafm t\u00e9p cho c\u1ea3 nh\u00e0.<\/p>\n<p>H\u01b0\u01a1ng th\u01a1m n\u1ed3ng c\u1ee7a h\u00e0nh t\u1ecfi kh\u00f4 v\u00e0 v\u1ecb b\u00f9i ng\u1eady c\u1ee7a th\u1ecbt n\u1ea1c c\u00f9ng m\u1eafm t\u00e9p khi\u1ebfn ai c\u0169ng mu\u1ed1n th\u01b0\u1edfng th\u1ee9c.\u00a0<strong>M\u1eafm t\u00e9p ch\u01b0ng th\u1ecbt Thanh Nguy\u1ec5n<\/strong>\u00a0t\u1eeb l\u00e2u \u0111\u01b0\u1ee3c r\u1ea5t nhi\u1ec1u ng\u01b0\u1eddi y\u00eau th\u00edch b\u1edfi h\u01b0\u01a1ng v\u1ecb th\u01a1m ngon \u0111\u1eb7c tr\u01b0ng, \u0111\u01b0a c\u01a1m. H\u01b0\u01a1ng th\u01a1m n\u1ed3ng c\u1ee7a h\u00e0nh t\u1ecfi kh\u00f4 v\u00e0 v\u1ecb b\u00f9i ng\u1eady c\u1ee7a th\u1ecbt n\u1ea1c c\u00f9ng m\u1eafm t\u00e9p khi\u1ebfn ai c\u0169ng mu\u1ed1n th\u01b0\u1edfng th\u1ee9c. M\u1ed7i b\u1eefa ch\u1ec9 c\u1ea7n b\u00e1t c\u01a1m n\u00f3ng h\u1ed5i \u0103n k\u00e8m ch\u00fat th\u1ecbt ch\u01b0ng m\u1eafm t\u00e9p c\u0169ng c\u1ea3m th\u1ea5y ngon mi\u1ec7ng.<\/p>\n<p>\u0110\u1ec3 l\u00e0m \u0111\u01b0\u1ee3c m\u1ebb m\u1eafm t\u00e9p ngon ph\u1ea3i ch\u1ecdn lo\u1ea1i th\u1ecbt l\u1ee3n th\u0103n ho\u1eb7c n\u1ea1c vai, th\u1ecbt c\u00f2n t\u01b0\u01a1i m\u1edbi v\u00e0 l\u1ee3n kh\u00f4ng qu\u00e1 b\u00e9o hay b\u1ecb t\u0103ng tr\u1ecdng. M\u1eafm t\u00e9p ph\u1ea3i ch\u1ecdn lo\u1ea1i ngon tuy\u1ec7t h\u1ea3o v\u1edbi h\u01b0\u01a1ng v\u1ecb \u0111\u1eb7c tr\u01b0ng n\u1ed5i ti\u1ebfng.<\/p>\n<p>Ngo\u00e0i ra, d\u1ea7u \u0103n v\u00e0 gia v\u1ee5 \u0111\u1ec1u ph\u1ea3i l\u00e0 h\u00e0ng cao c\u1ea5p, \u0111\u1ea3m b\u1ea3o th\u00ec m\u00f3n \u0103n m\u1edbi ngon v\u00e0 ch\u1ea5t l\u01b0\u1ee3ng. \u0110\u1ec3 c\u00f3 \u0111\u01b0\u1ee3c h\u01b0\u01a1ng v\u1ecb M\u1eafm t\u00e9p \u0111\u1eb7c tr\u01b0ng, khi ch\u1ebf bi\u1ebfn c\u1ea7n ph\u1ea3i c\u00f3 b\u00ed quy\u1ebft ri\u00eang; Th\u1ecbt l\u1ee3n \u0111\u01b0\u1ee3c \u0111em r\u1eeda s\u1ea1ch, th\u00e1i nh\u1ecf, r\u1ed3i xay nhuy\u1ec5n, n\u00eam n\u1ebfm gia v\u1ecb sau \u0111\u00f3 \u0111em ch\u01b0ng v\u1edbi m\u1eafm t\u00e9p. M\u1ebb m\u1eafm \u0111\u1ea1t \u0111\u1ed9 ngon nh\u1ea5t khi ch\u01b0ng th\u1eadt k\u1ef9 v\u00e0 ch\u00fa \u00fd \u0111i\u1ec1u ch\u1ec9nh l\u1eeda t\u1eeb to t\u1edbi nh\u1ecf, \u0111\u1ea3o \u0111\u1ec1u tay cho t\u1edbi khi th\u1ecbt s\u0103n l\u1ea1i, trong v\u00f2ng 2 ti\u1ebfng \u0111\u1ed3ng h\u1ed3.<\/p>\n<p>Tuy nhi\u00ean, l\u00e0m th\u1ebf n\u00e0o \u0111\u1ec3 m\u1eafm t\u00e9p \u0111\u1ea1t \u0111\u01b0\u1ee3c m\u00e0u v\u00e0ng t\u1ef1 nhi\u00ean h\u1ea5p d\u1eabn m\u00e0 kh\u00f4ng d\u00f9ng ph\u1ea9m m\u00e0u v\u00e0 ch\u1ea5t b\u1ea3o qu\u1ea3n l\u00e0 \u0111i\u1ec1u kh\u00f4ng d\u1ec5 d\u00e0ng. Nh\u01b0ng v\u1edbi c\u00e1ch ch\u1ebf bi\u1ebfn truy\u1ec1n th\u1ed1ng, c\u1ea9n tr\u1ecdng t\u1eebng chi ti\u1ebft v\u00e0 kh\u00f4ng s\u1eed d\u1ee5ng ph\u1ea9m m\u00e0u v\u00e0 h\u00f3a ch\u1ea5t b\u1ea3o qu\u1ea3n. M\u1ed9t y\u1ebfu t\u1ed1 v\u00f4 c\u00f9ng quan tr\u1ecdng quy\u1ebft \u0111\u1ecbnh ch\u1ea5t l\u01b0\u1ee3ng v\u00e0 s\u1ef1 \u0111\u1eb7c bi\u1ec7t c\u1ee7a s\u1ea3n ph\u1ea9m m\u00e0 kh\u00f4ng d\u1ec5 n\u01a1i n\u00e0o l\u00e0m \u0111\u01b0\u1ee3c, n\u00ean s\u1ea3n ph\u1ea9m M\u1eafm t\u00e9p ch\u01b0ng th\u1ecbt hi\u1ec7u Thanh Nguy\u1ec5n \u0111\u00e3 nh\u1eadn \u0111\u01b0\u1ee3c s\u1ef1 tin d\u00f9ng c\u1ee7a kh\u00e1ch h\u00e0ng. S\u1ea3n ph\u1ea9m M\u1eafm t\u00e9p sau khi ch\u1ebf bi\u1ebfn xong s\u1ebd \u0111\u01b0\u1ee3c \u0111\u00f3ng g\u00f3i, h\u00fat ch\u00e2n kh\u00f4ng \u0111\u1ea3m b\u1ea3o v\u1ec7 sinh v\u00e0 ch\u1ea5t l\u01b0\u1ee3ng.<\/p>\n<p><img fetchpriority=\"high\" decoding=\"async\" class=\"size-medium wp-image-2336 aligncenter\" src=\"http:\/\/b2c.fairs.vn\/wp-content\/uploads\/2024\/03\/1699523972447_454636246_z4301527418049_9992a5b03e32fead3ed9a76f58abc604-266x300.jpg\" alt=\"\" width=\"266\" height=\"300\" srcset=\"https:\/\/b2c.fairs.vn\/wp-content\/uploads\/2024\/03\/1699523972447_454636246_z4301527418049_9992a5b03e32fead3ed9a76f58abc604-266x300.jpg 266w, https:\/\/b2c.fairs.vn\/wp-content\/uploads\/2024\/03\/1699523972447_454636246_z4301527418049_9992a5b03e32fead3ed9a76f58abc604-150x169.jpg 150w, https:\/\/b2c.fairs.vn\/wp-content\/uploads\/2024\/03\/1699523972447_454636246_z4301527418049_9992a5b03e32fead3ed9a76f58abc604.jpg 705w\" sizes=\"(max-width: 266px) 100vw, 266px\" \/><\/p>","protected":false},"excerpt":{"rendered":"<p>Th\u1ecbt ch\u01b0ng m\u1eafm t\u00e9p l\u00e0 m\u00f3n \u0103n quen thu\u1ed9c \u0111\u01b0\u1ee3c nhi\u1ec1u ng\u01b0\u1eddi \u01b0a th\u00edch v\u00ec d\u1ec5 l\u00e0m, \u0103n ngon v\u00e0<\/p>","protected":false},"featured_media":2336,"comment_status":"open","ping_status":"closed","template":"","meta":{"_acf_changed":false},"product_cat":[318,22,319],"product_tag":[],"class_list":{"0":"post-2332","1":"product","2":"type-product","3":"status-publish","4":"has-post-thumbnail","6":"product_cat-gia-vi","7":"product_cat-sanphamthucpham","8":"product_cat-tuong-nuoc-mam-gia-vi-dang-long-khac","10":"first","11":"instock","12":"shipping-taxable","13":"product-type-simple"},"acf":[],"_links":{"self":[{"href":"https:\/\/b2c.fairs.vn\/en\/wp-json\/wp\/v2\/product\/2332","targetHints":{"allow":["GET"]}}],"collection":[{"href":"https:\/\/b2c.fairs.vn\/en\/wp-json\/wp\/v2\/product"}],"about":[{"href":"https:\/\/b2c.fairs.vn\/en\/wp-json\/wp\/v2\/types\/product"}],"replies":[{"embeddable":true,"href":"https:\/\/b2c.fairs.vn\/en\/wp-json\/wp\/v2\/comments?post=2332"}],"version-history":[{"count":0,"href":"https:\/\/b2c.fairs.vn\/en\/wp-json\/wp\/v2\/product\/2332\/revisions"}],"wp:featuredmedia":[{"embeddable":true,"href":"https:\/\/b2c.fairs.vn\/en\/wp-json\/wp\/v2\/media\/2336"}],"wp:attachment":[{"href":"https:\/\/b2c.fairs.vn\/en\/wp-json\/wp\/v2\/media?parent=2332"}],"wp:term":[{"taxonomy":"product_cat","embeddable":true,"href":"https:\/\/b2c.fairs.vn\/en\/wp-json\/wp\/v2\/product_cat?post=2332"},{"taxonomy":"product_tag","embeddable":true,"href":"https:\/\/b2c.fairs.vn\/en\/wp-json\/wp\/v2\/product_tag?post=2332"}],"curies":[{"name":"wp","href":"https:\/\/api.w.org\/{rel}","templated":true}]}}