{"id":2328,"date":"2024-03-19T02:51:04","date_gmt":"2024-03-19T02:51:04","guid":{"rendered":"https:\/\/b2c.fairs.vn\/?post_type=product&#038;p=2328"},"modified":"2024-03-27T10:10:18","modified_gmt":"2024-03-27T03:10:18","slug":"dinh-ngu-sac","status":"publish","type":"product","link":"https:\/\/b2c.fairs.vn\/en\/product\/dinh-ngu-sac\/","title":{"rendered":"\u0110\u1ec9nh ng\u0169 s\u1eafc"},"content":{"rendered":"<div>\n<div>\n<p>\u0110\u1ec9nh\u00a0 Ng\u0169 S\u1eafc s\u1ea3n ph\u1ea9m kh\u1ea3m ng\u0169 s\u1eafc \u0111\u1ec1u tr\u1ea3i qua c\u00e1c c\u00f4ng \u0111o\u1ea1n gia c\u00f4ng t\u1ec9 m\u1ec9, chi ti\u1ebft , t\u00e2m huy\u1ebft d\u01b0\u1edbi \u0111\u00f4i b\u00e0n tay c\u1ee7a c\u00e1c ngh\u1ec7 nh\u00e2n \u0111\u00fac, ch\u1ea1m kh\u1ea3m. S\u1ea3n ph\u1ea9m khi ho\u00e0n thi\u1ec7n c\u00f3 5 m\u00e0u \u0111\u1ebfn t\u1eeb nh\u1eefng kim lo\u1ea1i qu\u00fd hi\u1ebfm nh\u01b0 V\u00e0ng 9999, B\u1ea1c 9999 \u0111\u1ed3ng \u0111\u1ecf thanh khi\u1ebft, \u0111\u1ed3ng xanh, \u0111\u1ed3ng \u0111en cho ra nh\u1eefng b\u1ee9c kh\u1ea3m v\u1edbi nhi\u1ec1u m\u00e0u s\u1eafc phong ph\u00fa v\u00f4 c\u00f9ng \u0111\u1eb9p m\u1eaft . \u0110\u1ed3 \u0111\u1ed3ng kh\u1ea3m ng\u0169 s\u1eafc, \u0111\u1ed3 th\u1edd, \u0111\u1ec9nh \u0111\u1ed3ng ng\u0169 s\u1eafc mang l\u1ea1i cho gia ch\u1ee7 s\u1ef1 sang tr\u1ecdng ,\u0111\u1eb3ng c\u1ea5p.<\/p>\n<\/div>\n<\/div>\n<div>\n<div>\n<h3 class=\"text-xl my-5 font-bold\">Th\u00f4ng s\u1ed1 k\u1ef9 thu\u1eadt<\/h3>\n<div>\n<div class=\"my-2 py-2\">Ch\u1ea5t li\u1ec7u<span class=\"mlr-1\">:<\/span><span class=\"ml-1\">\u0110\u1ed3ng \u0111\u1ecf kh\u1ea3m ng\u0169 s\u1eafc , \u0111\u00fac th\u1ee7 c\u00f4ng<\/span><\/div>\n<div class=\"my-2 py-2\">K\u00edch th\u01b0\u1edbc s\u1ea3n ph\u1ea9m<span class=\"mlr-1\">:<\/span><span class=\"ml-1\">Cao 45cm , 50cm ,60cm, 70cm\u2026<\/span><\/div>\n<\/div>\n<\/div>\n<\/div>","protected":false},"excerpt":{"rendered":"<div>\n<div>\n<p>\u0110\u1ec9nh\u00a0 Ng\u0169 S\u1eafc s\u1ea3n ph\u1ea9m kh\u1ea3m ng\u0169 s\u1eafc \u0111\u1ec1u tr\u1ea3i qua c\u00e1c c\u00f4ng \u0111o\u1ea1n gia c\u00f4ng t\u1ec9 m\u1ec9, chi ti\u1ebft , t\u00e2m huy\u1ebft d\u01b0\u1edbi \u0111\u00f4i b\u00e0n tay c\u1ee7a c\u00e1c ngh\u1ec7 nh\u00e2n \u0111\u00fac, ch\u1ea1m kh\u1ea3m. S\u1ea3n ph\u1ea9m khi ho\u00e0n thi\u1ec7n c\u00f3 5 m\u00e0u \u0111\u1ebfn t\u1eeb nh\u1eefng kim lo\u1ea1i qu\u00fd hi\u1ebfm nh\u01b0 V\u00e0ng 9999, B\u1ea1c 9999 \u0111\u1ed3ng \u0111\u1ecf thanh khi\u1ebft, \u0111\u1ed3ng xanh, \u0111\u1ed3ng \u0111en cho ra nh\u1eefng b\u1ee9c kh\u1ea3m v\u1edbi nhi\u1ec1u m\u00e0u s\u1eafc phong ph\u00fa v\u00f4 c\u00f9ng \u0111\u1eb9p m\u1eaft . \u0110\u1ed3 \u0111\u1ed3ng kh\u1ea3m ng\u0169 s\u1eafc, \u0111\u1ed3 th\u1edd, \u0111\u1ec9nh \u0111\u1ed3ng ng\u0169 s\u1eafc mang l\u1ea1i cho gia ch\u1ee7 s\u1ef1 sang tr\u1ecdng ,\u0111\u1eb3ng c\u1ea5p.<\/p>\n<\/div>\n<\/div>\n<div>\n<div>\n<h3 class=\"text-xl my-5 font-bold\">Th\u00f4ng s\u1ed1 k\u1ef9 thu\u1eadt<\/h3>\n<div>\n<div class=\"my-2 py-2\">Ch\u1ea5t li\u1ec7u<span class=\"mlr-1\">:<\/span><span class=\"ml-1\">\u0110\u1ed3ng \u0111\u1ecf kh\u1ea3m ng\u0169 s\u1eafc , \u0111\u00fac th\u1ee7 c\u00f4ng<\/span><\/div>\n<div class=\"my-2 py-2\">K\u00edch th\u01b0\u1edbc s\u1ea3n ph\u1ea9m<span class=\"mlr-1\">:<\/span><span class=\"ml-1\">Cao 45cm , 50cm ,60cm, 70cm\u2026<\/span><\/div>\n<\/div>\n<\/div>\n<\/div>","protected":false},"featured_media":2329,"comment_status":"open","ping_status":"closed","template":"","meta":{"_acf_changed":false},"product_cat":[389,348],"product_tag":[],"class_list":{"0":"post-2328","1":"product","2":"type-product","3":"status-publish","4":"has-post-thumbnail","6":"product_cat-duc-dong","7":"product_cat-thiet-bi-co-khi","9":"first","10":"instock","11":"shipping-taxable","12":"product-type-simple"},"acf":[],"_links":{"self":[{"href":"https:\/\/b2c.fairs.vn\/en\/wp-json\/wp\/v2\/product\/2328","targetHints":{"allow":["GET"]}}],"collection":[{"href":"https:\/\/b2c.fairs.vn\/en\/wp-json\/wp\/v2\/product"}],"about":[{"href":"https:\/\/b2c.fairs.vn\/en\/wp-json\/wp\/v2\/types\/product"}],"replies":[{"embeddable":true,"href":"https:\/\/b2c.fairs.vn\/en\/wp-json\/wp\/v2\/comments?post=2328"}],"version-history":[{"count":0,"href":"https:\/\/b2c.fairs.vn\/en\/wp-json\/wp\/v2\/product\/2328\/revisions"}],"wp:featuredmedia":[{"embeddable":true,"href":"https:\/\/b2c.fairs.vn\/en\/wp-json\/wp\/v2\/media\/2329"}],"wp:attachment":[{"href":"https:\/\/b2c.fairs.vn\/en\/wp-json\/wp\/v2\/media?parent=2328"}],"wp:term":[{"taxonomy":"product_cat","embeddable":true,"href":"https:\/\/b2c.fairs.vn\/en\/wp-json\/wp\/v2\/product_cat?post=2328"},{"taxonomy":"product_tag","embeddable":true,"href":"https:\/\/b2c.fairs.vn\/en\/wp-json\/wp\/v2\/product_tag?post=2328"}],"curies":[{"name":"wp","href":"https:\/\/api.w.org\/{rel}","templated":true}]}}