{"id":2325,"date":"2024-03-19T02:51:01","date_gmt":"2024-03-19T02:51:01","guid":{"rendered":"https:\/\/b2c.fairs.vn\/?post_type=product&#038;p=2325"},"modified":"2024-03-26T16:54:27","modified_gmt":"2024-03-26T09:54:27","slug":"thit-chung-mam-tep-vi-cay-hu-300gr","status":"publish","type":"product","link":"https:\/\/b2c.fairs.vn\/en\/product\/thit-chung-mam-tep-vi-cay-hu-300gr\/","title":{"rendered":"Th\u1ecbt ch\u01b0ng m\u1eafm t\u00e9p v\u1ecb cay h\u0169 300gr"},"content":{"rendered":"<p>Xu\u1ea5t ph\u00e1t t\u1eeb t\u00ecnh y\u00eau th\u01b0\u01a1ng c\u1ee7a ng\u01b0\u1eddi v\u1ee3, ng\u01b0\u1eddi m\u1eb9 v\u1edbi gia \u0111\u00ecnh nh\u1ecf th\u00e2n y\u00eau c\u1ed9ng v\u1edbi ni\u1ec1m \u0111am m\u00ea ch\u1ebf bi\u1ebfn c\u00e1c m\u00f3n \u0103n, \u0111\u1eb7c bi\u1ec7t l\u00e0 nh\u1eefng m\u00f3n \u0103n truy\u1ec1n th\u1ed1ng, s\u1eed d\u1ee5ng nguy\u00ean li\u1ec7u s\u1eb5n c\u00f3 t\u1ea1i \u0111\u1ecba ph\u01b0\u01a1ng nh\u01b0 th\u1ecbt l\u1ee3n, m\u1eafm t\u00e9p Gia Vi\u1ec5n k\u1ebft h\u1ee3p v\u1edbi nhi\u1ec1u gia v\u1ecb kh\u00e1c tr\u00ean m\u1ed9t c\u00f4ng th\u1ee9c r\u1ea5t ri\u00eang \u0111\u00e3 t\u1ea1o s\u1ea3n ph\u1ea9m v\u1edbi h\u01b0\u01a1ng v\u1ecb th\u01a1m ngon \u0111\u1eb7c bi\u1ec7t.<\/p>\n<p>S\u1ea3n ph\u1ea9m th\u1ecbt ch\u01b0ng m\u1eafm t\u00e9p Thanh Nguy\u1ec5n \u0111\u01b0\u1ee3c s\u1ea3n xu\u1ea5t t\u1eeb n\u0103m 2019, t\u1ea1i c\u01a1 s\u1edf th\u1ecbt ch\u01b0ng m\u1eafm t\u00e9p Thanh Nguy\u1ec5n. \u0110\u1ebfn nay s\u1ea3n ph\u1ea9m \u0111\u00e3 \u0111\u01b0\u1ee3c nhi\u1ec1u ng\u01b0\u1eddi ti\u00eau d\u00f9ng tr\u00ean c\u1ea3 n\u01b0\u1edbc bi\u1ebft \u0111\u1ebfn v\u00e0 s\u1eed d\u1ee5ng. Nh\u1eb1m g\u00f3p ph\u1ea7n \u0111a d\u1ea1ng h\u00f3a s\u1ea3n ph\u1ea9m, t\u0103ng c\u01a1 h\u1ed9i l\u1ef1a ch\u1ecdn s\u1ea3n ph\u1ea9m cho ng\u01b0\u1eddi ti\u00eau d\u00f9ng \u1edf m\u1ecdi v\u00f9ng mi\u1ec1n nh\u1ea5t l\u00e0 mi\u1ec1n Trung, mi\u1ec1n Nam, c\u01a1 s\u1edf \u0111\u00e3 nghi\u00ean c\u1ee9u v\u00e0 \u0111\u01b0a ra th\u1ecb tr\u01b0\u1eddng d\u00f2ng s\u1ea3n ph\u1ea9m th\u1ecbt ch\u01b0ng m\u1eafm t\u00e9p v\u1ecb cay b\u00ean c\u1ea1nh th\u1ecbt ch\u01b0ng m\u1eafm t\u00e9p v\u1ecb truy\u1ec1n th\u1ed1ng.<\/p>\n<p>V\u1edbi ph\u01b0\u01a1ng ch\u00e2m l\u1ea5y s\u1ee9c kh\u1ecfe ng\u01b0\u1eddi ti\u00eau d\u00f9ng l\u00e0m kim ch\u1ec9 nam cho m\u1ecdi ho\u1ea1t \u0111\u1ed9ng s\u1ea3n xu\u1ea5t n\u00ean c\u01a1 s\u1edf lu\u00f4n l\u1ef1a ch\u1ecdn ngu\u1ed3n nguy\u00ean li\u1ec7u s\u1ea3n xu\u1ea5t c\u00f3 ch\u1ea5t l\u01b0\u1ee3ng t\u1ed1t, ngu\u1ed3n g\u1ed1c r\u00f5 r\u00e0ng. Tuy s\u1ea3n ph\u1ea9m \u0111\u01b0\u1ee3c s\u1ea3n xu\u1ea5t ch\u1ee7 y\u1ebfu theo ph\u01b0\u01a1ng ph\u00e1p th\u1ee7 c\u00f4ng, nh\u01b0ng c\u1ea9n tr\u1ecdng trong t\u1eebng chi ti\u1ebft, kh\u00f4ng s\u1eed d\u1ee5ng ph\u1ea9m m\u00e0u v\u00e0 h\u00f3a ch\u1ea5t b\u1ea3o qu\u1ea3n c\u0169ng nh\u01b0 c\u00f3 s\u1ef1 qu\u1ea3n l\u00fd ki\u1ec3m so\u00e1t ch\u1eb7t ch\u1ebd \u0111\u00e1p \u1ee9ng c\u00e1c y\u00eau c\u1ea7u v\u1ec1 \u0111i\u1ec1u ki\u1ec7n \u0111\u1ea3m b\u1ea3o ATTP, ch\u1ea5t l\u01b0\u1ee3ng s\u1ea3n ph\u1ea9m, qua \u0111\u00f3 gi\u1eef l\u1ea1i \u0111\u01b0\u1ee3c h\u01b0\u01a1ng v\u1ecb truy\u1ec1n th\u1ed1ng \u0111\u1eb7c tr\u01b0ng, h\u1ea5p d\u1eabn ng\u01b0\u1eddi d\u00f9ng.<\/p>\n<p>Th\u1ecbt ch\u01b0ng m\u1eafm t\u00e9p Thanh Nguy\u1ec5n la\u0300 mo\u0301n ngon kho\u0301 co\u0301 th\u00ea\u0309 c\u01b0\u01a1\u0303ng la\u0323i \u0111\u00f4\u0301i v\u01a1\u0301i b\u00e2\u0301t c\u01b0\u0301 ai t\u01b0\u0300ng th\u01b0\u01a1\u0309ng th\u01b0\u0301c no\u0301 m\u00f4\u0323t l\u00e2\u0300n, \u0111\u1eb7c bi\u1ec7t l\u00e0 th\u1ecbt ch\u01b0ng m\u1eafm t\u00e9p v\u1ecb cay, v\u1edbi v\u1ecb b\u00e9o c\u1ee7a th\u1ecbt b\u0103m quy\u1ec7n c\u00f9ng v\u1ecb m\u1eb7n, ng\u1ecdt c\u1ee7a m\u1eafm t\u00e9p, th\u00eam v\u1ecb cay khi\u1ebfn cho b\u1eefa c\u01a1m gia \u0111i\u0300nh d\u01b0\u01a1\u0300ng nh\u01b0 ngon h\u01a1n, \u1ea5m \u00e1p h\u01a1n. \u0110\u0103\u0323c bi\u00ea\u0323t s\u1ea3n ph\u1ea9m c\u00f2n c\u00f3 r\u1ea5t nhi\u1ec1u c\u00e1c ch\u1ea5t dinh d\u01b0\u1ee1ng nh\u01b0 canxi, protein, lipid\u2026 \u0111a\u0309m ba\u0309o cung c\u1ea5p \u0111\u1ea7y \u0111\u1ee7 nh\u01b0\u0303ng gia\u0301 tri\u0323 dinh d\u01b0\u01a1\u0303ng thi\u00ea\u0301t y\u00ea\u0301u cho c\u01a1 th\u1ec3 con ng\u01b0\u1eddi. L\u00e0 m\u1ed9t m\u00f3n th\u1ef1c ph\u1ea9m s\u1ea1ch \u0103n s\u1eb5n an to\u00e0n ti\u1ec7n l\u1ee3n, s\u1ea3n ph\u1ea9m \u0111\u00e3 \u0111\u01b0\u1ee3c r\u1ea5t nhi\u1ec1u ng\u01b0\u1eddi ti\u00eau d\u00f9ng bi\u1ebft \u0111\u1ebfn v\u00e0 s\u1eed d\u1ee5ng h\u00e0ng ng\u00e0y, l\u00e0 m\u00f3n qu\u00e0 bi\u1ebfu r\u1ea5t \u00fd ngh\u0129a trong c\u00e1c d\u1ecbp l\u1ec5 t\u1ebft\u2026.<\/p>\n<p>Tr\u00ean \u0111\u00e0 ph\u00e1t tri\u1ec3n, c\u01a1 s\u1edf ti\u1ebfp t\u1ee5c m\u1edf r\u1ed9ng quy m\u00f4 s\u1ea3n xu\u1ea5t, \u0111\u1ea7u t\u01b0 c\u1ea3i thi\u1ec7n c\u01a1 s\u1edf v\u1eadt ch\u1ea5t c\u0169ng nh\u01b0 t\u1ed5 ch\u1ee9c qu\u1ea3n l\u00fd m\u1ed9t c\u00e1ch b\u00e0i b\u1ea3n h\u01a1n nh\u1eb1m \u0111\u00e1p \u1ee9ng y\u00eau c\u1ea7u ng\u00e0y c\u00e0ng cao c\u1ee7a ng\u01b0\u1eddi ti\u00eau d\u00f9ng v\u1ec1 ch\u1ea5t l\u01b0\u1ee3ng s\u1ea3n ph\u1ea9m c\u0169ng nh\u01b0 c\u00e1c \u0111i\u1ec1u ki\u1ec7n \u0111\u1ea3m b\u1ea3o an to\u00e0n th\u1ef1c ph\u1ea9m. \u0110\u1ed3ng th\u1eddi C\u01a1 s\u1edf \u0111\u00e3 th\u1ef1c hi\u1ec7n \u0111\u0103ng k\u00fd kinh doanh theo m\u00f4 h\u00ecnh H\u1ee3p t\u00e1c x\u00e3 l\u1ea5y t\u00ean H\u1ee3p t\u00e1c x\u00e3 s\u1ea3n xu\u1ea5t kinh doanh n\u00f4ng s\u1ea3n Thanh Nguy\u1ec5n ng\u00e0y 06\/4\/2023 v\u1edbi mong mu\u1ed1n \u0111\u01b0a s\u1ea3n ph\u1ea9m th\u1ecbt ch\u01b0ng m\u1eafm t\u00e9p c\u00f3 m\u1eb7t \u1edf kh\u1eafp n\u01a1i tr\u1edf th\u00e0nh m\u00f3n \u0103n \u0111\u01b0\u1ee3c nhi\u1ec1u ng\u01b0\u1eddi \u01b0a th\u00edch v\u00e0 h\u01b0\u1edbng \u0111\u1ebfn xu\u1ea5t kh\u1ea9u.<\/p>\n<p><img fetchpriority=\"high\" decoding=\"async\" class=\"size-medium wp-image-2326 aligncenter\" src=\"http:\/\/b2c.fairs.vn\/wp-content\/uploads\/2024\/03\/1699523851072_335190327_z4863320917907_c5b0b3d84d3a8654eda748e26d5ec1bd-300x200.jpg\" alt=\"\" width=\"300\" height=\"200\" srcset=\"https:\/\/b2c.fairs.vn\/wp-content\/uploads\/2024\/03\/1699523851072_335190327_z4863320917907_c5b0b3d84d3a8654eda748e26d5ec1bd-300x200.jpg 300w, https:\/\/b2c.fairs.vn\/wp-content\/uploads\/2024\/03\/1699523851072_335190327_z4863320917907_c5b0b3d84d3a8654eda748e26d5ec1bd-150x100.jpg 150w, https:\/\/b2c.fairs.vn\/wp-content\/uploads\/2024\/03\/1699523851072_335190327_z4863320917907_c5b0b3d84d3a8654eda748e26d5ec1bd-1200x800.jpg 1200w, https:\/\/b2c.fairs.vn\/wp-content\/uploads\/2024\/03\/1699523851072_335190327_z4863320917907_c5b0b3d84d3a8654eda748e26d5ec1bd-1024x683.jpg 1024w, https:\/\/b2c.fairs.vn\/wp-content\/uploads\/2024\/03\/1699523851072_335190327_z4863320917907_c5b0b3d84d3a8654eda748e26d5ec1bd-768x512.jpg 768w, https:\/\/b2c.fairs.vn\/wp-content\/uploads\/2024\/03\/1699523851072_335190327_z4863320917907_c5b0b3d84d3a8654eda748e26d5ec1bd-1536x1024.jpg 1536w, https:\/\/b2c.fairs.vn\/wp-content\/uploads\/2024\/03\/1699523851072_335190327_z4863320917907_c5b0b3d84d3a8654eda748e26d5ec1bd-2048x1365.jpg 2048w, https:\/\/b2c.fairs.vn\/wp-content\/uploads\/2024\/03\/1699523851072_335190327_z4863320917907_c5b0b3d84d3a8654eda748e26d5ec1bd-1320x880.jpg 1320w\" sizes=\"(max-width: 300px) 100vw, 300px\" \/><\/p>","protected":false},"excerpt":{"rendered":"<p>Xu\u1ea5t ph\u00e1t t\u1eeb t\u00ecnh y\u00eau th\u01b0\u01a1ng c\u1ee7a ng\u01b0\u1eddi v\u1ee3, ng\u01b0\u1eddi m\u1eb9 v\u1edbi gia \u0111\u00ecnh nh\u1ecf th\u00e2n y\u00eau c\u1ed9ng v\u1edbi ni\u1ec1m<\/p>","protected":false},"featured_media":2326,"comment_status":"open","ping_status":"closed","template":"","meta":{"_acf_changed":false},"product_cat":[317,314,22,313],"product_tag":[],"class_list":{"0":"post-2325","1":"product","2":"type-product","3":"status-publish","4":"has-post-thumbnail","6":"product_cat-che-bien-tu-thit-trung-sua-thuy-san-cac-san-pham-tu-mat-ong-mat-khac-va-nong-san-thuc-pham-khac","7":"product_cat-do-an-nhanh","8":"product_cat-sanphamthucpham","9":"product_cat-thuc-pham-che-bien","11":"first","12":"instock","13":"shipping-taxable","14":"purchasable","15":"product-type-simple"},"acf":[],"_links":{"self":[{"href":"https:\/\/b2c.fairs.vn\/en\/wp-json\/wp\/v2\/product\/2325","targetHints":{"allow":["GET"]}}],"collection":[{"href":"https:\/\/b2c.fairs.vn\/en\/wp-json\/wp\/v2\/product"}],"about":[{"href":"https:\/\/b2c.fairs.vn\/en\/wp-json\/wp\/v2\/types\/product"}],"replies":[{"embeddable":true,"href":"https:\/\/b2c.fairs.vn\/en\/wp-json\/wp\/v2\/comments?post=2325"}],"version-history":[{"count":0,"href":"https:\/\/b2c.fairs.vn\/en\/wp-json\/wp\/v2\/product\/2325\/revisions"}],"wp:featuredmedia":[{"embeddable":true,"href":"https:\/\/b2c.fairs.vn\/en\/wp-json\/wp\/v2\/media\/2326"}],"wp:attachment":[{"href":"https:\/\/b2c.fairs.vn\/en\/wp-json\/wp\/v2\/media?parent=2325"}],"wp:term":[{"taxonomy":"product_cat","embeddable":true,"href":"https:\/\/b2c.fairs.vn\/en\/wp-json\/wp\/v2\/product_cat?post=2325"},{"taxonomy":"product_tag","embeddable":true,"href":"https:\/\/b2c.fairs.vn\/en\/wp-json\/wp\/v2\/product_tag?post=2325"}],"curies":[{"name":"wp","href":"https:\/\/api.w.org\/{rel}","templated":true}]}}