{"id":2318,"date":"2024-03-19T02:43:50","date_gmt":"2024-03-19T02:43:50","guid":{"rendered":"https:\/\/b2c.fairs.vn\/?post_type=product&#038;p=2318"},"modified":"2024-03-19T02:43:51","modified_gmt":"2024-03-19T02:43:51","slug":"hop","status":"publish","type":"product","link":"https:\/\/b2c.fairs.vn\/en\/product\/hop\/","title":{"rendered":"H\u1ed9p"},"content":{"rendered":"<p>Hi\u1ec7n tr\u00ean th\u1ecb tr\u01b0\u1eddng c\u00f3 2 c\u00f4ng ngh\u1ec7 in h\u1ed9p gi\u1ea5y ph\u1ed5 bi\u1ebfn l\u00e0 Offer v\u00e0 Flexo<br \/>\n\u0110\u1ec3 s\u1edf h\u1eefu h\u1ed9p gi\u1ea5y \u0111\u1ef1ng \u0111\u1eb9p m\u1eaft v\u00e0 sinh \u0111\u1ed9ng b\u1ea1n c\u00f3 th\u1ec3 tham kh\u1ea3o c\u00e1c c\u00f4ng \u0111o\u1ea1n nh\u01b0: c\u00e1n m\u00e0ng, c\u00e1n b\u00f3ng, ph\u1ee7 UV, th\u00fac n\u1ed5i, \u00e9p kim, \u00e9p nh\u0169,\u2026.<\/p>\n<p>C\u00f3 r\u1ea5t nhi\u1ec1u l\u1ef1a ch\u1ecdn v\u1ec1 ch\u1ea5t li\u1ec7u \u0111\u1ec3 in h\u1ed9p gi\u1ea5y \u0111\u1ef1ng \u1ea5m ch\u00e9n. Trong \u0111\u00f3 b\u1ea1n c\u00f3 th\u1ec3 l\u1ef1a ch\u1ecdn c\u00e1c lo\u1ea1i gi\u1ea5y nh\u01b0: Ivory, Couche, Duplex, Bristol, Carton,\u2026 Tuy nhi\u00ean b\u1ea1n n\u00ean \u01b0u ti\u00ean nh\u1eefng lo\u1ea1i gi\u1ea5y c\u00f3 \u0111\u1ed9 c\u1ee9ng nh\u1ea5t \u0111\u1ecbnh, \u0111\u1ed9 b\u1ec1n cao \u0111\u1ec3 b\u1ea3o v\u1ec7 s\u1ea3n ph\u1ea9m t\u1ed1t nh\u1ea5t khi va \u0111\u1eadp hay trong qu\u00e1 tr\u00ecnh di chuy\u1ec3n.<\/p>","protected":false},"excerpt":{"rendered":"<p>Hi\u1ec7n tr\u00ean th\u1ecb tr\u01b0\u1eddng c\u00f3 2 c\u00f4ng ngh\u1ec7 in h\u1ed9p gi\u1ea5y ph\u1ed5 bi\u1ebfn l\u00e0 Offer v\u00e0 Flexo \u0110\u1ec3 s\u1edf h\u1eefu<\/p>","protected":false},"featured_media":2319,"comment_status":"open","ping_status":"closed","template":"","meta":{"_acf_changed":false},"product_cat":[22],"product_tag":[],"class_list":{"0":"post-2318","1":"product","2":"type-product","3":"status-publish","4":"has-post-thumbnail","6":"product_cat-sanphamthucpham","8":"first","9":"instock","10":"shipping-taxable","11":"product-type-simple"},"acf":[],"_links":{"self":[{"href":"https:\/\/b2c.fairs.vn\/en\/wp-json\/wp\/v2\/product\/2318","targetHints":{"allow":["GET"]}}],"collection":[{"href":"https:\/\/b2c.fairs.vn\/en\/wp-json\/wp\/v2\/product"}],"about":[{"href":"https:\/\/b2c.fairs.vn\/en\/wp-json\/wp\/v2\/types\/product"}],"replies":[{"embeddable":true,"href":"https:\/\/b2c.fairs.vn\/en\/wp-json\/wp\/v2\/comments?post=2318"}],"version-history":[{"count":0,"href":"https:\/\/b2c.fairs.vn\/en\/wp-json\/wp\/v2\/product\/2318\/revisions"}],"wp:featuredmedia":[{"embeddable":true,"href":"https:\/\/b2c.fairs.vn\/en\/wp-json\/wp\/v2\/media\/2319"}],"wp:attachment":[{"href":"https:\/\/b2c.fairs.vn\/en\/wp-json\/wp\/v2\/media?parent=2318"}],"wp:term":[{"taxonomy":"product_cat","embeddable":true,"href":"https:\/\/b2c.fairs.vn\/en\/wp-json\/wp\/v2\/product_cat?post=2318"},{"taxonomy":"product_tag","embeddable":true,"href":"https:\/\/b2c.fairs.vn\/en\/wp-json\/wp\/v2\/product_tag?post=2318"}],"curies":[{"name":"wp","href":"https:\/\/api.w.org\/{rel}","templated":true}]}}