{"id":2316,"date":"2024-03-19T02:46:09","date_gmt":"2024-03-19T02:46:09","guid":{"rendered":"https:\/\/b2c.fairs.vn\/?post_type=product&#038;p=2316"},"modified":"2024-04-11T10:14:58","modified_gmt":"2024-04-11T03:14:58","slug":"dinh-that-lan-kham-bac","status":"publish","type":"product","link":"https:\/\/b2c.fairs.vn\/en\/product\/dinh-that-lan-kham-bac\/","title":{"rendered":"\u0110\u1ec9nh Th\u1ea5t L\u00e2n kh\u1ea3m b\u1ea1c"},"content":{"rendered":"<div>\n<div>\n<p>T\u1ea5t c\u1ea3 s\u1ea3n ph\u1ea9m \u0111\u01b0\u1ee3c \u0111\u00fac, gia c\u00f4ng ch\u1ebf t\u00e1c, ch\u1ea1m kh\u1eafc t\u1ea5t c\u1ea3 \u0111\u1ec1u \u0111\u01b0\u1ee3c l\u00e0m th\u1ee7 c\u00f4ng b\u1eb1ng tay m\u1ed7i s\u1ea3n ph\u1ea9m th\u1ef1c s\u1ef1 l\u00e0 m\u1ed9t t\u00e1c ph\u1ea9m \u0111\u1ed3ng m\u1ef9 ngh\u1ec7 tinh x\u1ea3o \u0111\u1ebfn m\u1ee9c cao nh\u1ea5t, v\u1edbi nh\u1eefng \u0111\u01b0\u1eddng n\u00e9t l\u01b0u lo\u00e1t, c\u00f3 gi\u00e1 tr\u1ecb th\u1ef1c s\u1ef1 cao c\u1ee7a nh\u1eefng ngh\u1ec7 nh\u00e2n, nh\u1eefng ng\u01b0\u1eddi th\u1ee3 t\u00e0i hoa t\u1eeb l\u00e0ng ngh\u1ec1 \u0111\u00fac \u0111\u1ed3ng Huy\u1ec7n \u00dd Y\u00ean, t\u1ec9nh Nam \u0110\u1ecbnh.<\/p>\n<p>&nbsp;<\/p>\n<\/div>\n<\/div>\n<div>\n<div>\n<h3 class=\"text-xl my-5 font-bold\">Th\u00f4ng s\u1ed1 k\u1ef9 thu\u1eadt<\/h3>\n<div>\n<div class=\"my-2 py-2\">M\u00e0u s\u1eafc<span class=\"mlr-1\">:<\/span><span class=\"ml-1\">M\u00e0u m\u1eaft cua<\/span><\/div>\n<div class=\"my-2 py-2\">Ch\u1ea5t li\u1ec7u<span class=\"mlr-1\">:<\/span><span class=\"ml-1\">\u0110\u1ed3ng \u0111\u1ecf, \u0111\u00fac th\u1ee7 c\u00f4ng, kh\u1ea3m b\u1ea1c cao c\u1ea5p<\/span><\/div>\n<div class=\"my-2 py-2\">K\u00edch th\u01b0\u1edbc s\u1ea3n ph\u1ea9m<span class=\"mlr-1\">:<\/span><span class=\"ml-1\">Cao 90cm, 110cm, 115cm, 120cm, 150cm&#8230;<\/span><\/div>\n<\/div>\n<\/div>\n<\/div>","protected":false},"excerpt":{"rendered":"<div>\n<div>\n<p>T\u1ea5t c\u1ea3 s\u1ea3n ph\u1ea9m \u0111\u01b0\u1ee3c \u0111\u00fac, gia c\u00f4ng ch\u1ebf t\u00e1c, ch\u1ea1m kh\u1eafc t\u1ea5t c\u1ea3 \u0111\u1ec1u \u0111\u01b0\u1ee3c l\u00e0m th\u1ee7 c\u00f4ng b\u1eb1ng tay m\u1ed7i s\u1ea3n ph\u1ea9m th\u1ef1c s\u1ef1 l\u00e0 m\u1ed9t t\u00e1c ph\u1ea9m \u0111\u1ed3ng m\u1ef9 ngh\u1ec7 tinh x\u1ea3o \u0111\u1ebfn m\u1ee9c cao nh\u1ea5t, v\u1edbi nh\u1eefng \u0111\u01b0\u1eddng n\u00e9t l\u01b0u lo\u00e1t, c\u00f3 gi\u00e1 tr\u1ecb th\u1ef1c s\u1ef1 cao c\u1ee7a nh\u1eefng ngh\u1ec7 nh\u00e2n, nh\u1eefng ng\u01b0\u1eddi th\u1ee3 t\u00e0i hoa t\u1eeb l\u00e0ng ngh\u1ec1 \u0111\u00fac \u0111\u1ed3ng Huy\u1ec7n \u00dd Y\u00ean, t\u1ec9nh Nam \u0110\u1ecbnh.<\/p>\n<p>&nbsp;<\/p>\n<\/div>\n<\/div>\n<div>\n<div>\n<h3 class=\"text-xl my-5 font-bold\">Th\u00f4ng s\u1ed1 k\u1ef9 thu\u1eadt<\/h3>\n<div>\n<div class=\"my-2 py-2\">M\u00e0u s\u1eafc<span class=\"mlr-1\">:<\/span><span class=\"ml-1\">M\u00e0u m\u1eaft cua<\/span><\/div>\n<div class=\"my-2 py-2\">Ch\u1ea5t li\u1ec7u<span class=\"mlr-1\">:<\/span><span class=\"ml-1\">\u0110\u1ed3ng \u0111\u1ecf, \u0111\u00fac th\u1ee7 c\u00f4ng, kh\u1ea3m b\u1ea1c cao c\u1ea5p<\/span><\/div>\n<div class=\"my-2 py-2\">K\u00edch th\u01b0\u1edbc s\u1ea3n ph\u1ea9m<span class=\"mlr-1\">:<\/span><span class=\"ml-1\">Cao 90cm, 110cm, 115cm, 120cm, 150cm&#8230;<\/span><\/div>\n<\/div>\n<\/div>\n<\/div>","protected":false},"featured_media":2321,"comment_status":"open","ping_status":"closed","template":"","meta":{"_acf_changed":false},"product_cat":[389,348],"product_tag":[],"class_list":{"0":"post-2316","1":"product","2":"type-product","3":"status-publish","4":"has-post-thumbnail","6":"product_cat-duc-dong","7":"product_cat-thiet-bi-co-khi","9":"first","10":"instock","11":"shipping-taxable","12":"product-type-simple"},"acf":[],"_links":{"self":[{"href":"https:\/\/b2c.fairs.vn\/en\/wp-json\/wp\/v2\/product\/2316","targetHints":{"allow":["GET"]}}],"collection":[{"href":"https:\/\/b2c.fairs.vn\/en\/wp-json\/wp\/v2\/product"}],"about":[{"href":"https:\/\/b2c.fairs.vn\/en\/wp-json\/wp\/v2\/types\/product"}],"replies":[{"embeddable":true,"href":"https:\/\/b2c.fairs.vn\/en\/wp-json\/wp\/v2\/comments?post=2316"}],"version-history":[{"count":0,"href":"https:\/\/b2c.fairs.vn\/en\/wp-json\/wp\/v2\/product\/2316\/revisions"}],"wp:featuredmedia":[{"embeddable":true,"href":"https:\/\/b2c.fairs.vn\/en\/wp-json\/wp\/v2\/media\/2321"}],"wp:attachment":[{"href":"https:\/\/b2c.fairs.vn\/en\/wp-json\/wp\/v2\/media?parent=2316"}],"wp:term":[{"taxonomy":"product_cat","embeddable":true,"href":"https:\/\/b2c.fairs.vn\/en\/wp-json\/wp\/v2\/product_cat?post=2316"},{"taxonomy":"product_tag","embeddable":true,"href":"https:\/\/b2c.fairs.vn\/en\/wp-json\/wp\/v2\/product_tag?post=2316"}],"curies":[{"name":"wp","href":"https:\/\/api.w.org\/{rel}","templated":true}]}}