{"id":2313,"date":"2024-03-19T02:43:04","date_gmt":"2024-03-19T02:43:04","guid":{"rendered":"https:\/\/b2c.fairs.vn\/?post_type=product&#038;p=2313"},"modified":"2024-04-03T14:25:47","modified_gmt":"2024-04-03T07:25:47","slug":"vo-ke-ngang","status":"publish","type":"product","link":"https:\/\/b2c.fairs.vn\/en\/product\/vo-ke-ngang\/","title":{"rendered":"V\u1edf k\u1ebb ngang"},"content":{"rendered":"<p>K\u00edch th\u01b0\u1edbc: 175 x 250 v\u00e0 190&#215;270 (\u00b12mm)<br \/>\n\u0110\u1ecbnh l\u01b0\u1ee3ng: 60,70g\/m\u00b2<br \/>\n\u0110\u1ed9 tr\u1eafng: 95%ISO<br \/>\nS\u1ea3n xu\u1ea5t t\u1ea1i: C\u00f4ng ty TNHH Gi\u1ea5y v\u1edf H\u1ed3ng \u0110i\u1ec7p<br \/>\nXu\u1ea5t x\u1ee9: Vi\u1ec7t Nam<\/p>\n<p>V\u1edbi m\u1eabu m\u00e3 tr\u1ebb trung, trang nh\u00e3, m\u00e0u s\u1eafc h\u00e0i ho\u00e0, \u0111a d\u1ea1ng th\u00edch h\u1ee3p cho h\u1ecdc sinh, sinh vi\u00ean, v\u0103n ph\u00f2ng. B\u1ec1 m\u1eb7t gi\u1ea5y tr\u01a1n m\u1ecbn, vi\u1ebft \u0111\u01b0a b\u00fat d\u1ec5 d\u00e0ng. G\u00e1y b\u00eca \u0111\u01b0\u1ee3c \u0111\u00f3ng ch\u1eafc ch\u1eafn, kh\u00f3 bong tr\u00f3c.<\/p>","protected":false},"excerpt":{"rendered":"<p>K\u00edch th\u01b0\u1edbc: 175 x 250 v\u00e0 190&#215;270 (\u00b12mm) \u0110\u1ecbnh l\u01b0\u1ee3ng: 60,70g\/m\u00b2 \u0110\u1ed9 tr\u1eafng: 95%ISO S\u1ea3n xu\u1ea5t t\u1ea1i: C\u00f4ng ty TNHH<\/p>","protected":false},"featured_media":2315,"comment_status":"open","ping_status":"closed","template":"","meta":{"_acf_changed":false},"product_cat":[520,368],"product_tag":[],"class_list":{"0":"post-2313","1":"product","2":"type-product","3":"status-publish","4":"has-post-thumbnail","6":"product_cat-nha-cua-doi-song","7":"product_cat-van-phong-pham","9":"first","10":"instock","11":"shipping-taxable","12":"purchasable","13":"product-type-simple"},"acf":[],"_links":{"self":[{"href":"https:\/\/b2c.fairs.vn\/en\/wp-json\/wp\/v2\/product\/2313","targetHints":{"allow":["GET"]}}],"collection":[{"href":"https:\/\/b2c.fairs.vn\/en\/wp-json\/wp\/v2\/product"}],"about":[{"href":"https:\/\/b2c.fairs.vn\/en\/wp-json\/wp\/v2\/types\/product"}],"replies":[{"embeddable":true,"href":"https:\/\/b2c.fairs.vn\/en\/wp-json\/wp\/v2\/comments?post=2313"}],"version-history":[{"count":0,"href":"https:\/\/b2c.fairs.vn\/en\/wp-json\/wp\/v2\/product\/2313\/revisions"}],"wp:featuredmedia":[{"embeddable":true,"href":"https:\/\/b2c.fairs.vn\/en\/wp-json\/wp\/v2\/media\/2315"}],"wp:attachment":[{"href":"https:\/\/b2c.fairs.vn\/en\/wp-json\/wp\/v2\/media?parent=2313"}],"wp:term":[{"taxonomy":"product_cat","embeddable":true,"href":"https:\/\/b2c.fairs.vn\/en\/wp-json\/wp\/v2\/product_cat?post=2313"},{"taxonomy":"product_tag","embeddable":true,"href":"https:\/\/b2c.fairs.vn\/en\/wp-json\/wp\/v2\/product_tag?post=2313"}],"curies":[{"name":"wp","href":"https:\/\/api.w.org\/{rel}","templated":true}]}}