{"id":2309,"date":"2024-03-19T02:42:12","date_gmt":"2024-03-19T02:42:12","guid":{"rendered":"https:\/\/b2c.fairs.vn\/?post_type=product&#038;p=2309"},"modified":"2024-04-11T10:14:43","modified_gmt":"2024-04-11T03:14:43","slug":"tuong-chan-dung-tong-bi-thu-le-kha-phieu","status":"publish","type":"product","link":"https:\/\/b2c.fairs.vn\/en\/product\/tuong-chan-dung-tong-bi-thu-le-kha-phieu\/","title":{"rendered":"T\u01b0\u1ee3ng ch\u00e2n dung T\u1ed5ng B\u00ed Th\u01b0 L\u00ea Kh\u1ea3 Phi\u00eau"},"content":{"rendered":"<div>\n<div>\n<p>D\u1ef1a theo t\u01b0 li\u1ec7u \u1ea3nh ch\u1ee5p c\u1ee7a gia \u0111\u00ecnh cung c\u1ea5p. T\u01b0\u1ee3ng \u0111\u01b0\u1ee3c ngh\u1ec7 nh\u00e2n \u0111\u1eafp m\u1eabu ti\u1ebfn h\u00e0nh \u0111\u1eafp ra m\u1eabu \u0111\u1ea5t s\u00e9t \u0111\u1ec3 ch\u1ec9nh s\u1eeda cho \u0111\u1ea1t \u0111\u1ed9 chu\u1ea9n x\u00e1c, sau \u0111\u00f3 chuy\u1ec3n th\u1ec3 ra m\u1eabu th\u1ea1ch cao. C\u00f4ng \u0111o\u1ea1n cu\u1ed1i c\u00f9ng l\u00e0 \u0111\u00fac chuy\u1ec3n th\u1ec3 th\u00e0nh t\u01b0\u1ee3ng \u0111\u1ed3ng.<\/p>\n<\/div>\n<\/div>\n<div>\n<div>\n<h3 class=\"text-xl my-5 font-bold\">Th\u00f4ng s\u1ed1 k\u1ef9 thu\u1eadt<\/h3>\n<div>\n<div class=\"my-2 py-2\">Ch\u1ea5t li\u1ec7u<span class=\"mlr-1\">:<\/span><span class=\"ml-1\">\u0110\u00f4\u0300ng \u0111\u1ecf, \u0111u\u0301c thu\u0309 c\u00f4ng<\/span><\/div>\n<\/div>\n<\/div>\n<\/div>","protected":false},"excerpt":{"rendered":"<div>\n<div>\n<p>D\u1ef1a theo t\u01b0 li\u1ec7u \u1ea3nh ch\u1ee5p c\u1ee7a gia \u0111\u00ecnh cung c\u1ea5p. T\u01b0\u1ee3ng \u0111\u01b0\u1ee3c ngh\u1ec7 nh\u00e2n \u0111\u1eafp m\u1eabu ti\u1ebfn h\u00e0nh \u0111\u1eafp ra m\u1eabu \u0111\u1ea5t s\u00e9t \u0111\u1ec3 ch\u1ec9nh s\u1eeda cho \u0111\u1ea1t \u0111\u1ed9 chu\u1ea9n x\u00e1c, sau \u0111\u00f3 chuy\u1ec3n th\u1ec3 ra m\u1eabu th\u1ea1ch cao. C\u00f4ng \u0111o\u1ea1n cu\u1ed1i c\u00f9ng l\u00e0 \u0111\u00fac chuy\u1ec3n th\u1ec3 th\u00e0nh t\u01b0\u1ee3ng \u0111\u1ed3ng.<\/p>\n<\/div>\n<\/div>\n<div>\n<div>\n<h3 class=\"text-xl my-5 font-bold\">Th\u00f4ng s\u1ed1 k\u1ef9 thu\u1eadt<\/h3>\n<div>\n<div class=\"my-2 py-2\">Ch\u1ea5t li\u1ec7u<span class=\"mlr-1\">:<\/span><span class=\"ml-1\">\u0110\u00f4\u0300ng \u0111\u1ecf, \u0111u\u0301c thu\u0309 c\u00f4ng<\/span><\/div>\n<\/div>\n<\/div>\n<\/div>","protected":false},"featured_media":2311,"comment_status":"open","ping_status":"closed","template":"","meta":{"_acf_changed":false},"product_cat":[389,348],"product_tag":[],"class_list":{"0":"post-2309","1":"product","2":"type-product","3":"status-publish","4":"has-post-thumbnail","6":"product_cat-duc-dong","7":"product_cat-thiet-bi-co-khi","9":"first","10":"instock","11":"shipping-taxable","12":"product-type-simple"},"acf":[],"_links":{"self":[{"href":"https:\/\/b2c.fairs.vn\/en\/wp-json\/wp\/v2\/product\/2309","targetHints":{"allow":["GET"]}}],"collection":[{"href":"https:\/\/b2c.fairs.vn\/en\/wp-json\/wp\/v2\/product"}],"about":[{"href":"https:\/\/b2c.fairs.vn\/en\/wp-json\/wp\/v2\/types\/product"}],"replies":[{"embeddable":true,"href":"https:\/\/b2c.fairs.vn\/en\/wp-json\/wp\/v2\/comments?post=2309"}],"version-history":[{"count":0,"href":"https:\/\/b2c.fairs.vn\/en\/wp-json\/wp\/v2\/product\/2309\/revisions"}],"wp:featuredmedia":[{"embeddable":true,"href":"https:\/\/b2c.fairs.vn\/en\/wp-json\/wp\/v2\/media\/2311"}],"wp:attachment":[{"href":"https:\/\/b2c.fairs.vn\/en\/wp-json\/wp\/v2\/media?parent=2309"}],"wp:term":[{"taxonomy":"product_cat","embeddable":true,"href":"https:\/\/b2c.fairs.vn\/en\/wp-json\/wp\/v2\/product_cat?post=2309"},{"taxonomy":"product_tag","embeddable":true,"href":"https:\/\/b2c.fairs.vn\/en\/wp-json\/wp\/v2\/product_tag?post=2309"}],"curies":[{"name":"wp","href":"https:\/\/api.w.org\/{rel}","templated":true}]}}