{"id":2301,"date":"2024-03-19T02:40:14","date_gmt":"2024-03-19T02:40:14","guid":{"rendered":"https:\/\/b2c.fairs.vn\/?post_type=product&#038;p=2301"},"modified":"2024-04-11T10:14:26","modified_gmt":"2024-04-11T03:14:26","slug":"dinh-dong-ngu-su-cao-cap","status":"publish","type":"product","link":"https:\/\/b2c.fairs.vn\/en\/product\/dinh-dong-ngu-su-cao-cap\/","title":{"rendered":"\u0110\u1ec9nh \u0110\u1ed3ng Ng\u0169 S\u1ef1 Cao C\u1ea5p"},"content":{"rendered":"<div>\n<div>\n<p><strong>B\u1ed9 \u0110\u1ec9nh \u0110\u1ed3ng Ng\u0169 S\u1ef1 Cao C\u1ea5p<\/strong>\u00a0l\u00e0 s\u1ea3n ph\u1ea9m cao c\u1ea5p \u0111\u01b0\u1ee3c \u0111\u00fac b\u1eb1ng c\u00f4ng ngh\u1ec7 l\u00f2 \u0111i\u1ec7n cao t\u1ea7n k\u1ebft h\u1ee3p v\u1edbi vi\u1ec7c tr\u1ea3i qua\u00a0 c\u00e1c c\u00f4ng \u0111o\u1ea1n gia c\u00f4ng t\u1ec9 m\u1ec9, chi ti\u1ebft , t\u00e2m huy\u1ebft d\u01b0\u1edbi \u0111\u00f4i b\u00e0n tay c\u1ee7a c\u00e1c ngh\u1ec7 nh\u00e2n \u0111\u00fac, \u0111\u01b0\u1eddng n\u00e9t hoa v\u0103n \u0111\u01b0\u1ee3c ch\u1ea1m kh\u1eafc t\u1ec9 m\u1ec9, s\u1eafc n\u00e9t . B\u1ed9 \u0111\u1ec9nh ng\u0169 s\u1ef1 sau khi ho\u00e0n thi\u1ec7n c\u00f3 m\u00e0u m\u00e0u m\u1ed9c c\u1ee7a \u0111\u1ed3ng thau k\u1ebft h\u1ee3p hoa v\u0103n ch\u1ea1m kh\u1eafc tinh s\u1ea3o v\u00f4 c\u00f9ng \u0111\u1eb9p m\u1eaft, s\u1eafc n\u00e9t.<\/p>\n<\/div>\n<\/div>\n<div>\n<div>\n<h3 class=\"text-xl my-5 font-bold\">Th\u00f4ng s\u1ed1 k\u1ef9 thu\u1eadt<\/h3>\n<div>\n<div class=\"my-2 py-2\">Ch\u1ea5t li\u1ec7u\u00a0<span class=\"mlr-1\">:<\/span><span class=\"ml-1\">\u0110\u1ed3ng thau , \u0111\u00fac c\u00f4ng ngh\u1ec7 cao<\/span><\/div>\n<div class=\"my-2 py-2\">K\u00edch th\u01b0\u1edbc s\u1ea3n ph\u1ea9m<span class=\"mlr-1\">:<\/span><span class=\"ml-1\">Cao 45cm , 50cm ,60cm, 70cm<\/span><\/div>\n<\/div>\n<\/div>\n<\/div>","protected":false},"excerpt":{"rendered":"<div>\n<div>\n<p><strong>B\u1ed9 \u0110\u1ec9nh \u0110\u1ed3ng Ng\u0169 S\u1ef1 Cao C\u1ea5p<\/strong>\u00a0l\u00e0 s\u1ea3n ph\u1ea9m cao c\u1ea5p \u0111\u01b0\u1ee3c \u0111\u00fac b\u1eb1ng c\u00f4ng ngh\u1ec7 l\u00f2 \u0111i\u1ec7n cao t\u1ea7n k\u1ebft h\u1ee3p v\u1edbi vi\u1ec7c tr\u1ea3i qua\u00a0 c\u00e1c c\u00f4ng \u0111o\u1ea1n gia c\u00f4ng t\u1ec9 m\u1ec9, chi ti\u1ebft , t\u00e2m huy\u1ebft d\u01b0\u1edbi \u0111\u00f4i b\u00e0n tay c\u1ee7a c\u00e1c ngh\u1ec7 nh\u00e2n \u0111\u00fac, \u0111\u01b0\u1eddng n\u00e9t hoa v\u0103n \u0111\u01b0\u1ee3c ch\u1ea1m kh\u1eafc t\u1ec9 m\u1ec9, s\u1eafc n\u00e9t . B\u1ed9 \u0111\u1ec9nh ng\u0169 s\u1ef1 sau khi ho\u00e0n thi\u1ec7n c\u00f3 m\u00e0u m\u00e0u m\u1ed9c c\u1ee7a \u0111\u1ed3ng thau k\u1ebft h\u1ee3p hoa v\u0103n ch\u1ea1m kh\u1eafc tinh s\u1ea3o v\u00f4 c\u00f9ng \u0111\u1eb9p m\u1eaft, s\u1eafc n\u00e9t.<\/p>\n<\/div>\n<\/div>\n<div>\n<div>\n<h3 class=\"text-xl my-5 font-bold\">Th\u00f4ng s\u1ed1 k\u1ef9 thu\u1eadt<\/h3>\n<div>\n<div class=\"my-2 py-2\">Ch\u1ea5t li\u1ec7u\u00a0<span class=\"mlr-1\">:<\/span><span class=\"ml-1\">\u0110\u1ed3ng thau , \u0111\u00fac c\u00f4ng ngh\u1ec7 cao<\/span><\/div>\n<div class=\"my-2 py-2\">K\u00edch th\u01b0\u1edbc s\u1ea3n ph\u1ea9m<span class=\"mlr-1\">:<\/span><span class=\"ml-1\">Cao 45cm , 50cm ,60cm, 70cm<\/span><\/div>\n<\/div>\n<\/div>\n<\/div>","protected":false},"featured_media":2302,"comment_status":"open","ping_status":"closed","template":"","meta":{"_acf_changed":false},"product_cat":[389,348],"product_tag":[],"class_list":{"0":"post-2301","1":"product","2":"type-product","3":"status-publish","4":"has-post-thumbnail","6":"product_cat-duc-dong","7":"product_cat-thiet-bi-co-khi","9":"first","10":"instock","11":"shipping-taxable","12":"product-type-simple"},"acf":[],"_links":{"self":[{"href":"https:\/\/b2c.fairs.vn\/en\/wp-json\/wp\/v2\/product\/2301","targetHints":{"allow":["GET"]}}],"collection":[{"href":"https:\/\/b2c.fairs.vn\/en\/wp-json\/wp\/v2\/product"}],"about":[{"href":"https:\/\/b2c.fairs.vn\/en\/wp-json\/wp\/v2\/types\/product"}],"replies":[{"embeddable":true,"href":"https:\/\/b2c.fairs.vn\/en\/wp-json\/wp\/v2\/comments?post=2301"}],"version-history":[{"count":0,"href":"https:\/\/b2c.fairs.vn\/en\/wp-json\/wp\/v2\/product\/2301\/revisions"}],"wp:featuredmedia":[{"embeddable":true,"href":"https:\/\/b2c.fairs.vn\/en\/wp-json\/wp\/v2\/media\/2302"}],"wp:attachment":[{"href":"https:\/\/b2c.fairs.vn\/en\/wp-json\/wp\/v2\/media?parent=2301"}],"wp:term":[{"taxonomy":"product_cat","embeddable":true,"href":"https:\/\/b2c.fairs.vn\/en\/wp-json\/wp\/v2\/product_cat?post=2301"},{"taxonomy":"product_tag","embeddable":true,"href":"https:\/\/b2c.fairs.vn\/en\/wp-json\/wp\/v2\/product_tag?post=2301"}],"curies":[{"name":"wp","href":"https:\/\/api.w.org\/{rel}","templated":true}]}}