{"id":2292,"date":"2024-03-19T02:35:21","date_gmt":"2024-03-19T02:35:21","guid":{"rendered":"https:\/\/b2c.fairs.vn\/?post_type=product&#038;p=2292"},"modified":"2024-03-19T02:35:22","modified_gmt":"2024-03-19T02:35:22","slug":"oc-nhoi-gac-bep","status":"publish","type":"product","link":"https:\/\/b2c.fairs.vn\/en\/product\/oc-nhoi-gac-bep\/","title":{"rendered":"\u1ed0c nh\u1ed3i g\u00e1c b\u1ebfp"},"content":{"rendered":"<p>Gi\u1ecf \u1ed1c \u0111\u01b0\u1ee3c l\u00ean gi\u00e0n b\u1ebfp trong nh\u00e0, khi nh\u00e0 b\u1eaft \u0111\u1ea7u n\u1ea5u c\u01a1m th\u00ec kh\u00f3i b\u1ebfp s\u1ebd bay l\u00ean v\u00e0 hun chi\u1ebfc gi\u1ecf.<strong>\u00a0\u1ed0c s\u1ebd x\u00f4ng kh\u00f3i trong 4 &#8211; 5 th\u00e1ng trong gi\u00f3<\/strong>\u00a0\u0111\u1ebfn khi \u0111\u1ea1t y\u00eau c\u1ea7u th\u00ec \u0111\u01b0\u1ee3c mang xu\u1ed1ng, cho ra gi\u1ecf, \u0111em ch\u1ebf bi\u1ebfn th\u00e0nh nhi\u1ec1u m\u00f3n \u0103n kh\u00e1c nhau. \u1ed0c\u00a0<strong>v\u1eabn c\u00f2n s\u1ed1ng d\u00f9 \u0111\u01b0\u1ee3c \u201cx\u00f4ng h\u01a1i\u201d t\u1eadn 4 &#8211; 5 th\u00e1ng, th\u1ecbt th\u00ec s\u1ea1ch,<\/strong>\u00a0kh\u00f4ng c\u00f3 m\u00f9i tanh h\u00f4i hay rong r\u00eau th\u01b0\u1eddng th\u1ea5y \u1edf c\u00e1c lo\u1ea1i \u1ed1c kh\u00e1c.<\/p>","protected":false},"excerpt":{"rendered":"<p>Gi\u1ecf \u1ed1c \u0111\u01b0\u1ee3c l\u00ean gi\u00e0n b\u1ebfp trong nh\u00e0, khi nh\u00e0 b\u1eaft \u0111\u1ea7u n\u1ea5u c\u01a1m th\u00ec kh\u00f3i b\u1ebfp s\u1ebd bay l\u00ean<\/p>","protected":false},"featured_media":2293,"comment_status":"open","ping_status":"closed","template":"","meta":{"_acf_changed":false},"product_cat":[22],"product_tag":[],"class_list":{"0":"post-2292","1":"product","2":"type-product","3":"status-publish","4":"has-post-thumbnail","6":"product_cat-sanphamthucpham","8":"first","9":"instock","10":"shipping-taxable","11":"product-type-simple"},"acf":[],"_links":{"self":[{"href":"https:\/\/b2c.fairs.vn\/en\/wp-json\/wp\/v2\/product\/2292","targetHints":{"allow":["GET"]}}],"collection":[{"href":"https:\/\/b2c.fairs.vn\/en\/wp-json\/wp\/v2\/product"}],"about":[{"href":"https:\/\/b2c.fairs.vn\/en\/wp-json\/wp\/v2\/types\/product"}],"replies":[{"embeddable":true,"href":"https:\/\/b2c.fairs.vn\/en\/wp-json\/wp\/v2\/comments?post=2292"}],"version-history":[{"count":0,"href":"https:\/\/b2c.fairs.vn\/en\/wp-json\/wp\/v2\/product\/2292\/revisions"}],"wp:featuredmedia":[{"embeddable":true,"href":"https:\/\/b2c.fairs.vn\/en\/wp-json\/wp\/v2\/media\/2293"}],"wp:attachment":[{"href":"https:\/\/b2c.fairs.vn\/en\/wp-json\/wp\/v2\/media?parent=2292"}],"wp:term":[{"taxonomy":"product_cat","embeddable":true,"href":"https:\/\/b2c.fairs.vn\/en\/wp-json\/wp\/v2\/product_cat?post=2292"},{"taxonomy":"product_tag","embeddable":true,"href":"https:\/\/b2c.fairs.vn\/en\/wp-json\/wp\/v2\/product_tag?post=2292"}],"curies":[{"name":"wp","href":"https:\/\/api.w.org\/{rel}","templated":true}]}}