{"id":2277,"date":"2024-03-19T02:31:45","date_gmt":"2024-03-19T02:31:45","guid":{"rendered":"https:\/\/b2c.fairs.vn\/?post_type=product&#038;p=2277"},"modified":"2024-03-19T02:31:45","modified_gmt":"2024-03-19T02:31:45","slug":"nuoc-mam-ca-cuong-duy-le","status":"publish","type":"product","link":"https:\/\/b2c.fairs.vn\/en\/product\/nuoc-mam-ca-cuong-duy-le\/","title":{"rendered":"N\u01b0\u1edbc m\u1eafm c\u00e0 cu\u1ed1ng Duy L\u00ea"},"content":{"rendered":"<p>Trong d\u00e2n gian, v\u1eabn th\u01b0\u1eddng d\u00f9ng d\u1ea7u c\u00e0 cu\u1ed1ng v\u1edbi l\u01b0\u1ee3ng r\u1ea5t nh\u1ecf khi \u0103n nh\u1eefng m\u00f3n \u0103n nhi\u1ec1u d\u1ea7u m\u1ee1. Theo \u0110\u00f4ng y, c\u00e0 cu\u1ed1ng c\u00f3 v\u1ecb ng\u1ecdt, cay, t\u00ednh b\u00ecnh, kh\u00f4ng \u0111\u1ed9c th\u01b0\u1eddng \u0111\u01b0\u1ee3c s\u1eed d\u1ee5ng l\u00e0m trong c\u00e1c b\u00e0i thu\u1ed1c\u00a0<strong>b\u1ed5 th\u1eadn, tr\u00e1ng d\u01b0\u01a1ng, l\u1ee3i ti\u00eau h\u00f3a<\/strong>.<\/p>","protected":false},"excerpt":{"rendered":"<p>Trong d\u00e2n gian, v\u1eabn th\u01b0\u1eddng d\u00f9ng d\u1ea7u c\u00e0 cu\u1ed1ng v\u1edbi l\u01b0\u1ee3ng r\u1ea5t nh\u1ecf khi \u0103n nh\u1eefng m\u00f3n \u0103n nhi\u1ec1u d\u1ea7u<\/p>","protected":false},"featured_media":2278,"comment_status":"open","ping_status":"closed","template":"","meta":{"_acf_changed":false},"product_cat":[22],"product_tag":[],"class_list":{"0":"post-2277","1":"product","2":"type-product","3":"status-publish","4":"has-post-thumbnail","6":"product_cat-sanphamthucpham","8":"first","9":"instock","10":"shipping-taxable","11":"product-type-simple"},"acf":[],"_links":{"self":[{"href":"https:\/\/b2c.fairs.vn\/en\/wp-json\/wp\/v2\/product\/2277","targetHints":{"allow":["GET"]}}],"collection":[{"href":"https:\/\/b2c.fairs.vn\/en\/wp-json\/wp\/v2\/product"}],"about":[{"href":"https:\/\/b2c.fairs.vn\/en\/wp-json\/wp\/v2\/types\/product"}],"replies":[{"embeddable":true,"href":"https:\/\/b2c.fairs.vn\/en\/wp-json\/wp\/v2\/comments?post=2277"}],"version-history":[{"count":0,"href":"https:\/\/b2c.fairs.vn\/en\/wp-json\/wp\/v2\/product\/2277\/revisions"}],"wp:featuredmedia":[{"embeddable":true,"href":"https:\/\/b2c.fairs.vn\/en\/wp-json\/wp\/v2\/media\/2278"}],"wp:attachment":[{"href":"https:\/\/b2c.fairs.vn\/en\/wp-json\/wp\/v2\/media?parent=2277"}],"wp:term":[{"taxonomy":"product_cat","embeddable":true,"href":"https:\/\/b2c.fairs.vn\/en\/wp-json\/wp\/v2\/product_cat?post=2277"},{"taxonomy":"product_tag","embeddable":true,"href":"https:\/\/b2c.fairs.vn\/en\/wp-json\/wp\/v2\/product_tag?post=2277"}],"curies":[{"name":"wp","href":"https:\/\/api.w.org\/{rel}","templated":true}]}}