{"id":2276,"date":"2024-03-19T02:33:02","date_gmt":"2024-03-19T02:33:02","guid":{"rendered":"https:\/\/b2c.fairs.vn\/?post_type=product&#038;p=2276"},"modified":"2024-04-11T10:13:46","modified_gmt":"2024-04-11T03:13:46","slug":"tuong-phat-bon-su-thich-ca-mau-ni","status":"publish","type":"product","link":"https:\/\/b2c.fairs.vn\/en\/product\/tuong-phat-bon-su-thich-ca-mau-ni\/","title":{"rendered":"T\u01b0\u1ee3ng Ph\u1eadt B\u1ed5n S\u01b0 Th\u00edch Ca M\u00e2u Ni"},"content":{"rendered":"<p>T\u01b0\u1ee3ng Ph\u1eadt B\u1ed5n S\u01b0 Th\u00edch Ca M\u00e2u Ni ng\u1ef1 tr\u00ean \u0111\u00e0i sen l\u00e0 m\u1ed9t \u00fd ngh\u0129a t\u01b0\u1ee3ng tr\u01b0ng si\u00eau th\u1ef1c. B\u1edfi v\u00ec hoa sen \u0111\u01b0\u1ee3c bi\u1ec3u th\u1ecb cho \u0111\u1ee9c t\u00e1nh thanh t\u1ecbnh v\u00e0 gi\u1ea3i tho\u00e1t. Hoa sen ph\u00e1t xu\u1ea5t trong l\u00f2ng v\u0169ng b\u00f9n nh\u01a1 nh\u1edbp, m\u00e0 v\u1eabn t\u1ecfa ra m\u00f9i h\u01b0\u01a1ng thanh khi\u1ebft.<\/p>\n<p>T\u01b0\u1ee3ng Ph\u1eadt Th\u00edch Ca lu\u00f4n c\u00f3 nh\u1eefng tia h\u00e0o quang chi\u1ebfu s\u00e1ng nh\u1eb1m th\u1ec3 hi\u1ec7n vi\u1ec7c lu\u00f4n s\u00e1ng su\u1ed1t, s\u00e1ng soi m\u1ecdi ng\u01b0\u1eddi, m\u1ecdi v\u1eadt tr\u00ean th\u1ebf gian.<\/p>\n<p>\u0110\u00fac \u0110\u1ed3ng T\u00e2n Ti\u1ebfn l\u00e0 \u0111\u01a1n v\u1ecb th\u1ef1c hi\u1ec7n \u0111\u00fac T\u01b0\u1ee3ng Ph\u1eadt t\u1ea1i \u0110\u00ecnh Ch\u00f9a kh\u1eafp c\u1ea3 n\u01b0\u1edbc, t\u1ea5t c\u1ea3 s\u1ea3n ph\u1ea9m \u0111\u01b0\u1ee3c \u0111\u00fac, gia c\u00f4ng ch\u1ebf t\u00e1c, ch\u1ea1m kh\u1eafc t\u1ea5t c\u1ea3 \u0111\u1ec1u \u0111\u01b0\u1ee3c l\u00e0m th\u1ee7 c\u00f4ng b\u1eb1ng tay m\u1ed7i s\u1ea3n ph\u1ea9m th\u1ef1c s\u1ef1 l\u00e0 m\u1ed9t t\u00e1c ph\u1ea9m \u0111\u1ed3ng m\u1ef9 ngh\u1ec7 tinh x\u1ea3o \u0111\u1ebfn m\u1ee9c cao nh\u1ea5t, v\u1edbi nh\u1eefng \u0111\u01b0\u1eddng n\u00e9t l\u01b0u lo\u00e1t, c\u00f3 gi\u00e1 tr\u1ecb th\u1ef1c s\u1ef1 cao c\u1ee7a nh\u1eefng ngh\u1ec7 nh\u00e2n, nh\u1eefng ng\u01b0\u1eddi th\u1ee3 t\u00e0i hoa t\u1eeb l\u00e0ng ngh\u1ec1 \u0111\u00fac \u0111\u1ed3ng Huy\u1ec7n \u00dd Y\u00ean, t\u1ec9nh Nam \u0110\u1ecbnh.<\/p>","protected":false},"excerpt":{"rendered":"<p>T\u01b0\u1ee3ng Ph\u1eadt B\u1ed5n S\u01b0 Th\u00edch Ca M\u00e2u Ni ng\u1ef1 tr\u00ean \u0111\u00e0i sen l\u00e0 m\u1ed9t \u00fd ngh\u0129a t\u01b0\u1ee3ng tr\u01b0ng si\u00eau th\u1ef1c. B\u1edfi v\u00ec hoa sen \u0111\u01b0\u1ee3c bi\u1ec3u th\u1ecb cho \u0111\u1ee9c t\u00e1nh thanh t\u1ecbnh v\u00e0 gi\u1ea3i tho\u00e1t. Hoa sen ph\u00e1t xu\u1ea5t trong l\u00f2ng v\u0169ng b\u00f9n nh\u01a1 nh\u1edbp, m\u00e0 v\u1eabn t\u1ecfa ra m\u00f9i h\u01b0\u01a1ng thanh khi\u1ebft.<\/p>\n<p>T\u01b0\u1ee3ng Ph\u1eadt Th\u00edch Ca lu\u00f4n c\u00f3 nh\u1eefng tia h\u00e0o quang chi\u1ebfu s\u00e1ng nh\u1eb1m th\u1ec3 hi\u1ec7n vi\u1ec7c lu\u00f4n s\u00e1ng su\u1ed1t, s\u00e1ng soi m\u1ecdi ng\u01b0\u1eddi, m\u1ecdi v\u1eadt tr\u00ean th\u1ebf gian.<\/p>\n<p>\u0110\u00fac \u0110\u1ed3ng T\u00e2n Ti\u1ebfn l\u00e0 \u0111\u01a1n v\u1ecb th\u1ef1c hi\u1ec7n \u0111\u00fac T\u01b0\u1ee3ng Ph\u1eadt t\u1ea1i \u0110\u00ecnh Ch\u00f9a kh\u1eafp c\u1ea3 n\u01b0\u1edbc, t\u1ea5t c\u1ea3 s\u1ea3n ph\u1ea9m \u0111\u01b0\u1ee3c \u0111\u00fac, gia c\u00f4ng ch\u1ebf t\u00e1c, ch\u1ea1m kh\u1eafc t\u1ea5t c\u1ea3 \u0111\u1ec1u \u0111\u01b0\u1ee3c l\u00e0m th\u1ee7 c\u00f4ng b\u1eb1ng tay m\u1ed7i s\u1ea3n ph\u1ea9m th\u1ef1c s\u1ef1 l\u00e0 m\u1ed9t t\u00e1c ph\u1ea9m \u0111\u1ed3ng m\u1ef9 ngh\u1ec7 tinh x\u1ea3o \u0111\u1ebfn m\u1ee9c cao nh\u1ea5t, v\u1edbi nh\u1eefng \u0111\u01b0\u1eddng n\u00e9t l\u01b0u lo\u00e1t, c\u00f3 gi\u00e1 tr\u1ecb th\u1ef1c s\u1ef1 cao c\u1ee7a nh\u1eefng ngh\u1ec7 nh\u00e2n, nh\u1eefng ng\u01b0\u1eddi th\u1ee3 t\u00e0i hoa t\u1eeb l\u00e0ng ngh\u1ec1 \u0111\u00fac \u0111\u1ed3ng Huy\u1ec7n \u00dd Y\u00ean, t\u1ec9nh Nam \u0110\u1ecbnh.<\/p>","protected":false},"featured_media":2280,"comment_status":"open","ping_status":"closed","template":"","meta":{"_acf_changed":false},"product_cat":[389,348],"product_tag":[],"class_list":{"0":"post-2276","1":"product","2":"type-product","3":"status-publish","4":"has-post-thumbnail","6":"product_cat-duc-dong","7":"product_cat-thiet-bi-co-khi","9":"first","10":"instock","11":"shipping-taxable","12":"product-type-simple"},"acf":[],"_links":{"self":[{"href":"https:\/\/b2c.fairs.vn\/en\/wp-json\/wp\/v2\/product\/2276","targetHints":{"allow":["GET"]}}],"collection":[{"href":"https:\/\/b2c.fairs.vn\/en\/wp-json\/wp\/v2\/product"}],"about":[{"href":"https:\/\/b2c.fairs.vn\/en\/wp-json\/wp\/v2\/types\/product"}],"replies":[{"embeddable":true,"href":"https:\/\/b2c.fairs.vn\/en\/wp-json\/wp\/v2\/comments?post=2276"}],"version-history":[{"count":0,"href":"https:\/\/b2c.fairs.vn\/en\/wp-json\/wp\/v2\/product\/2276\/revisions"}],"wp:featuredmedia":[{"embeddable":true,"href":"https:\/\/b2c.fairs.vn\/en\/wp-json\/wp\/v2\/media\/2280"}],"wp:attachment":[{"href":"https:\/\/b2c.fairs.vn\/en\/wp-json\/wp\/v2\/media?parent=2276"}],"wp:term":[{"taxonomy":"product_cat","embeddable":true,"href":"https:\/\/b2c.fairs.vn\/en\/wp-json\/wp\/v2\/product_cat?post=2276"},{"taxonomy":"product_tag","embeddable":true,"href":"https:\/\/b2c.fairs.vn\/en\/wp-json\/wp\/v2\/product_tag?post=2276"}],"curies":[{"name":"wp","href":"https:\/\/api.w.org\/{rel}","templated":true}]}}