{"id":2266,"date":"2024-03-19T02:23:58","date_gmt":"2024-03-19T02:23:58","guid":{"rendered":"https:\/\/b2c.fairs.vn\/?post_type=product&#038;p=2266"},"modified":"2024-03-19T02:25:44","modified_gmt":"2024-03-19T02:25:44","slug":"to-yen-chung","status":"publish","type":"product","link":"https:\/\/b2c.fairs.vn\/en\/product\/to-yen-chung\/","title":{"rendered":"T\u1ed5 y\u1ebfn ch\u01b0ng"},"content":{"rendered":"<p><strong>Th\u00e0nh ph\u1ea7n:<\/strong><\/p>\n<ul>\n<li>Y\u1ebfn t\u01b0\u01a1i 7g\/7ml, 40% l\u00e0 y\u1ebfn<\/li>\n<li>\u0110\u00f4ng tr\u00f9ng h\u1ea1 th\u1ea3o<\/li>\n<li>\u0110\u01b0\u1eddng ph\u00e8n, n\u01b0\u1edbc tinh khi\u1ebft<\/li>\n<\/ul>\n<p><strong>T\u00e1c d\u1ee5ng:<\/strong><\/p>\n<p>B\u1ed3i b\u1ed5, t\u0103ng c\u01b0\u1eddng s\u1ee9c kh\u1ecfe<\/p>\n<p><strong>H\u01b0\u1edbng d\u1eabn s\u1eed d\u1ee5ng:<\/strong><\/p>\n<ul>\n<li>D\u00f9ng tr\u1ef1c ti\u1ebfp, l\u1eafc \u0111\u1ec1u tr\u01b0\u1edbc khi u\u1ed1ng<\/li>\n<li>Ngon h\u01a1n khi u\u1ed1ng l\u1ea1nh<\/li>\n<li>S\u1eed d\u1ee5ng h\u1ebft s\u1ea3n ph\u1ea9m ngay khi m\u1edf n\u1eafp<\/li>\n<\/ul>\n<p><strong>NSX &amp; HSD:<\/strong>\u00a0Xem tr\u00ean n\u1eafp h\u0169<\/p>\n<p>&nbsp;<\/p>","protected":false},"excerpt":{"rendered":"<p>Th\u00e0nh ph\u1ea7n: Y\u1ebfn t\u01b0\u01a1i 7g\/7ml, 40% l\u00e0 y\u1ebfn \u0110\u00f4ng tr\u00f9ng h\u1ea1 th\u1ea3o \u0110\u01b0\u1eddng ph\u00e8n, n\u01b0\u1edbc tinh khi\u1ebft T\u00e1c d\u1ee5ng: B\u1ed3i<\/p>","protected":false},"featured_media":2271,"comment_status":"open","ping_status":"closed","template":"","meta":{"_acf_changed":false},"product_cat":[22],"product_tag":[],"class_list":{"0":"post-2266","1":"product","2":"type-product","3":"status-publish","4":"has-post-thumbnail","6":"product_cat-sanphamthucpham","8":"first","9":"instock","10":"shipping-taxable","11":"product-type-simple"},"acf":[],"_links":{"self":[{"href":"https:\/\/b2c.fairs.vn\/en\/wp-json\/wp\/v2\/product\/2266","targetHints":{"allow":["GET"]}}],"collection":[{"href":"https:\/\/b2c.fairs.vn\/en\/wp-json\/wp\/v2\/product"}],"about":[{"href":"https:\/\/b2c.fairs.vn\/en\/wp-json\/wp\/v2\/types\/product"}],"replies":[{"embeddable":true,"href":"https:\/\/b2c.fairs.vn\/en\/wp-json\/wp\/v2\/comments?post=2266"}],"version-history":[{"count":0,"href":"https:\/\/b2c.fairs.vn\/en\/wp-json\/wp\/v2\/product\/2266\/revisions"}],"wp:featuredmedia":[{"embeddable":true,"href":"https:\/\/b2c.fairs.vn\/en\/wp-json\/wp\/v2\/media\/2271"}],"wp:attachment":[{"href":"https:\/\/b2c.fairs.vn\/en\/wp-json\/wp\/v2\/media?parent=2266"}],"wp:term":[{"taxonomy":"product_cat","embeddable":true,"href":"https:\/\/b2c.fairs.vn\/en\/wp-json\/wp\/v2\/product_cat?post=2266"},{"taxonomy":"product_tag","embeddable":true,"href":"https:\/\/b2c.fairs.vn\/en\/wp-json\/wp\/v2\/product_tag?post=2266"}],"curies":[{"name":"wp","href":"https:\/\/api.w.org\/{rel}","templated":true}]}}