{"id":2263,"date":"2024-03-19T02:21:45","date_gmt":"2024-03-19T02:21:45","guid":{"rendered":"https:\/\/b2c.fairs.vn\/?post_type=product&#038;p=2263"},"modified":"2024-04-10T13:34:35","modified_gmt":"2024-04-10T06:34:35","slug":"yen-sao","status":"publish","type":"product","link":"https:\/\/b2c.fairs.vn\/en\/product\/yen-sao\/","title":{"rendered":"Y\u1ebfn s\u00e0o"},"content":{"rendered":"<p><strong>Y\u1ebfn s\u00e0o<\/strong>\u00a0c\u00f3 hi\u1ec7u qu\u1ea3 t\u1ed1t nh\u1ea5t khi \u0111\u01b0\u1ee3c \u0111em \u0111i ch\u01b0ng c\u00e1ch th\u1ee7y ch\u1ee9 kh\u00f4ng \u0111\u01b0\u1ee3c n\u1ea5u tr\u1ef1c ti\u1ebfp ho\u1eb7c \u0111\u1ec3 s\u00f4i \u1edf nhi\u1ec7t \u0111\u1ed9 100 \u0111\u1ed9 C.<\/p>\n<p>Y\u1ebfn s\u00e0o ch\u1ec9 n\u00ean \u0111\u01b0\u1ee3c ch\u1ebf bi\u1ebfn \u1edf nhi\u1ec7t \u0111\u1ed9 v\u1eeba ph\u1ea3i.<\/p>\n<p>Nh\u1eefng b\u1ec7nh nh\u00e2n m\u1eafc r\u1ed1i lo\u1ea1n \u0111\u01b0\u1eddng huy\u1ebft nh\u01b0 \u0111\u00e1i th\u00e1o \u0111\u01b0\u1eddng hay vi\u00eam t\u1ee5y c\u1ea7n h\u1ea1n ch\u1ebf \u0103n y\u1ebfn s\u00e0o ho\u1eb7c xin \u00fd ki\u1ebfn c\u1ee7a b\u00e1c s\u0129.<\/p>\n<p><strong>Nguy\u00ean li\u1ec7u:<\/strong><\/p>\n<p>T\u1ed5 Y\u1ebfn (nguy\u00ean ch\u1ea5t 100%) \u0111\u00e3 l\u00e0m s\u1ea1ch l\u00f4ng v\u00e0 t\u1ea1p ch\u1ea5t<\/p>\n<p><strong>C\u00e1ch th\u1ef1c hi\u1ec7n:<\/strong><\/p>\n<p>B1: Ng\u00e2m y\u1ebfn s\u00e0o trong n\u01b0\u1edbc ch\u1edd 20-30 ph\u00fat cho s\u1ee3i y\u1ebfn n\u1edf ra. D\u00f9ng r\u00e2y \u0111\u1ec3 l\u1ecdc y\u1ebfn \u0111\u00e3 ng\u00e2m v\u00e0 cho v\u00e0o ch\u00e9n, cho n\u01b0\u1edbc ng\u1eadp m\u1eb7t r\u1ed3i b\u1eaft \u0111\u1ea7u ch\u01b0ng<\/p>\n<p>B2: Sau khi n\u01b0\u1edbc s\u00f4i, ch\u01b0ng c\u00e1ch th\u1ee7y t\u1ed5 y\u1ebfn trong v\u00f2ng 25 ph\u00fat ho\u1eb7c ch\u01b0ng n\u1ed3i ch\u01b0ng chuy\u00ean d\u1ee5ng 45-60 ph\u00fat. N\u00eam n\u1ebfm \u0111\u01b0\u1eddng ph\u00e8n t\u00f9y kh\u1ea9u v\u1ecb 5 ph\u00fat tr\u01b0\u1edbc khi t\u1eaft b\u1ebfp. Y\u1ebfn n\u1edf \u0111\u1ec1u trong, c\u00f3 m\u00f9i \u0111\u1eb7c tr\u01b0ng.<\/p>\n<p><strong>C\u00e1ch d\u00f9ng:<\/strong><\/p>\n<p>1 t\u1ed5 y\u1ebfn tinh ch\u1ebf; n\u01b0\u1edbc; \u0111\u01b0\u1eddng ph\u00e8n (t\u00e1o \u0111\u1ecf, h\u1ea1t sen, \u0111\u00f4ng tr\u00f9ng, h\u1ea1t chia,..)<\/p>\n<p><strong>C\u00e1ch b\u1ea3o qu\u1ea3n:<\/strong><\/p>\n<p>\u0110\u1ec3 n\u01a1i kh\u00f4 m\u00e1t, tr\u00e1nh \u00e1nh n\u1eafng tr\u1ef1c ti\u1ebfp. C\u00f3 th\u1ec3 b\u1ea3o quan trong ng\u0103n m\u00e1t t\u1ee7 l\u1ea1nh<\/p>","protected":false},"excerpt":{"rendered":"<p>Y\u1ebfn s\u00e0o\u00a0c\u00f3 hi\u1ec7u qu\u1ea3 t\u1ed1t nh\u1ea5t khi \u0111\u01b0\u1ee3c \u0111em \u0111i ch\u01b0ng c\u00e1ch th\u1ee7y ch\u1ee9 kh\u00f4ng \u0111\u01b0\u1ee3c n\u1ea5u tr\u1ef1c ti\u1ebfp ho\u1eb7c<\/p>","protected":false},"featured_media":2264,"comment_status":"open","ping_status":"closed","template":"","meta":{"_acf_changed":false},"product_cat":[22],"product_tag":[],"class_list":{"0":"post-2263","1":"product","2":"type-product","3":"status-publish","4":"has-post-thumbnail","6":"product_cat-sanphamthucpham","8":"first","9":"instock","10":"shipping-taxable","11":"product-type-simple"},"acf":[],"_links":{"self":[{"href":"https:\/\/b2c.fairs.vn\/en\/wp-json\/wp\/v2\/product\/2263","targetHints":{"allow":["GET"]}}],"collection":[{"href":"https:\/\/b2c.fairs.vn\/en\/wp-json\/wp\/v2\/product"}],"about":[{"href":"https:\/\/b2c.fairs.vn\/en\/wp-json\/wp\/v2\/types\/product"}],"replies":[{"embeddable":true,"href":"https:\/\/b2c.fairs.vn\/en\/wp-json\/wp\/v2\/comments?post=2263"}],"version-history":[{"count":0,"href":"https:\/\/b2c.fairs.vn\/en\/wp-json\/wp\/v2\/product\/2263\/revisions"}],"wp:featuredmedia":[{"embeddable":true,"href":"https:\/\/b2c.fairs.vn\/en\/wp-json\/wp\/v2\/media\/2264"}],"wp:attachment":[{"href":"https:\/\/b2c.fairs.vn\/en\/wp-json\/wp\/v2\/media?parent=2263"}],"wp:term":[{"taxonomy":"product_cat","embeddable":true,"href":"https:\/\/b2c.fairs.vn\/en\/wp-json\/wp\/v2\/product_cat?post=2263"},{"taxonomy":"product_tag","embeddable":true,"href":"https:\/\/b2c.fairs.vn\/en\/wp-json\/wp\/v2\/product_tag?post=2263"}],"curies":[{"name":"wp","href":"https:\/\/api.w.org\/{rel}","templated":true}]}}