{"id":2243,"date":"2024-03-19T02:11:14","date_gmt":"2024-03-19T02:11:14","guid":{"rendered":"https:\/\/b2c.fairs.vn\/?post_type=product&#038;p=2243"},"modified":"2024-03-19T02:11:14","modified_gmt":"2024-03-19T02:11:14","slug":"tinh-bot-nghe-huu-co-lo-200g","status":"publish","type":"product","link":"https:\/\/b2c.fairs.vn\/en\/product\/tinh-bot-nghe-huu-co-lo-200g\/","title":{"rendered":"Tinh b\u1ed9t ngh\u1ec7 h\u1eefu c\u01a1 l\u1ecd 200g"},"content":{"rendered":"<p>Tinh b\u1ed9t ngh\u1ec7 h\u1eefu c\u01a1 Thanh T\u00f9ng NB \u0111\u01b0\u1ee3c chi\u1ebft su\u1ea5t t\u1eeb c\u1ee7 ngh\u1ec7 t\u01b0\u01a1i nguy\u00ean ch\u1ea5t\u00a0100%\u00a0gi\u1ed1ng ngh\u1ec7 ta thu\u1ea7n b\u1ea3n \u0111\u1ecba tr\u1ed3ng t\u1ea1i v\u00f9ng \u0111\u1ed3i r\u1eebng C\u00fac Ph\u01b0\u01a1ng Ninh B\u00ecnh theo ti\u00eau chu\u1ea9n h\u1eefu c\u01a1 Organic.<\/p>\n<p>C\u00f4ng d\u1ee5ng: H\u1ed7 tr\u1ee3 \u0111i\u1ec1u tr\u1ecb b\u1ec7nh v\u1ec1 vi\u00eam lo\u00e9t d\u1ea1 d\u00e0y, t\u00e1 tr\u00e0ng; Ph\u00f2ng ng\u1eeba ung th\u01b0, c\u00e1c b\u1ec7nh tim m\u1ea1ch; H\u1ed7 tr\u1ee3 l\u00e0m \u0111\u1eb9p da; t\u1ed1t cho ph\u1ee5 n\u1eef sau sinh gi\u00fap mau l\u00e0nh v\u1ebft th\u01b0\u01a1ng, h\u1ed3i ph\u1ee5c s\u1ee9c kh\u1ecfe; t\u0103ng c\u01b0\u1eddng h\u1ec7 mi\u1ec5n d\u1ecbch.<\/p>\n<p>H\u01b0\u1edbng d\u1eabn s\u1eed d\u1ee5ng Tinh b\u1ed9t ngh\u1ec7:<\/p>\n<p>&#8211; H\u00f2a 1 th\u00eca tinh b\u1ed9t ngh\u1ec7 v\u1edbi n\u01b0\u1edbc \u1ea5m &amp; m\u1eadt ong, u\u1ed1ng ng\u00e0y 1 l\u1ea7n v\u00e0o m\u1ed7i bu\u1ed5i s\u00e1ng tr\u01b0\u1edbc khi \u0103n v\u00e0 u\u1ed1ng 2 l\u1ea7n\/ ng\u00e0y \u0111\u1ed1i v\u1edbi ph\u1ee5 n\u1eef sau sinh.<\/p>\n<p>&#8211; C\u00f3 th\u1ec3 d\u00f9ng \u0111\u1eafp m\u1eb7t n\u1ea1 d\u01b0\u1ee1ng da 2-3 l\u1ea7n\/tu\u1ea7n.<\/p>\n<p>B\u1ea3o qu\u1ea3n: \u0110\u1eady k\u00edn sau khi s\u1eed d\u1ee5ng, \u0111\u1ec3 n\u01a1i kh\u00f4 r\u00e1o, tr\u00e1nh \u00e1nh s\u00e1ng tr\u1ef1c ti\u1ebfp<\/p>","protected":false},"excerpt":{"rendered":"<p>Tinh b\u1ed9t ngh\u1ec7 h\u1eefu c\u01a1 Thanh T\u00f9ng NB \u0111\u01b0\u1ee3c chi\u1ebft su\u1ea5t t\u1eeb c\u1ee7 ngh\u1ec7 t\u01b0\u01a1i nguy\u00ean ch\u1ea5t\u00a0100%\u00a0gi\u1ed1ng ngh\u1ec7 ta thu\u1ea7n<\/p>","protected":false},"featured_media":2245,"comment_status":"open","ping_status":"closed","template":"","meta":{"_acf_changed":false},"product_cat":[22],"product_tag":[],"class_list":{"0":"post-2243","1":"product","2":"type-product","3":"status-publish","4":"has-post-thumbnail","6":"product_cat-sanphamthucpham","8":"first","9":"instock","10":"shipping-taxable","11":"product-type-simple"},"acf":[],"_links":{"self":[{"href":"https:\/\/b2c.fairs.vn\/en\/wp-json\/wp\/v2\/product\/2243","targetHints":{"allow":["GET"]}}],"collection":[{"href":"https:\/\/b2c.fairs.vn\/en\/wp-json\/wp\/v2\/product"}],"about":[{"href":"https:\/\/b2c.fairs.vn\/en\/wp-json\/wp\/v2\/types\/product"}],"replies":[{"embeddable":true,"href":"https:\/\/b2c.fairs.vn\/en\/wp-json\/wp\/v2\/comments?post=2243"}],"version-history":[{"count":0,"href":"https:\/\/b2c.fairs.vn\/en\/wp-json\/wp\/v2\/product\/2243\/revisions"}],"wp:featuredmedia":[{"embeddable":true,"href":"https:\/\/b2c.fairs.vn\/en\/wp-json\/wp\/v2\/media\/2245"}],"wp:attachment":[{"href":"https:\/\/b2c.fairs.vn\/en\/wp-json\/wp\/v2\/media?parent=2243"}],"wp:term":[{"taxonomy":"product_cat","embeddable":true,"href":"https:\/\/b2c.fairs.vn\/en\/wp-json\/wp\/v2\/product_cat?post=2243"},{"taxonomy":"product_tag","embeddable":true,"href":"https:\/\/b2c.fairs.vn\/en\/wp-json\/wp\/v2\/product_tag?post=2243"}],"curies":[{"name":"wp","href":"https:\/\/api.w.org\/{rel}","templated":true}]}}