{"id":2236,"date":"2024-03-19T02:03:46","date_gmt":"2024-03-19T02:03:46","guid":{"rendered":"https:\/\/b2c.fairs.vn\/?post_type=product&#038;p=2236"},"modified":"2024-03-19T02:03:46","modified_gmt":"2024-03-19T02:03:46","slug":"tinh-bot-san-day-huu-co-1kg","status":"publish","type":"product","link":"https:\/\/b2c.fairs.vn\/en\/product\/tinh-bot-san-day-huu-co-1kg\/","title":{"rendered":"Tinh b\u1ed9t s\u1eafn d\u00e2y H\u1eefu c\u01a1 1kg"},"content":{"rendered":"<p><strong>&#8211; Th\u00e0nh ph\u1ea7n:<\/strong>\u00a0100% Tinh b\u1ed9t s\u1eafn d\u00e2y H\u1eefu c\u01a1 Thanh T\u00f9ng NB \u0111\u01b0\u1ee3c chi\u1ebft su\u1ea5t t\u1eeb c\u1ee7 s\u1eafn d\u00e2y gi\u1ed1ng ta thu\u1ea7n b\u1ea3n \u0111\u1ecba tr\u1ed3ng t\u1ea1i v\u00f9ng \u0111\u1ed3i r\u1eebng nguy\u00ean sinh C\u00fac Ph\u01b0\u01a1ng Ninh B\u00ecnh theo ti\u00eau chu\u1ea9n h\u1eefu c\u01a1 Organic. S\u1ea3n ph\u1ea9m \u0111\u00e3 \u0111\u1ea1t ch\u1ee9ng nh\u1eadn ti\u00eau chu\u1ea9n OCOP<\/p>\n<p><strong>&#8211; C\u00f4ng d\u1ee5ng:<\/strong>\u00a0Thanh nhi\u1ec7t, gi\u1ea3i \u0111\u1ed9c gan, gi\u1ea3i r\u01b0\u1ee3u; Th\u00f4ng \u0111\u1ea1i ti\u1ec3u ti\u1ec7n; L\u00e0m \u0111\u1eb9p tr\u1ecb m\u1ee5n; T\u0103ng s\u1ee9c \u0111\u1ec1 kh\u00e1ng b\u1ed3i b\u1ed5 c\u01a1 th\u1ec3.<\/p>\n<p><strong>&#8211; H\u01b0\u1edbng d\u1eabn s\u1eed d\u1ee5ng:<\/strong>\u00a0Cho 02 mu\u1ed7ng tinh b\u1ed9t s\u1eafn d\u00e2y v\u1edbi 200 ml n\u01b0\u1edbc \u1ea5m (ho\u1eb7c l\u1ea1nh) b\u1ea1n c\u00f3 th\u1ec3 cho th\u00eam m\u1ed9t \u00edt \u0111\u01b0\u1eddng khu\u1ea5y \u0111\u1ec1u cho tan h\u1ebft ho\u1eb7c n\u1ea5u ch\u00edn t\u00f9y th\u00edch.<\/p>\n<p><strong>&#8211; B\u1ea3o qu\u1ea3n:<\/strong>\u00a0\u0110\u1ec3 n\u01a1i kh\u00f4 r\u00e1o, tho\u00e1ng m\u00e1t, tr\u00e1nh \u00e1nh n\u1eafng tr\u1ef1c ti\u1ebfp. \u0110\u00f3ng k\u00edn sau m\u1ed7i l\u1ea7n s\u1eed d\u1ee5ng.<\/p>","protected":false},"excerpt":{"rendered":"<p>&#8211; Th\u00e0nh ph\u1ea7n:\u00a0100% Tinh b\u1ed9t s\u1eafn d\u00e2y H\u1eefu c\u01a1 Thanh T\u00f9ng NB \u0111\u01b0\u1ee3c chi\u1ebft su\u1ea5t t\u1eeb c\u1ee7 s\u1eafn d\u00e2y gi\u1ed1ng<\/p>","protected":false},"featured_media":2237,"comment_status":"open","ping_status":"closed","template":"","meta":{"_acf_changed":false},"product_cat":[22],"product_tag":[],"class_list":{"0":"post-2236","1":"product","2":"type-product","3":"status-publish","4":"has-post-thumbnail","6":"product_cat-sanphamthucpham","8":"first","9":"instock","10":"shipping-taxable","11":"product-type-simple"},"acf":[],"_links":{"self":[{"href":"https:\/\/b2c.fairs.vn\/en\/wp-json\/wp\/v2\/product\/2236","targetHints":{"allow":["GET"]}}],"collection":[{"href":"https:\/\/b2c.fairs.vn\/en\/wp-json\/wp\/v2\/product"}],"about":[{"href":"https:\/\/b2c.fairs.vn\/en\/wp-json\/wp\/v2\/types\/product"}],"replies":[{"embeddable":true,"href":"https:\/\/b2c.fairs.vn\/en\/wp-json\/wp\/v2\/comments?post=2236"}],"version-history":[{"count":0,"href":"https:\/\/b2c.fairs.vn\/en\/wp-json\/wp\/v2\/product\/2236\/revisions"}],"wp:featuredmedia":[{"embeddable":true,"href":"https:\/\/b2c.fairs.vn\/en\/wp-json\/wp\/v2\/media\/2237"}],"wp:attachment":[{"href":"https:\/\/b2c.fairs.vn\/en\/wp-json\/wp\/v2\/media?parent=2236"}],"wp:term":[{"taxonomy":"product_cat","embeddable":true,"href":"https:\/\/b2c.fairs.vn\/en\/wp-json\/wp\/v2\/product_cat?post=2236"},{"taxonomy":"product_tag","embeddable":true,"href":"https:\/\/b2c.fairs.vn\/en\/wp-json\/wp\/v2\/product_tag?post=2236"}],"curies":[{"name":"wp","href":"https:\/\/api.w.org\/{rel}","templated":true}]}}